{"id":1205,"date":"2016-09-16T07:37:22","date_gmt":"2016-09-16T07:37:22","guid":{"rendered":"https:\/\/www.semioconsult.com\/accueil\/"},"modified":"2026-03-18T13:59:11","modified_gmt":"2026-03-18T12:59:11","slug":"home","status":"publish","type":"page","link":"https:\/\/www.semioconsult.com\/en\/","title":{"rendered":"Home"},"content":{"rendered":"<p>[vc_row container=&#8221;1&#8243; el_class=&#8221;main-slider&#8221;][vc_column]\n\t\t\t<!-- START Home REVOLUTION SLIDER 6.6.8 --><p class=\"rs-p-wp-fix\"><\/p>\n\t\t\t<rs-module-wrap id=\"rev_slider_1_1_wrapper\" data-source=\"gallery\" style=\"visibility:hidden;background:transparent;padding:0;\">\n\t\t\t\t<rs-module id=\"rev_slider_1_1\" style=\"\" data-version=\"6.6.8\">\n\t\t\t\t\t<rs-slides style=\"overflow: hidden; position: absolute;\">\n\t\t\t\t\t\t<rs-slide style=\"position: absolute;\" data-key=\"rs-11\" data-title=\"Slide\" data-anim=\"adpr:false;\" data-in=\"o:0;\" data-out=\"a:false;\">\n\t\t\t\t\t\t\t<img decoding=\"async\" src=\"\/\/www.semioconsult.com\/wp-content\/plugins\/revslider\/public\/assets\/assets\/dummy.png\" alt=\"\" title=\"Home\" class=\"rev-slidebg tp-rs-img rs-lazyload\" data-lazyload=\"\/\/www.semioconsult.com\/wp-content\/uploads\/2020\/03\/Image-Se\u0301mioConsult-e1585658579255.png\" data-no-retina>\n<!--\n\t\t\t\t\t\t\t--><h1\n\t\t\t\t\t\t\t\tid=\"slider-1-slide-11-layer-3\" \n\t\t\t\t\t\t\t\tclass=\"rs-layer\"\n\t\t\t\t\t\t\t\tdata-type=\"text\"\n\t\t\t\t\t\t\t\tdata-color=\"rgba(255, 255, 255, 1)\"\n\t\t\t\t\t\t\t\tdata-rsp_ch=\"on\"\n\t\t\t\t\t\t\t\tdata-xy=\"x:l,l,l,c;xo:100px,100px,100px,0;y:m;\"\n\t\t\t\t\t\t\t\tdata-text=\"w:nowrap,nowrap,nowrap,normal;s:54,54,42,36;l:74,74,74,36;fw:600;a:left,left,left,center;\"\n\t\t\t\t\t\t\t\tdata-dim=\"w:auto,auto,auto,90%;\"\n\t\t\t\t\t\t\t\tdata-frame_0=\"y:-100%;o:1;\"\n\t\t\t\t\t\t\t\tdata-frame_0_mask=\"u:t;\"\n\t\t\t\t\t\t\t\tdata-frame_1=\"st:500;sp:1500;sR:500;\"\n\t\t\t\t\t\t\t\tdata-frame_1_mask=\"u:t;\"\n\t\t\t\t\t\t\t\tdata-frame_999=\"o:0;e:nothing;st:w;sR:7000;\"\n\t\t\t\t\t\t\t\tstyle=\"z-index:6;font-family:'Poppins';\"\n\t\t\t\t\t\t\t>Welcome to S\u00e9mioConsult\u00ae<br\/> \n\t\t\t\t\t\t\t<\/h1><!--\n\n\t\t\t\t\t\t\t--><rs-layer\n\t\t\t\t\t\t\t\tid=\"slider-1-slide-11-layer-5\" \n\t\t\t\t\t\t\t\tdata-type=\"text\"\n\t\t\t\t\t\t\t\tdata-color=\"rgba(255, 255, 255, 1)\"\n\t\t\t\t\t\t\t\tdata-rsp_ch=\"on\"\n\t\t\t\t\t\t\t\tdata-xy=\"x:l,l,l,c;xo:100px,100px,100px,0;y:m;yo:-129px;\"\n\t\t\t\t\t\t\t\tdata-text=\"l:22;\"\n\t\t\t\t\t\t\t\tdata-frame_0=\"y:100%;\"\n\t\t\t\t\t\t\t\tdata-frame_1=\"e:power4.inOut;st:500;sp:2000;sR:500;\"\n\t\t\t\t\t\t\t\tdata-frame_999=\"o:0;e:nothing;st:w;sR:6500;\"\n\t\t\t\t\t\t\t\tstyle=\"z-index:7;font-family:'Roboto';\"\n\t\t\t\t\t\t\t>KNOW YOUR CLIENTS. STYLE YOUR BRAND. \n\t\t\t\t\t\t\t<\/rs-layer><!--\n\n\t\t\t\t\t\t\t--><rs-layer\n\t\t\t\t\t\t\t\tid=\"slider-1-slide-11-layer-10\" \n\t\t\t\t\t\t\t\tclass=\"tp-shape tp-shapewrapper rs-noevents\"\n\t\t\t\t\t\t\t\tdata-type=\"shape\"\n\t\t\t\t\t\t\t\tdata-rsp_ch=\"on\"\n\t\t\t\t\t\t\t\tdata-text=\"a:inherit;\"\n\t\t\t\t\t\t\t\tdata-dim=\"w:100%;h:100%;\"\n\t\t\t\t\t\t\t\tdata-basealign=\"slide\"\n\t\t\t\t\t\t\t\tdata-frame_1=\"sR:10;\"\n\t\t\t\t\t\t\t\tdata-frame_999=\"o:0;st:w;sR:8690;\"\n\t\t\t\t\t\t\t\tstyle=\"z-index:5;background-color:rgba(0,0,0,0.5);\"\n\t\t\t\t\t\t\t> \n\t\t\t\t\t\t\t<\/rs-layer><!--\n\n\t\t\t\t\t\t\t--><a\n\t\t\t\t\t\t\t\tid=\"slider-1-slide-11-layer-12\" \n\t\t\t\t\t\t\t\tclass=\"rs-layer rev-btn\"\n\t\t\t\t\t\t\t\thref=\"https:\/\/www.semioconsult.com\/en\/contact\/\" target=\"_self\"\n\t\t\t\t\t\t\t\tdata-type=\"button\"\n\t\t\t\t\t\t\t\tdata-color=\"rgba(255,255,255,1)\"\n\t\t\t\t\t\t\t\tdata-xy=\"xo:100px,100px,100px,20px;y:m;yo:150px;\"\n\t\t\t\t\t\t\t\tdata-text=\"s:17;l:17;fw:500;a:inherit;\"\n\t\t\t\t\t\t\t\tdata-rsp_bd=\"off\"\n\t\t\t\t\t\t\t\tdata-padding=\"t:12;r:35;b:12;l:35;\"\n\t\t\t\t\t\t\t\tdata-border=\"bos:solid;boc:#213076;bow:2px,2px,2px,2px;\"\n\t\t\t\t\t\t\t\tdata-frame_1=\"st:1700;sR:1700;\"\n\t\t\t\t\t\t\t\tdata-frame_999=\"o:0;st:w;sR:7000;\"\n\t\t\t\t\t\t\t\tdata-frame_hover=\"c:#000;bgc:#fff;boc:#000;bor:0px,0px,0px,0px;bos:solid;bow:2px,2px,2px,2px;oX:50;oY:50;sp:0;e:none;\"\n\t\t\t\t\t\t\t\tstyle=\"z-index:8;background-color:#213076;font-family:'Roboto';cursor:pointer;outline:none;box-shadow:none;box-sizing:border-box;-moz-box-sizing:border-box;-webkit-box-sizing:border-box;\"\n\t\t\t\t\t\t\t>Contact us \n\t\t\t\t\t\t\t<\/a><!--\n\n\t\t\t\t\t\t\t--><a\n\t\t\t\t\t\t\t\tid=\"slider-1-slide-11-layer-13\" \n\t\t\t\t\t\t\t\tclass=\"rs-layer rev-btn\"\n\t\t\t\t\t\t\t\thref=\"https:\/\/www.semioconsult.com\/en\/our-services\/consulting-services\/\" target=\"_self\"\n\t\t\t\t\t\t\t\tdata-type=\"button\"\n\t\t\t\t\t\t\t\tdata-color=\"rgba(255,255,255,1)\"\n\t\t\t\t\t\t\t\tdata-xy=\"x:l,l,l,r;xo:400px,400px,400px,20px;y:m;yo:150px;\"\n\t\t\t\t\t\t\t\tdata-text=\"s:17;l:17;fw:500;a:inherit;\"\n\t\t\t\t\t\t\t\tdata-rsp_bd=\"off\"\n\t\t\t\t\t\t\t\tdata-padding=\"t:12;r:35;b:12;l:35;\"\n\t\t\t\t\t\t\t\tdata-border=\"bos:solid;boc:#ffffff;bow:2px,2px,2px,2px;\"\n\t\t\t\t\t\t\t\tdata-frame_1=\"st:1700;sR:1700;\"\n\t\t\t\t\t\t\t\tdata-frame_999=\"o:0;st:w;sR:7000;\"\n\t\t\t\t\t\t\t\tdata-frame_hover=\"c:#000;bgc:#fff;boc:#000;bor:0px,0px,0px,0px;bos:solid;bow:2px,2px,2px,2px;oX:50;oY:50;sp:0;e:none;\"\n\t\t\t\t\t\t\t\tstyle=\"z-index:9;font-family:'Roboto';cursor:pointer;outline:none;box-shadow:none;box-sizing:border-box;-moz-box-sizing:border-box;-webkit-box-sizing:border-box;\"\n\t\t\t\t\t\t\t>Learn more \n\t\t\t\t\t\t\t<\/a><!--\n-->\t\t\t\t\t\t<\/rs-slide>\n\t\t\t\t\t<\/rs-slides>\n\t\t\t\t<\/rs-module>\n\t\t\t\t<script>\n\t\t\t\t\tsetREVStartSize({c: 'rev_slider_1_1',rl:[1240,1024,778,480],el:[950,600,700,700],gw:[1200,1024,778,520],gh:[950,600,700,700],type:'hero',justify:'',layout:'fullscreen',offsetContainer:'',offset:'',mh:\"0\"});if (window.RS_MODULES!==undefined && window.RS_MODULES.modules!==undefined && window.RS_MODULES.modules[\"revslider11\"]!==undefined) {window.RS_MODULES.modules[\"revslider11\"].once = false;window.revapi1 = undefined;if (window.RS_MODULES.checkMinimal!==undefined) window.RS_MODULES.checkMinimal()}\n\t\t\t\t<\/script>\n\t\t\t<\/rs-module-wrap>\n\t\t\t<!-- END REVOLUTION SLIDER -->\n[\/vc_column][\/vc_row][vc_row full_width=&#8221;stretch_row&#8221; equal_height=&#8221;yes&#8221; content_placement=&#8221;middle&#8221; css=&#8221;.vc_custom_1579608935932{padding-top: 80px !important;padding-bottom: 80px !important;background-color: #ffffff !important;}&#8221;][vc_column width=&#8221;1\/2&#8243; css=&#8221;.vc_custom_1574954643949{padding-right: 60px !important;padding-left: 60px !important;}&#8221;][vc_single_image image=&#8221;2520&#8243; img_size=&#8221;full&#8221;][\/vc_column][vc_column width=&#8221;1\/2&#8243;][vc_column_text]<\/p>\n<h2>Welcome to S\u00e9mioConsult \u00ae<\/h2>\n<p>[\/vc_column_text][vc_column_text]<strong><span lang=\"EN-GB\" xml:lang=\"EN-GB\">S\u00e9mioConsult\u00ae<\/span><\/strong> is a consulting firm specialised in corporate and brand strategy. Founded by Anne-Flore MAMAN LARRAUFIE (Ph.D.) on the basis of her academic expertise in brand management strategy and consumer behaviour theory, the firm has an internationally recognised expertise and a fine knowledge of brand management strategy, particularly within the luxury world. The firm is based in Paris, Vichy, Singapore and Venice.<\/p>\n<p>Specialised in brand image management and consumer sociology, S\u00e9mioConsult\u00ae offers comprehensive support to brands from the definition of their identity to the optimisation of the customer experience and the operational deployment of defined strategies. S\u00e9mioConsult\u00ae is also an expert in brand identity management in the face of counterfeiting and in the promotion of Made In France &amp; Made in Italy.<\/p>\n<p>Its client portfolio includes institutional clients and prestigious French and Italian brands, as well as SMEs, entrepreneurs and start-ups.<\/p>\n<p>S\u00e9mioConsult\u00ae also conducts research and publishes articles in academic and specialised journals, some of which are open access.[\/vc_column_text][\/vc_column][\/vc_row][vc_row full_width=&#8221;stretch_row&#8221; equal_height=&#8221;yes&#8221; content_placement=&#8221;middle&#8221; css=&#8221;.vc_custom_1579608935932{padding-top: 80px !important;padding-bottom: 80px !important;background-color: #ffffff !important;}&#8221;][vc_column width=&#8221;1\/2&#8243;][vc_column_text]<\/p>\n<h2>Consulting Services<\/h2>\n<p>[\/vc_column_text][vc_column_text]We help you define your corporate strategy and redesign your brand DNA as well as your customer strategy. We adopt a co-construction approach with all stakeholders to ensure the sustainability of the chosen strategy.<\/p>\n<p>Our recommendations and studies are based on varied and innovative research techniques, mostly qualitative and integrating semiotic tools to give &#8220;meaning&#8221; to your brand. This allows us to collect rich data, which we transform for you into clear and reliable diagnoses associated with relevant, practical and easily implemented solutions.<\/p>\n<p>We support you in the implementation of these solutions to facilitate change, according to your operational needs.[\/vc_column_text][vc_btn title=&#8221;Learn more&#8221; style=&#8221;custom&#8221; custom_background=&#8221;#213076&#8243; custom_text=&#8221;#ffffff&#8221; shape=&#8221;square&#8221; link=&#8221;url:https%3A%2F%2Fwww.semioconsult.com%2Fen%2Four-services%2Fconsulting-services%2F|title:Learn%20more||&#8221; el_class=&#8221;btn-bleu-semioconsult&#8221;][\/vc_column][vc_column width=&#8221;1\/2&#8243; css=&#8221;.vc_custom_1574954643949{padding-right: 60px !important;padding-left: 60px !important;}&#8221;][vc_single_image image=&#8221;2526&#8243; img_size=&#8221;full&#8221;][\/vc_column][\/vc_row][vc_row full_width=&#8221;stretch_row&#8221; equal_height=&#8221;yes&#8221; content_placement=&#8221;middle&#8221; css=&#8221;.vc_custom_1579608935932{padding-top: 80px !important;padding-bottom: 80px !important;background-color: #ffffff !important;}&#8221;][vc_column width=&#8221;1\/2&#8243; css=&#8221;.vc_custom_1574954643949{padding-right: 60px !important;padding-left: 60px !important;}&#8221;][vc_single_image image=&#8221;1049&#8243; img_size=&#8221;full&#8221;][\/vc_column][vc_column width=&#8221;1\/2&#8243;][vc_column_text]<\/p>\n<h2>Our Trainings and Conferences<\/h2>\n<p>[\/vc_column_text][vc_column_text]Because the collaborators of a company are its first customers and the key players in the success of its strategy, S\u00e9mioConsult was quickly led to deploy tailor-made trainings for executives or collaborators in the field, upstream \/ downstream \/ in addition to an consulting mission, or more simply as independent professional training.<\/p>\n<p>S\u00e9mioConsult is an approved professional training organization, and offers all types of trainings in various formats: conferences, workshops or regular courses. The subjects that can be tackled are in line with our expertise: Sociology of consumption, Customer-oriented strategy, Strategic \/ operational brand management, Marketing Management, Cultural aspects and consumption, Study methodology, Semiotics, etc.[\/vc_column_text][vc_btn title=&#8221;Learn more&#8221; style=&#8221;custom&#8221; custom_background=&#8221;#213076&#8243; custom_text=&#8221;#ffffff&#8221; shape=&#8221;square&#8221; link=&#8221;url:https%3A%2F%2Fwww.semioconsult.com%2Fen%2Four-services%2Four-trainings-and-conferences%2F|title:En%20savoir%20plus||&#8221; el_class=&#8221;btn-bleu-semioconsult&#8221;][\/vc_column][\/vc_row][vc_row][vc_column width=&#8221;1\/4&#8243;][\/vc_column][vc_column width=&#8221;1\/2&#8243;][vc_column_text]<\/p>\n<p style=\"text-align: center;\"><span class=\"Y2IQFc\" lang=\"en\">\u201cThe upstream approach of S\u00e9mioConsult consists in going back to the foundations of the brand, to its DNA, then to project it in an evolving competitive environment to define the \u201cright\u201d essence of the brand. This essence gains strength thanks to the methodology of S\u00e9mioConsult which allows it to be cascaded over the entire strategy of the company in an implacable logic and a congruence that is so lacking in many brands.&#8221;<br \/>\nQuentin Desurmont<\/span>[\/vc_column_text][\/vc_column][vc_column width=&#8221;1\/4&#8243;][\/vc_column][\/vc_row][vc_row][vc_column width=&#8221;1\/4&#8243;][\/vc_column][vc_column width=&#8221;1\/4&#8243;][vc_single_image image=&#8221;3672&#8243; img_size=&#8221;medium&#8221;][\/vc_column][vc_column width=&#8221;1\/4&#8243;][vc_empty_space height=&#8221;90px&#8221;][vc_btn title=&#8221;They talk about us&#8221; style=&#8221;custom&#8221; custom_background=&#8221;#213076&#8243; custom_text=&#8221;#ffffff&#8221; shape=&#8221;square&#8221; align=&#8221;left&#8221; link=&#8221;url:https%3A%2F%2Fwww.semioconsult.com%2Fen%2Freferences%2F|title:They%20talk%20about%20us||&#8221; el_class=&#8221;btn-bleu-semioconsult&#8221;][\/vc_column][vc_column width=&#8221;1\/4&#8243;][\/vc_column][\/vc_row]<\/p>\n","protected":false},"excerpt":{"rendered":"<p>[vc_row container=&#8221;1&#8243; el_class=&#8221;main-slider&#8221;][vc_column][\/vc_column][\/vc_row][vc_row full_width=&#8221;stretch_row&#8221; equal_height=&#8221;yes&#8221; content_placement=&#8221;middle&#8221; css=&#8221;.vc_custom_1579608935932{padding-top: 80px !important;padding-bottom: 80px !important;background-color: #ffffff !important;}&#8221;][vc_column width=&#8221;1\/2&#8243; css=&#8221;.vc_custom_1574954643949{padding-right: 60px !important;padding-left: 60px !important;}&#8221;][vc_single_image image=&#8221;2520&#8243; img_size=&#8221;full&#8221;][\/vc_column][vc_column width=&#8221;1\/2&#8243;][vc_column_text] Welcome to S\u00e9mioConsult \u00ae [\/vc_column_text][vc_column_text]S\u00e9mioConsult\u00ae is a consulting firm specialised in corporate and brand strategy. Founded by Anne-Flore MAMAN LARRAUFIE (Ph.D.) on the basis of her academic expertise in brand management strategy and<\/p>\n","protected":false},"author":1,"featured_media":0,"parent":0,"menu_order":0,"comment_status":"closed","ping_status":"closed","template":"","meta":{"_monsterinsights_skip_tracking":false,"_monsterinsights_sitenote_active":false,"_monsterinsights_sitenote_note":"","_monsterinsights_sitenote_category":0,"footnotes":""},"yoast_head":"<!-- This site is optimized with the Yoast SEO plugin v22.1 - https:\/\/yoast.com\/wordpress\/plugins\/seo\/ -->\n<title>Home - S\u00e9mioConsult<\/title>\n<meta name=\"description\" content=\"Construction de maison bois, \u00e9cologique et bioclimatique. Des maisons saines \u00e0 l&#039;architecture durable, performante et contemporaine \u00e0 Clermont-Ferrand Puy-de-D\u00f4me\" \/>\n<meta name=\"robots\" content=\"index, follow, max-snippet:-1, max-image-preview:large, max-video-preview:-1\" \/>\n<link rel=\"canonical\" href=\"https:\/\/www.semioconsult.com\/en\/\" \/>\n<meta property=\"og:locale\" content=\"en_US\" \/>\n<meta property=\"og:type\" content=\"article\" \/>\n<meta property=\"og:title\" content=\"Home - S\u00e9mioConsult\" \/>\n<meta property=\"og:description\" content=\"Construction de maison bois, \u00e9cologique et bioclimatique. Des maisons saines \u00e0 l&#039;architecture durable, performante et contemporaine \u00e0 Clermont-Ferrand Puy-de-D\u00f4me\" \/>\n<meta property=\"og:url\" content=\"https:\/\/www.semioconsult.com\/en\/\" \/>\n<meta property=\"og:site_name\" content=\"S\u00e9mioConsult\" \/>\n<meta property=\"article:modified_time\" content=\"2026-03-18T12:59:11+00:00\" \/>\n<meta name=\"twitter:card\" content=\"summary_large_image\" \/>\n<meta name=\"twitter:label1\" content=\"Est. reading time\" \/>\n\t<meta name=\"twitter:data1\" content=\"4 minutes\" \/>\n<script type=\"application\/ld+json\" class=\"yoast-schema-graph\">{\"@context\":\"https:\/\/schema.org\",\"@graph\":[{\"@type\":\"WebPage\",\"@id\":\"https:\/\/www.semioconsult.com\/en\/\",\"url\":\"https:\/\/www.semioconsult.com\/en\/\",\"name\":\"Home - S\u00e9mioConsult\",\"isPartOf\":{\"@id\":\"https:\/\/www.semioconsult.com\/#website\"},\"datePublished\":\"2016-09-16T07:37:22+00:00\",\"dateModified\":\"2026-03-18T12:59:11+00:00\",\"description\":\"Construction de maison bois, \u00e9cologique et bioclimatique. Des maisons saines \u00e0 l'architecture durable, performante et contemporaine \u00e0 Clermont-Ferrand Puy-de-D\u00f4me\",\"breadcrumb\":{\"@id\":\"https:\/\/www.semioconsult.com\/en\/#breadcrumb\"},\"inLanguage\":\"en-US\",\"potentialAction\":[{\"@type\":\"ReadAction\",\"target\":[\"https:\/\/www.semioconsult.com\/en\/\"]}]},{\"@type\":\"BreadcrumbList\",\"@id\":\"https:\/\/www.semioconsult.com\/en\/#breadcrumb\",\"itemListElement\":[{\"@type\":\"ListItem\",\"position\":1,\"name\":\"Accueil\",\"item\":\"https:\/\/www.semioconsult.com\/en\/\"},{\"@type\":\"ListItem\",\"position\":2,\"name\":\"Home\"}]},{\"@type\":\"WebSite\",\"@id\":\"https:\/\/www.semioconsult.com\/#website\",\"url\":\"https:\/\/www.semioconsult.com\/\",\"name\":\"S\u00e9mioConsult\",\"description\":\"Cabinet de conseil\",\"publisher\":{\"@id\":\"https:\/\/www.semioconsult.com\/#organization\"},\"potentialAction\":[{\"@type\":\"SearchAction\",\"target\":{\"@type\":\"EntryPoint\",\"urlTemplate\":\"https:\/\/www.semioconsult.com\/?s={search_term_string}\"},\"query-input\":\"required name=search_term_string\"}],\"inLanguage\":\"en-US\"},{\"@type\":\"Organization\",\"@id\":\"https:\/\/www.semioconsult.com\/#organization\",\"name\":\"S\u00e9mioConsult\",\"url\":\"https:\/\/www.semioconsult.com\/\",\"logo\":{\"@type\":\"ImageObject\",\"inLanguage\":\"en-US\",\"@id\":\"https:\/\/www.semioconsult.com\/#\/schema\/logo\/image\/\",\"url\":\"https:\/\/www.semioconsult.com\/wp-content\/uploads\/2020\/01\/logo-semioconsult.png\",\"contentUrl\":\"https:\/\/www.semioconsult.com\/wp-content\/uploads\/2020\/01\/logo-semioconsult.png\",\"width\":1300,\"height\":500,\"caption\":\"S\u00e9mioConsult\"},\"image\":{\"@id\":\"https:\/\/www.semioconsult.com\/#\/schema\/logo\/image\/\"}}]}<\/script>\n<!-- \/ Yoast SEO plugin. -->","yoast_head_json":{"title":"Home - S\u00e9mioConsult","description":"Construction de maison bois, \u00e9cologique et bioclimatique. Des maisons saines \u00e0 l'architecture durable, performante et contemporaine \u00e0 Clermont-Ferrand Puy-de-D\u00f4me","robots":{"index":"index","follow":"follow","max-snippet":"max-snippet:-1","max-image-preview":"max-image-preview:large","max-video-preview":"max-video-preview:-1"},"canonical":"https:\/\/www.semioconsult.com\/en\/","og_locale":"en_US","og_type":"article","og_title":"Home - S\u00e9mioConsult","og_description":"Construction de maison bois, \u00e9cologique et bioclimatique. Des maisons saines \u00e0 l'architecture durable, performante et contemporaine \u00e0 Clermont-Ferrand Puy-de-D\u00f4me","og_url":"https:\/\/www.semioconsult.com\/en\/","og_site_name":"S\u00e9mioConsult","article_modified_time":"2026-03-18T12:59:11+00:00","twitter_card":"summary_large_image","twitter_misc":{"Est. reading time":"4 minutes"},"schema":{"@context":"https:\/\/schema.org","@graph":[{"@type":"WebPage","@id":"https:\/\/www.semioconsult.com\/en\/","url":"https:\/\/www.semioconsult.com\/en\/","name":"Home - S\u00e9mioConsult","isPartOf":{"@id":"https:\/\/www.semioconsult.com\/#website"},"datePublished":"2016-09-16T07:37:22+00:00","dateModified":"2026-03-18T12:59:11+00:00","description":"Construction de maison bois, \u00e9cologique et bioclimatique. Des maisons saines \u00e0 l'architecture durable, performante et contemporaine \u00e0 Clermont-Ferrand Puy-de-D\u00f4me","breadcrumb":{"@id":"https:\/\/www.semioconsult.com\/en\/#breadcrumb"},"inLanguage":"en-US","potentialAction":[{"@type":"ReadAction","target":["https:\/\/www.semioconsult.com\/en\/"]}]},{"@type":"BreadcrumbList","@id":"https:\/\/www.semioconsult.com\/en\/#breadcrumb","itemListElement":[{"@type":"ListItem","position":1,"name":"Accueil","item":"https:\/\/www.semioconsult.com\/en\/"},{"@type":"ListItem","position":2,"name":"Home"}]},{"@type":"WebSite","@id":"https:\/\/www.semioconsult.com\/#website","url":"https:\/\/www.semioconsult.com\/","name":"S\u00e9mioConsult","description":"Cabinet de conseil","publisher":{"@id":"https:\/\/www.semioconsult.com\/#organization"},"potentialAction":[{"@type":"SearchAction","target":{"@type":"EntryPoint","urlTemplate":"https:\/\/www.semioconsult.com\/?s={search_term_string}"},"query-input":"required name=search_term_string"}],"inLanguage":"en-US"},{"@type":"Organization","@id":"https:\/\/www.semioconsult.com\/#organization","name":"S\u00e9mioConsult","url":"https:\/\/www.semioconsult.com\/","logo":{"@type":"ImageObject","inLanguage":"en-US","@id":"https:\/\/www.semioconsult.com\/#\/schema\/logo\/image\/","url":"https:\/\/www.semioconsult.com\/wp-content\/uploads\/2020\/01\/logo-semioconsult.png","contentUrl":"https:\/\/www.semioconsult.com\/wp-content\/uploads\/2020\/01\/logo-semioconsult.png","width":1300,"height":500,"caption":"S\u00e9mioConsult"},"image":{"@id":"https:\/\/www.semioconsult.com\/#\/schema\/logo\/image\/"}}]}},"_links":{"self":[{"href":"https:\/\/www.semioconsult.com\/en\/wp-json\/wp\/v2\/pages\/1205"}],"collection":[{"href":"https:\/\/www.semioconsult.com\/en\/wp-json\/wp\/v2\/pages"}],"about":[{"href":"https:\/\/www.semioconsult.com\/en\/wp-json\/wp\/v2\/types\/page"}],"author":[{"embeddable":true,"href":"https:\/\/www.semioconsult.com\/en\/wp-json\/wp\/v2\/users\/1"}],"replies":[{"embeddable":true,"href":"https:\/\/www.semioconsult.com\/en\/wp-json\/wp\/v2\/comments?post=1205"}],"version-history":[{"count":17,"href":"https:\/\/www.semioconsult.com\/en\/wp-json\/wp\/v2\/pages\/1205\/revisions"}],"predecessor-version":[{"id":5574,"href":"https:\/\/www.semioconsult.com\/en\/wp-json\/wp\/v2\/pages\/1205\/revisions\/5574"}],"wp:attachment":[{"href":"https:\/\/www.semioconsult.com\/en\/wp-json\/wp\/v2\/media?parent=1205"}],"curies":[{"name":"wp","href":"https:\/\/api.w.org\/{rel}","templated":true}]}}