{"id":4746,"date":"2025-02-10T12:38:27","date_gmt":"2025-02-10T11:38:27","guid":{"rendered":"https:\/\/www.semioconsult.com\/?page_id=4746"},"modified":"2025-02-21T17:15:16","modified_gmt":"2025-02-21T16:15:16","slug":"lewis-alice","status":"publish","type":"page","link":"https:\/\/www.semioconsult.com\/en\/our-services\/lewis-alice\/","title":{"rendered":"Lewis &#038; Alice"},"content":{"rendered":"<p>[vc_row el_class=&#8221;highlighted-p&#8221;][vc_column][vc_empty_space][vc_empty_space][vc_single_image image=&#8221;4753&#8243; img_size=&#8221;large&#8221; alignment=&#8221;center&#8221;][vc_empty_space][vc_column_text]<\/p>\n<p style=\"text-align: center;\"><em>And if you could experience a musical moment as in the time of Napoleon III&#8230; perhaps you would discover the clues that inspired one of the most famous novels of that era. We invite you to happily immerse yourself in this universe and let your imagination do the rest.<\/em><\/p>\n<p>[\/vc_column_text][vc_separator][vc_video link=&#8221;https:\/\/www.youtube.com\/watch?v=NI_kGX3gwhA&#8221; el_width=&#8221;60&#8243; align=&#8221;center&#8221;][\/vc_column][\/vc_row][vc_row][vc_column][vc_column_text]<\/p>\n<h2>The artists<\/h2>\n<p>[\/vc_column_text][\/vc_column][\/vc_row][vc_row][vc_column][vc_single_image image=&#8221;4762&#8243; img_size=&#8221;medium&#8221; onclick=&#8221;custom_link&#8221; link=&#8221;http:\/\/www.agenceartistiquecedelle.com\/regis-mengus&#8221;][\/vc_column][\/vc_row][vc_row][vc_column][vc_column_text]<\/p>\n<h4><strong>Regis Mengus<\/strong><\/h4>\n<p>After receiving musical and vocal training from a young age, he was discovered at the age of 17 by Juan-Carlos Moral\u00e8s and joined his singing and lyrical art class at the CNR of Metz. He was noticed by the management of the Op\u00e9ra de Metz, where he was offered numerous roles. At the same time, he performed Zurga (Les P\u00eacheurs des Perles), Malatesta (Don Pasquale), and created the role of Horus (in La L\u00e9gende d\u2019Horus by Mario Salis). He also gave many concerts and recitals in Luxembourg, France, and Germany. Among others, he performed Bach&#8217;s Weihnachtsoratorium, Berlioz&#8217;s L\u2019Enfance du Christ (role of Joseph), and, under the direction of Michel Plasson, Faur\u00e9&#8217;s Requiem.<\/p>\n<p>R\u00e9gis Mengus was then engaged by several French opera houses, including the Op\u00e9ra de Tours, the Op\u00e9ra de Lille, the Th\u00e9\u00e2tre de Caen, and the Op\u00e9ra de Saint-Etienne. He sang the role of Danilo (Die Lustige Witwe) at the Op\u00e9ra de Nice, Lausanne, and Reims, where he also performed the role of Marcello (La Boh\u00e8me). Subsequently, he sang the Clock in L\u2019Enfant et les Sortil\u00e8ges at the Op\u00e9ra de Montpellier, as well as the Husband (Les Mamelles de Tir\u00e9sias) at the Op\u00e9ra de Lausanne.<\/p>\n<p>He later tackled a more lyrical repertoire with roles such as Valentin (Faust) at the Op\u00e9ra de Lausanne, Karnac (Le Roi d\u2019Ys) at the Op\u00e9ra de Saint-Etienne, Sharpless (Madama Butterfly) at the Op\u00e9ra de Reims, the title role in Hamlet at the Op\u00e9ra de Lausanne, and Escamillo (Carmen) at the Op\u00e9ra de Rennes.<\/p>\n<p>More recently, he reprised the role of Marcello (La Boh\u00e8me) at the Op\u00e9ra de Metz, Valentin at the Op\u00e9ra de Massy and Op\u00e9ra de Saint-Etienne, Albert (Werther) at the Op\u00e9ra du Rhin, Sparck (Fantasio) at the Op\u00e9ra de Montpellier, as well as Papageno (Die Zauberfl\u00f6te) at the Op\u00e9ra de Tours, Escamillo (Carmen) at the Op\u00e9ra de Metz, Phanor (La Reine de Saba), the title role of Eugene Onegin at the Op\u00e9ra de Marseille, Ho\u00ebl (Dinorah ou le Pardon de Ploermel) at the Deutsche Oper Berlin, the Husband (Les Mamelles de Tir\u00e9sias) and Ramiro (L\u2019Heure Espagnole) at the Op\u00e9ra d\u2019Oviedo, Schaunard (La Boh\u00e8me) at the Op\u00e9ra de Marseille, the Clock and the Cat (L\u2019Enfant et les Sortil\u00e8ges) at Radio France, Escamillo (Carmen) at the Op\u00e9ra du Rhin, Bill (A Quiet Place) at the Op\u00e9ra National de Paris, Ourias (Mireille) at the Op\u00e9ra de Metz, the Husband (Les Mamelles de Tir\u00e9sias) at the Glyndebourne Festival, the title role of Werther at the Grand Th\u00e9\u00e2tre de Tours, Major Davel (Davel) at the Op\u00e9ra de Lausanne, Papageno (Die Zauberfl\u00f6te) at the Op\u00e9ra de Reims, Danilo (La Veuve Joyeuse) at the Op\u00e9ra de Marseille, and Sanson (The Exterminating Angel) at the Op\u00e9ra National de Paris.<\/p>\n<p>Among his upcoming projects are Danca\u00efre (Carmen) at the San Carlo in Naples and Bretigny (Manon) at the Op\u00e9ra National de Paris.[\/vc_column_text][\/vc_column][\/vc_row][vc_row][vc_column][vc_single_image image=&#8221;4765&#8243; img_size=&#8221;medium&#8221; onclick=&#8221;custom_link&#8221; link=&#8221;http:\/\/www.operadeparis.fr\/artistes\/laetitia-jeanson&#8221;][\/vc_column][\/vc_row][vc_row][vc_column][vc_column_text]<\/p>\n<h4><strong>Laetitia Jenson<\/strong><\/h4>\n<p>At a very young age, Laetitia Mengus began studying piano. She quickly showed great talent, winning over a dozen national competitions by the age of eight. During the winners&#8217; concerts, she played several times on prestigious Parisian stages of the time, such as Salle Gaveau, Salle Cortot, and Maison de la Radio.<\/p>\n<p>At the age of thirteen, she participated in a series of concerts in Hungary, sponsored by the great virtuoso Gyorgy Cziffra, who also enrolled her in the eponymous Foundation aimed at promoting young piano talents. That same year, she performed Beethoven&#8217;s 2nd Concerto with the Orchestre Symphonique de Radio-France in Paris, after winning the Kingdom of Music Competition against nearly a thousand candidates.<\/p>\n<p>In 1986, she entered the National Conservatory of Music in Paris (CNSMP), where she prepared for her Piano Prize alongside future prominent names such as Emmanuel Strosser, Fran\u00e7ois-Fr\u00e9d\u00e9ric Guy, Alexandre Tharaud, and Vanessa Wagner. She left the CNSMP in 1989 with a First Prize in Piano and a First Prize in Chamber Music.<\/p>\n<p>Then, unexpectedly, she turned to lyrical singing in the following years. She studied with Jean-Pierre Blivet, who was at that time the teacher of Natalie Dessay and Laurent Naouri. In 2002, she passed the international competition for the Chorus of the Paris Opera and was hired as a mezzo-soprano. She remained there for many years, while also giving several concerts with her husband, baritone R\u00e9gis Mengus, whom she accompanies on the piano.<\/p>\n<p>Among her upcoming projects is the programming of an original recital: fourteen melodies for voice and piano composed by Laetitia Mengus, inspired by some of Chopin&#8217;s most famous works, set to texts adapted from Baudelaire&#8217;s <em>Les Fleurs du Mal<\/em>.[\/vc_column_text][\/vc_column][\/vc_row][vc_row][vc_column][vc_single_image image=&#8221;4768&#8243; img_size=&#8221;medium&#8221; onclick=&#8221;custom_link&#8221; link=&#8221;http:\/\/laureenstoulig.fr\/&#8221;][\/vc_column][\/vc_row][vc_row][vc_column][vc_column_text]<\/p>\n<h4><b>Laureen Stoulig<\/b><\/h4>\n<p>Laureen Stoulig-Thinnes was born in Creutzwald in 1983 to a Mauritian mother and a French father. After studying piano and voice at the Conservatoire de Metz, she honed her skills abroad and quickly received numerous offers for opera roles on European stages. Frequently invited by ensembles such as Le Parlement de Musique, Il Delirio Fantastico, and Le Concert Lorrain, she performs in the most prestigious halls and festivals.<\/p>\n<p>Particularly popular and in demand in the Grand Est region, and keen to promote the cultural heritage of her region, she launched a music festival in 2018 with her husband Marlo Thinnes, programming internationally renowned artists. In 2019, she founded the quartet VENEREM, bringing together her voice, piano (Marlo Thinnes), bass guitar (Simon Zauels), and percussion (Michel Meis). Their first album, released under the Telos Music label in 2021, was met with great critical and popular success.<\/p>\n<p>In 2022, Laureen Stoulig-Thinnes focused more on sacred repertoires from all over the world and founded the duo \u0101n\u0101hid with pianist Layla Ramezan. Together, they explore sacred music from around the world, taking audiences on a journey between East and West.<\/p>\n<p>Since 2020, Laureen Stoulig-Thinnes has also served as a commander of the citizen reserve, lending her voice to all major military ceremonies as the official singer of the Grand Est Army. In early 2024, a solo album recorded with organist Dr. Prof. Vincent Bernhardt and the Chapelle Saint-Marc, centered around composer Dietrich Buxtehude, will be released under the Ind\u00e9sens &amp; Calliope Records label. This recording immediately garnered unanimous praise from music critics, earning, among other distinctions, the prestigious 5 Diapasons and the &#8220;Cl\u00e9 du mois&#8221; from Resmusica, awards for outstanding releases.[\/vc_column_text][vc_column_text]Support of <img loading=\"lazy\" decoding=\"async\" class=\"alignnone wp-image-4781\" src=\"https:\/\/www.semioconsult.com\/wp-content\/uploads\/2024\/06\/logo.png\" alt=\"\" width=\"221\" height=\"68\" \/>[\/vc_column_text][\/vc_column][\/vc_row][vc_row][vc_column][\/vc_column][\/vc_row]<\/p>\n","protected":false},"excerpt":{"rendered":"<p>[vc_row el_class=&#8221;highlighted-p&#8221;][vc_column][vc_empty_space][vc_empty_space][vc_single_image image=&#8221;4753&#8243; img_size=&#8221;large&#8221; alignment=&#8221;center&#8221;][vc_empty_space][vc_column_text] And if you could experience a musical moment as in the time of Napoleon III&#8230; perhaps you would discover the clues that inspired one of the most famous novels of that era. We invite you to happily immerse yourself in this universe and let your imagination do the rest. [\/vc_column_text][vc_separator][vc_video<\/p>\n","protected":false},"author":2,"featured_media":0,"parent":1628,"menu_order":0,"comment_status":"closed","ping_status":"closed","template":"","meta":{"_monsterinsights_skip_tracking":false,"_monsterinsights_sitenote_active":false,"_monsterinsights_sitenote_note":"","_monsterinsights_sitenote_category":0,"footnotes":""},"yoast_head":"<!-- This site is optimized with the Yoast SEO plugin v22.1 - https:\/\/yoast.com\/wordpress\/plugins\/seo\/ -->\n<title>Lewis &amp; Alice - S\u00e9mioConsult<\/title>\n<meta name=\"robots\" content=\"index, follow, max-snippet:-1, max-image-preview:large, max-video-preview:-1\" \/>\n<link rel=\"canonical\" href=\"https:\/\/www.semioconsult.com\/nos-activites\/nos-activites-de-production\/\" \/>\n<meta property=\"og:locale\" content=\"en_US\" \/>\n<meta property=\"og:type\" content=\"article\" \/>\n<meta property=\"og:title\" content=\"Lewis &amp; Alice - S\u00e9mioConsult\" \/>\n<meta property=\"og:description\" content=\"[vc_row el_class=&#8221;highlighted-p&#8221;][vc_column][vc_empty_space][vc_empty_space][vc_single_image image=&#8221;4753&#8243; img_size=&#8221;large&#8221; alignment=&#8221;center&#8221;][vc_empty_space][vc_column_text] And if you could experience a musical moment as in the time of Napoleon III&#8230; perhaps you would discover the clues that inspired one of the most famous novels of that era. We invite you to happily immerse yourself in this universe and let your imagination do the rest. [\/vc_column_text][vc_separator][vc_video\" \/>\n<meta property=\"og:url\" content=\"https:\/\/www.semioconsult.com\/nos-activites\/nos-activites-de-production\/\" \/>\n<meta property=\"og:site_name\" content=\"S\u00e9mioConsult\" \/>\n<meta property=\"article:modified_time\" content=\"2025-02-21T16:15:16+00:00\" \/>\n<meta property=\"og:image\" content=\"https:\/\/www.semioconsult.com\/wp-content\/uploads\/2024\/06\/logo.png\" \/>\n<meta name=\"twitter:card\" content=\"summary_large_image\" \/>\n<meta name=\"twitter:label1\" content=\"Est. reading time\" \/>\n\t<meta name=\"twitter:data1\" content=\"6 minutes\" \/>\n<script type=\"application\/ld+json\" class=\"yoast-schema-graph\">{\"@context\":\"https:\/\/schema.org\",\"@graph\":[{\"@type\":\"WebPage\",\"@id\":\"https:\/\/www.semioconsult.com\/nos-activites\/nos-activites-de-production\/\",\"url\":\"https:\/\/www.semioconsult.com\/nos-activites\/nos-activites-de-production\/\",\"name\":\"Lewis & Alice - S\u00e9mioConsult\",\"isPartOf\":{\"@id\":\"https:\/\/www.semioconsult.com\/#website\"},\"datePublished\":\"2025-02-10T11:38:27+00:00\",\"dateModified\":\"2025-02-21T16:15:16+00:00\",\"breadcrumb\":{\"@id\":\"https:\/\/www.semioconsult.com\/nos-activites\/nos-activites-de-production\/#breadcrumb\"},\"inLanguage\":\"en-US\",\"potentialAction\":[{\"@type\":\"ReadAction\",\"target\":[\"https:\/\/www.semioconsult.com\/nos-activites\/nos-activites-de-production\/\"]}]},{\"@type\":\"BreadcrumbList\",\"@id\":\"https:\/\/www.semioconsult.com\/nos-activites\/nos-activites-de-production\/#breadcrumb\",\"itemListElement\":[{\"@type\":\"ListItem\",\"position\":1,\"name\":\"Accueil\",\"item\":\"https:\/\/www.semioconsult.com\/en\/\"},{\"@type\":\"ListItem\",\"position\":2,\"name\":\"Our services\",\"item\":\"https:\/\/www.semioconsult.com\/en\/our-services\/\"},{\"@type\":\"ListItem\",\"position\":3,\"name\":\"Lewis &#038; Alice\"}]},{\"@type\":\"WebSite\",\"@id\":\"https:\/\/www.semioconsult.com\/#website\",\"url\":\"https:\/\/www.semioconsult.com\/\",\"name\":\"S\u00e9mioConsult\",\"description\":\"Cabinet de conseil\",\"publisher\":{\"@id\":\"https:\/\/www.semioconsult.com\/#organization\"},\"potentialAction\":[{\"@type\":\"SearchAction\",\"target\":{\"@type\":\"EntryPoint\",\"urlTemplate\":\"https:\/\/www.semioconsult.com\/?s={search_term_string}\"},\"query-input\":\"required name=search_term_string\"}],\"inLanguage\":\"en-US\"},{\"@type\":\"Organization\",\"@id\":\"https:\/\/www.semioconsult.com\/#organization\",\"name\":\"S\u00e9mioConsult\",\"url\":\"https:\/\/www.semioconsult.com\/\",\"logo\":{\"@type\":\"ImageObject\",\"inLanguage\":\"en-US\",\"@id\":\"https:\/\/www.semioconsult.com\/#\/schema\/logo\/image\/\",\"url\":\"https:\/\/www.semioconsult.com\/wp-content\/uploads\/2020\/01\/logo-semioconsult.png\",\"contentUrl\":\"https:\/\/www.semioconsult.com\/wp-content\/uploads\/2020\/01\/logo-semioconsult.png\",\"width\":1300,\"height\":500,\"caption\":\"S\u00e9mioConsult\"},\"image\":{\"@id\":\"https:\/\/www.semioconsult.com\/#\/schema\/logo\/image\/\"}}]}<\/script>\n<!-- \/ Yoast SEO plugin. -->","yoast_head_json":{"title":"Lewis & Alice - S\u00e9mioConsult","robots":{"index":"index","follow":"follow","max-snippet":"max-snippet:-1","max-image-preview":"max-image-preview:large","max-video-preview":"max-video-preview:-1"},"canonical":"https:\/\/www.semioconsult.com\/nos-activites\/nos-activites-de-production\/","og_locale":"en_US","og_type":"article","og_title":"Lewis & Alice - S\u00e9mioConsult","og_description":"[vc_row el_class=&#8221;highlighted-p&#8221;][vc_column][vc_empty_space][vc_empty_space][vc_single_image image=&#8221;4753&#8243; img_size=&#8221;large&#8221; alignment=&#8221;center&#8221;][vc_empty_space][vc_column_text] And if you could experience a musical moment as in the time of Napoleon III&#8230; perhaps you would discover the clues that inspired one of the most famous novels of that era. We invite you to happily immerse yourself in this universe and let your imagination do the rest. [\/vc_column_text][vc_separator][vc_video","og_url":"https:\/\/www.semioconsult.com\/nos-activites\/nos-activites-de-production\/","og_site_name":"S\u00e9mioConsult","article_modified_time":"2025-02-21T16:15:16+00:00","og_image":[{"url":"https:\/\/www.semioconsult.com\/wp-content\/uploads\/2024\/06\/logo.png"}],"twitter_card":"summary_large_image","twitter_misc":{"Est. reading time":"6 minutes"},"schema":{"@context":"https:\/\/schema.org","@graph":[{"@type":"WebPage","@id":"https:\/\/www.semioconsult.com\/nos-activites\/nos-activites-de-production\/","url":"https:\/\/www.semioconsult.com\/nos-activites\/nos-activites-de-production\/","name":"Lewis & Alice - S\u00e9mioConsult","isPartOf":{"@id":"https:\/\/www.semioconsult.com\/#website"},"datePublished":"2025-02-10T11:38:27+00:00","dateModified":"2025-02-21T16:15:16+00:00","breadcrumb":{"@id":"https:\/\/www.semioconsult.com\/nos-activites\/nos-activites-de-production\/#breadcrumb"},"inLanguage":"en-US","potentialAction":[{"@type":"ReadAction","target":["https:\/\/www.semioconsult.com\/nos-activites\/nos-activites-de-production\/"]}]},{"@type":"BreadcrumbList","@id":"https:\/\/www.semioconsult.com\/nos-activites\/nos-activites-de-production\/#breadcrumb","itemListElement":[{"@type":"ListItem","position":1,"name":"Accueil","item":"https:\/\/www.semioconsult.com\/en\/"},{"@type":"ListItem","position":2,"name":"Our services","item":"https:\/\/www.semioconsult.com\/en\/our-services\/"},{"@type":"ListItem","position":3,"name":"Lewis &#038; Alice"}]},{"@type":"WebSite","@id":"https:\/\/www.semioconsult.com\/#website","url":"https:\/\/www.semioconsult.com\/","name":"S\u00e9mioConsult","description":"Cabinet de conseil","publisher":{"@id":"https:\/\/www.semioconsult.com\/#organization"},"potentialAction":[{"@type":"SearchAction","target":{"@type":"EntryPoint","urlTemplate":"https:\/\/www.semioconsult.com\/?s={search_term_string}"},"query-input":"required name=search_term_string"}],"inLanguage":"en-US"},{"@type":"Organization","@id":"https:\/\/www.semioconsult.com\/#organization","name":"S\u00e9mioConsult","url":"https:\/\/www.semioconsult.com\/","logo":{"@type":"ImageObject","inLanguage":"en-US","@id":"https:\/\/www.semioconsult.com\/#\/schema\/logo\/image\/","url":"https:\/\/www.semioconsult.com\/wp-content\/uploads\/2020\/01\/logo-semioconsult.png","contentUrl":"https:\/\/www.semioconsult.com\/wp-content\/uploads\/2020\/01\/logo-semioconsult.png","width":1300,"height":500,"caption":"S\u00e9mioConsult"},"image":{"@id":"https:\/\/www.semioconsult.com\/#\/schema\/logo\/image\/"}}]}},"_links":{"self":[{"href":"https:\/\/www.semioconsult.com\/en\/wp-json\/wp\/v2\/pages\/4746"}],"collection":[{"href":"https:\/\/www.semioconsult.com\/en\/wp-json\/wp\/v2\/pages"}],"about":[{"href":"https:\/\/www.semioconsult.com\/en\/wp-json\/wp\/v2\/types\/page"}],"author":[{"embeddable":true,"href":"https:\/\/www.semioconsult.com\/en\/wp-json\/wp\/v2\/users\/2"}],"replies":[{"embeddable":true,"href":"https:\/\/www.semioconsult.com\/en\/wp-json\/wp\/v2\/comments?post=4746"}],"version-history":[{"count":15,"href":"https:\/\/www.semioconsult.com\/en\/wp-json\/wp\/v2\/pages\/4746\/revisions"}],"predecessor-version":[{"id":5304,"href":"https:\/\/www.semioconsult.com\/en\/wp-json\/wp\/v2\/pages\/4746\/revisions\/5304"}],"up":[{"embeddable":true,"href":"https:\/\/www.semioconsult.com\/en\/wp-json\/wp\/v2\/pages\/1628"}],"wp:attachment":[{"href":"https:\/\/www.semioconsult.com\/en\/wp-json\/wp\/v2\/media?parent=4746"}],"curies":[{"name":"wp","href":"https:\/\/api.w.org\/{rel}","templated":true}]}}