{"id":4872,"date":"2024-08-17T14:24:31","date_gmt":"2024-08-17T12:24:31","guid":{"rendered":"https:\/\/www.semioconsult.com\/?page_id=4872"},"modified":"2025-02-21T17:10:03","modified_gmt":"2025-02-21T16:10:03","slug":"suonnoefuoco","status":"publish","type":"page","link":"https:\/\/www.semioconsult.com\/en\/our-services\/suonnoefuoco\/","title":{"rendered":"Suonno &#8216;E Fuoco"},"content":{"rendered":"<p>[vc_row el_class=&#8221;highlighted-p&#8221;][vc_column][vc_empty_space][vc_empty_space][vc_single_image image=&#8221;4831&#8243; img_size=&#8221;large&#8221; alignment=&#8221;center&#8221;][vc_empty_space][vc_column_text]<\/p>\n<div class=\"elementor-element elementor-element-e21bcf1 elementor-widget elementor-widget-text-editor\" data-id=\"e21bcf1\" data-element_type=\"widget\" data-widget_type=\"text-editor.default\">\n<div class=\"elementor-widget-container\">\n<p style=\"text-align: center;\"><strong data-start=\"0\" data-end=\"19\" data-is-only-node=\"\">Suonno &#8216;E Fuoco<\/strong> is a piano and tenor voice concert dedicated to Neapolitan music from the 18th to the 20th century, highlighting the profound influence this music had on the greatest Italian opera composers such as Rossini, Donizetti, and Bellini, as well as on the birth of the song genre.<\/p>\n<\/div>\n<\/div>\n<p>[\/vc_column_text][vc_separator][vc_btn title=&#8221;Tickets for the concert on March 7, 2025, in Paris.&#8221; color=&#8221;default&#8221; size=&#8221;lg&#8221; align=&#8221;center&#8221; button_block=&#8221;true&#8221; link=&#8221;url:https%3A%2F%2Fwww.eventbrite.fr%2Fe%2Fbillets-concert-suonno-e-fuoco-1225235956729%3Faff%3Doddtdtcreator&#8221;][vc_video link=&#8221;https:\/\/www.youtube.com\/watch?v=kLN9SQ7LNxg&#8221; el_width=&#8221;60&#8243; align=&#8221;center&#8221;][\/vc_column][\/vc_row][vc_row][vc_column][vc_column_text]<\/p>\n<h2>The Artists<\/h2>\n<p>[\/vc_column_text][\/vc_column][\/vc_row][vc_row][vc_column][vc_single_image image=&#8221;4874&#8243; img_size=&#8221;medium&#8221; onclick=&#8221;custom_link&#8221; link=&#8221;http:\/\/www.agenceartistiquecedelle.com\/regis-mengus&#8221;][\/vc_column][\/vc_row][vc_row][vc_column][vc_column_text]<\/p>\n<p data-start=\"0\" data-end=\"19\"><strong data-start=\"0\" data-end=\"17\">Nile Senatore<\/strong><\/p>\n<p data-start=\"21\" data-end=\"224\">Neapolitan singer and Italian actor who <em data-start=\"61\" data-end=\"198\">&#8220;demonstrates a full and sweet voice in the high register and impressive acting skills, far above the average of today&#8217;s opera singers&#8221;<\/em> \u2013 <em data-start=\"201\" data-end=\"221\">Connessi all\u2019Opera<\/em>.<\/p>\n<p data-start=\"226\" data-end=\"294\">He performs a repertoire ranging from Baroque music to Classicism.<\/p>\n<p data-start=\"296\" data-end=\"667\">Collaborating with some of the most renowned ensembles, musical directors, and stage directors of today&#8217;s music scene, he is invited to perform in major venues and festivals across Europe, including the <strong data-start=\"499\" data-end=\"664\">Op\u00e9ra Comique, Op\u00e9ra de Bordeaux, Palau de la M\u00fasica Catalana, Auditorio Nacional de M\u00fasica, Teatro Olimpico, Concertgebouw Amsterdam, and Innsbrucker Festwochen<\/strong>.<\/p>\n<p data-start=\"669\" data-end=\"944\">Over the past three years, he has toured with <strong data-start=\"715\" data-end=\"742\">Les Musiciens du Louvre<\/strong> in <em data-start=\"746\" data-end=\"772\">Le Bourgeois Gentilhomme<\/em> (filmed by <strong data-start=\"784\" data-end=\"796\">FranceTV<\/strong> from the Op\u00e9ra de Bordeaux) and is currently on tour with <strong data-start=\"855\" data-end=\"874\">La Petite Bande<\/strong>, performing the Mozartian role of <strong data-start=\"909\" data-end=\"921\">Ferrando<\/strong> in <em data-start=\"925\" data-end=\"941\">Cos\u00ec fan tutte<\/em>.<\/p>\n<p data-start=\"946\" data-end=\"1175\" data-is-last-node=\"\" data-is-only-node=\"\">He is also the creator of the concert-performance <strong data-start=\"996\" data-end=\"1011\">Contretemps<\/strong>, which premiered in April 2023 during the <strong data-start=\"1054\" data-end=\"1073\">Nuit des Mus\u00e9es<\/strong> at the <strong data-start=\"1081\" data-end=\"1108\">Petit Palais in Avignon<\/strong>, as well as the recitals <strong data-start=\"1134\" data-end=\"1150\">Alba di Luna<\/strong> and <strong data-start=\"1155\" data-end=\"1174\">Suonno &#8216;E Fuoco<\/strong>.<\/p>\n<p>[\/vc_column_text][\/vc_column][\/vc_row][vc_row][vc_column][vc_single_image image=&#8221;4877&#8243; img_size=&#8221;medium&#8221; onclick=&#8221;custom_link&#8221; link=&#8221;http:\/\/www.operadeparis.fr\/artistes\/laetitia-jeanson&#8221;][\/vc_column][\/vc_row][vc_row][vc_column][vc_column_text]<\/p>\n<p data-start=\"0\" data-end=\"25\"><strong data-start=\"0\" data-end=\"23\">Natallia Yeliseyeva<\/strong><\/p>\n<p data-start=\"27\" data-end=\"382\">A pianist, she graduated with honors from the <strong data-start=\"73\" data-end=\"99\">Minsk Academy of Music<\/strong> in Belarus. She then refined her skills at the <strong data-start=\"147\" data-end=\"196\">Conservatoire \u00e0 Rayonnement R\u00e9gional de Paris<\/strong>, studying under <strong data-start=\"213\" data-end=\"268\">Ariane Jacob, Jean-Marie Cottet, and Philippe Biros<\/strong>. She is currently an <strong data-start=\"290\" data-end=\"321\">accompanist and vocal coach<\/strong> at the <strong data-start=\"329\" data-end=\"370\">Conservatoire Nadia et Lili Boulanger<\/strong> in Paris.<\/p>\n<p data-start=\"384\" data-end=\"749\">She has won several international competitions, including the <strong data-start=\"446\" data-end=\"484\">Grand Prix de la M\u00e9lodie Fran\u00e7aise<\/strong> at the <strong data-start=\"492\" data-end=\"578\">Concours International d\u2019Interpr\u00e9tation de la M\u00e9lodie Fran\u00e7aise de Toulouse (2023)<\/strong>, the <strong data-start=\"584\" data-end=\"630\">Nadia et Lili Boulanger Competition (2021)<\/strong>, the <strong data-start=\"636\" data-end=\"688\">Stockholm International Music Competition (2014)<\/strong>, and the <strong data-start=\"698\" data-end=\"746\">Brest International Piano Competition (2011)<\/strong>.<\/p>\n<p data-start=\"751\" data-end=\"1095\" data-is-last-node=\"\" data-is-only-node=\"\">As part of a duo with <strong data-start=\"773\" data-end=\"794\">Adrien Fournaison<\/strong>, she was a <strong data-start=\"806\" data-end=\"860\">laureate of the Acad\u00e9mie Orsay-Royaumont 2022-2023<\/strong>. Natallia performs regularly in France, in prestigious venues such as the <strong data-start=\"935\" data-end=\"960\">Philharmonie de Paris<\/strong> and the <strong data-start=\"969\" data-end=\"986\">Mus\u00e9e d\u2019Orsay<\/strong>, as well as in Belarus, notably at the <strong data-start=\"1026\" data-end=\"1063\">National Opera and Ballet Theatre<\/strong> and the <strong data-start=\"1072\" data-end=\"1094\">State Philharmonic<\/strong>.<\/p>\n<p>[\/vc_column_text][vc_separator][\/vc_column][\/vc_row][vc_row][vc_column][\/vc_column][\/vc_row]<\/p>\n","protected":false},"excerpt":{"rendered":"<p>[vc_row el_class=&#8221;highlighted-p&#8221;][vc_column][vc_empty_space][vc_empty_space][vc_single_image image=&#8221;4831&#8243; img_size=&#8221;large&#8221; alignment=&#8221;center&#8221;][vc_empty_space][vc_column_text] Suonno &#8216;E Fuoco is a piano and tenor voice concert dedicated to Neapolitan music from the 18th to the 20th century, highlighting the profound influence this music had on the greatest Italian opera composers such as Rossini, Donizetti, and Bellini, as well as on the birth of the song genre.<\/p>\n","protected":false},"author":2,"featured_media":0,"parent":1628,"menu_order":0,"comment_status":"closed","ping_status":"closed","template":"","meta":{"_monsterinsights_skip_tracking":false,"_monsterinsights_sitenote_active":false,"_monsterinsights_sitenote_note":"","_monsterinsights_sitenote_category":0,"footnotes":""},"yoast_head":"<!-- This site is optimized with the Yoast SEO plugin v22.1 - https:\/\/yoast.com\/wordpress\/plugins\/seo\/ -->\n<title>Suonno &#039;E Fuoco - S\u00e9mioConsult<\/title>\n<meta name=\"robots\" content=\"index, follow, max-snippet:-1, max-image-preview:large, max-video-preview:-1\" \/>\n<link rel=\"canonical\" href=\"https:\/\/www.semioconsult.com\/en\/our-services\/suonnoefuoco\/\" \/>\n<meta property=\"og:locale\" content=\"en_US\" \/>\n<meta property=\"og:type\" content=\"article\" \/>\n<meta property=\"og:title\" content=\"Suonno &#039;E Fuoco - S\u00e9mioConsult\" \/>\n<meta property=\"og:description\" content=\"[vc_row el_class=&#8221;highlighted-p&#8221;][vc_column][vc_empty_space][vc_empty_space][vc_single_image image=&#8221;4831&#8243; img_size=&#8221;large&#8221; alignment=&#8221;center&#8221;][vc_empty_space][vc_column_text] Suonno &#8216;E Fuoco is a piano and tenor voice concert dedicated to Neapolitan music from the 18th to the 20th century, highlighting the profound influence this music had on the greatest Italian opera composers such as Rossini, Donizetti, and Bellini, as well as on the birth of the song genre.\" \/>\n<meta property=\"og:url\" content=\"https:\/\/www.semioconsult.com\/en\/our-services\/suonnoefuoco\/\" \/>\n<meta property=\"og:site_name\" content=\"S\u00e9mioConsult\" \/>\n<meta property=\"article:modified_time\" content=\"2025-02-21T16:10:03+00:00\" \/>\n<meta name=\"twitter:card\" content=\"summary_large_image\" \/>\n<meta name=\"twitter:label1\" content=\"Est. reading time\" \/>\n\t<meta name=\"twitter:data1\" content=\"3 minutes\" \/>\n<script type=\"application\/ld+json\" class=\"yoast-schema-graph\">{\"@context\":\"https:\/\/schema.org\",\"@graph\":[{\"@type\":\"WebPage\",\"@id\":\"https:\/\/www.semioconsult.com\/en\/our-services\/suonnoefuoco\/\",\"url\":\"https:\/\/www.semioconsult.com\/en\/our-services\/suonnoefuoco\/\",\"name\":\"Suonno 'E Fuoco - S\u00e9mioConsult\",\"isPartOf\":{\"@id\":\"https:\/\/www.semioconsult.com\/#website\"},\"datePublished\":\"2024-08-17T12:24:31+00:00\",\"dateModified\":\"2025-02-21T16:10:03+00:00\",\"breadcrumb\":{\"@id\":\"https:\/\/www.semioconsult.com\/en\/our-services\/suonnoefuoco\/#breadcrumb\"},\"inLanguage\":\"en-US\",\"potentialAction\":[{\"@type\":\"ReadAction\",\"target\":[\"https:\/\/www.semioconsult.com\/en\/our-services\/suonnoefuoco\/\"]}]},{\"@type\":\"BreadcrumbList\",\"@id\":\"https:\/\/www.semioconsult.com\/en\/our-services\/suonnoefuoco\/#breadcrumb\",\"itemListElement\":[{\"@type\":\"ListItem\",\"position\":1,\"name\":\"Accueil\",\"item\":\"https:\/\/www.semioconsult.com\/en\/\"},{\"@type\":\"ListItem\",\"position\":2,\"name\":\"Our services\",\"item\":\"https:\/\/www.semioconsult.com\/en\/our-services\/\"},{\"@type\":\"ListItem\",\"position\":3,\"name\":\"Suonno &lsquo;E Fuoco\"}]},{\"@type\":\"WebSite\",\"@id\":\"https:\/\/www.semioconsult.com\/#website\",\"url\":\"https:\/\/www.semioconsult.com\/\",\"name\":\"S\u00e9mioConsult\",\"description\":\"Cabinet de conseil\",\"publisher\":{\"@id\":\"https:\/\/www.semioconsult.com\/#organization\"},\"potentialAction\":[{\"@type\":\"SearchAction\",\"target\":{\"@type\":\"EntryPoint\",\"urlTemplate\":\"https:\/\/www.semioconsult.com\/?s={search_term_string}\"},\"query-input\":\"required name=search_term_string\"}],\"inLanguage\":\"en-US\"},{\"@type\":\"Organization\",\"@id\":\"https:\/\/www.semioconsult.com\/#organization\",\"name\":\"S\u00e9mioConsult\",\"url\":\"https:\/\/www.semioconsult.com\/\",\"logo\":{\"@type\":\"ImageObject\",\"inLanguage\":\"en-US\",\"@id\":\"https:\/\/www.semioconsult.com\/#\/schema\/logo\/image\/\",\"url\":\"https:\/\/www.semioconsult.com\/wp-content\/uploads\/2020\/01\/logo-semioconsult.png\",\"contentUrl\":\"https:\/\/www.semioconsult.com\/wp-content\/uploads\/2020\/01\/logo-semioconsult.png\",\"width\":1300,\"height\":500,\"caption\":\"S\u00e9mioConsult\"},\"image\":{\"@id\":\"https:\/\/www.semioconsult.com\/#\/schema\/logo\/image\/\"}}]}<\/script>\n<!-- \/ Yoast SEO plugin. -->","yoast_head_json":{"title":"Suonno 'E Fuoco - S\u00e9mioConsult","robots":{"index":"index","follow":"follow","max-snippet":"max-snippet:-1","max-image-preview":"max-image-preview:large","max-video-preview":"max-video-preview:-1"},"canonical":"https:\/\/www.semioconsult.com\/en\/our-services\/suonnoefuoco\/","og_locale":"en_US","og_type":"article","og_title":"Suonno 'E Fuoco - S\u00e9mioConsult","og_description":"[vc_row el_class=&#8221;highlighted-p&#8221;][vc_column][vc_empty_space][vc_empty_space][vc_single_image image=&#8221;4831&#8243; img_size=&#8221;large&#8221; alignment=&#8221;center&#8221;][vc_empty_space][vc_column_text] Suonno &#8216;E Fuoco is a piano and tenor voice concert dedicated to Neapolitan music from the 18th to the 20th century, highlighting the profound influence this music had on the greatest Italian opera composers such as Rossini, Donizetti, and Bellini, as well as on the birth of the song genre.","og_url":"https:\/\/www.semioconsult.com\/en\/our-services\/suonnoefuoco\/","og_site_name":"S\u00e9mioConsult","article_modified_time":"2025-02-21T16:10:03+00:00","twitter_card":"summary_large_image","twitter_misc":{"Est. reading time":"3 minutes"},"schema":{"@context":"https:\/\/schema.org","@graph":[{"@type":"WebPage","@id":"https:\/\/www.semioconsult.com\/en\/our-services\/suonnoefuoco\/","url":"https:\/\/www.semioconsult.com\/en\/our-services\/suonnoefuoco\/","name":"Suonno 'E Fuoco - S\u00e9mioConsult","isPartOf":{"@id":"https:\/\/www.semioconsult.com\/#website"},"datePublished":"2024-08-17T12:24:31+00:00","dateModified":"2025-02-21T16:10:03+00:00","breadcrumb":{"@id":"https:\/\/www.semioconsult.com\/en\/our-services\/suonnoefuoco\/#breadcrumb"},"inLanguage":"en-US","potentialAction":[{"@type":"ReadAction","target":["https:\/\/www.semioconsult.com\/en\/our-services\/suonnoefuoco\/"]}]},{"@type":"BreadcrumbList","@id":"https:\/\/www.semioconsult.com\/en\/our-services\/suonnoefuoco\/#breadcrumb","itemListElement":[{"@type":"ListItem","position":1,"name":"Accueil","item":"https:\/\/www.semioconsult.com\/en\/"},{"@type":"ListItem","position":2,"name":"Our services","item":"https:\/\/www.semioconsult.com\/en\/our-services\/"},{"@type":"ListItem","position":3,"name":"Suonno &lsquo;E Fuoco"}]},{"@type":"WebSite","@id":"https:\/\/www.semioconsult.com\/#website","url":"https:\/\/www.semioconsult.com\/","name":"S\u00e9mioConsult","description":"Cabinet de conseil","publisher":{"@id":"https:\/\/www.semioconsult.com\/#organization"},"potentialAction":[{"@type":"SearchAction","target":{"@type":"EntryPoint","urlTemplate":"https:\/\/www.semioconsult.com\/?s={search_term_string}"},"query-input":"required name=search_term_string"}],"inLanguage":"en-US"},{"@type":"Organization","@id":"https:\/\/www.semioconsult.com\/#organization","name":"S\u00e9mioConsult","url":"https:\/\/www.semioconsult.com\/","logo":{"@type":"ImageObject","inLanguage":"en-US","@id":"https:\/\/www.semioconsult.com\/#\/schema\/logo\/image\/","url":"https:\/\/www.semioconsult.com\/wp-content\/uploads\/2020\/01\/logo-semioconsult.png","contentUrl":"https:\/\/www.semioconsult.com\/wp-content\/uploads\/2020\/01\/logo-semioconsult.png","width":1300,"height":500,"caption":"S\u00e9mioConsult"},"image":{"@id":"https:\/\/www.semioconsult.com\/#\/schema\/logo\/image\/"}}]}},"_links":{"self":[{"href":"https:\/\/www.semioconsult.com\/en\/wp-json\/wp\/v2\/pages\/4872"}],"collection":[{"href":"https:\/\/www.semioconsult.com\/en\/wp-json\/wp\/v2\/pages"}],"about":[{"href":"https:\/\/www.semioconsult.com\/en\/wp-json\/wp\/v2\/types\/page"}],"author":[{"embeddable":true,"href":"https:\/\/www.semioconsult.com\/en\/wp-json\/wp\/v2\/users\/2"}],"replies":[{"embeddable":true,"href":"https:\/\/www.semioconsult.com\/en\/wp-json\/wp\/v2\/comments?post=4872"}],"version-history":[{"count":9,"href":"https:\/\/www.semioconsult.com\/en\/wp-json\/wp\/v2\/pages\/4872\/revisions"}],"predecessor-version":[{"id":5301,"href":"https:\/\/www.semioconsult.com\/en\/wp-json\/wp\/v2\/pages\/4872\/revisions\/5301"}],"up":[{"embeddable":true,"href":"https:\/\/www.semioconsult.com\/en\/wp-json\/wp\/v2\/pages\/1628"}],"wp:attachment":[{"href":"https:\/\/www.semioconsult.com\/en\/wp-json\/wp\/v2\/media?parent=4872"}],"curies":[{"name":"wp","href":"https:\/\/api.w.org\/{rel}","templated":true}]}}