{"id":4932,"date":"2024-08-17T15:33:51","date_gmt":"2024-08-17T13:33:51","guid":{"rendered":"https:\/\/www.semioconsult.com\/?page_id=4932"},"modified":"2024-09-10T21:00:07","modified_gmt":"2024-09-10T19:00:07","slug":"suonnoefuoco","status":"publish","type":"page","link":"https:\/\/www.semioconsult.com\/en\/suonnoefuoco\/","title":{"rendered":"Suonno &#8216;E Fuoco"},"content":{"rendered":"<p>[vc_row][vc_column][vc_single_image image=&#8221;4832&#8243; img_size=&#8221;large&#8221; alignment=&#8221;center&#8221;][\/vc_column][\/vc_row][vc_row][vc_column][vc_column_text]<\/p>\n<p style=\"text-align: center;\"><strong>Suonno &#8216;E Fuoco is a piano and tenor voice concert dedicated to Neapolitan music from the 18th to the 20th century, highlighting the profound influence this music had on the greatest Italian opera composers such as Rossini, Donizetti, Bellini, and on the birth of the song genre.<\/strong><\/p>\n<p>&nbsp;[\/vc_column_text][vc_btn title=&#8221;Reserve my Ticket&#8221; align=&#8221;center&#8221; button_block=&#8221;true&#8221; link=&#8221;url:https%3A%2F%2Fboutique.vichymonamour.fr%2Fvisit%2Fconcert-suonno-e-fuoco-naples-en-musique-744&#8243;][\/vc_column][\/vc_row][vc_row][vc_column][vc_column_text]<\/p>\n<h2>The Artists<\/h2>\n<h2><\/h2>\n<p>[\/vc_column_text][\/vc_column][\/vc_row][vc_row][vc_column][vc_single_image image=&#8221;4875&#8243; img_size=&#8221;medium&#8221;][\/vc_column][\/vc_row][vc_row][vc_column][vc_column_text]<\/p>\n<h5><strong>Nile Senatore<\/strong><\/h5>\n<p>A Neapolitan singer and actor who displays a full and sweet voice in the high register and impressive acting qualities, far above the average of today&#8217;s opera singers&#8217; \u2013 Connessi all\u2019opera.<\/p>\n<p>He performs a repertoire ranging from Baroque music to Classicism.<\/p>\n<p>Collaborating with some of the most important ensembles, musical directors, and stage directors of the current music scene, he is invited to perform in the most prestigious venues and festivals across Europe: Op\u00e9ra Comique, Op\u00e9ra de Bordeaux, Palau de la M\u00fasica Catalana, Auditorio Nacional de M\u00fasica, Teatro Olimpico, Concertgebouw Amsterdam, Innsbruck Festival of Early Music, among others.<\/p>\n<p>In the past three years, he has been touring with Les Musiciens du Louvre for <em>Le Bourgeois Gentilhomme<\/em> (filmed by FranceTV from the Op\u00e9ra de Bordeaux), and is currently touring with La Petite Bande in the Mozartian role of Ferrando in <em>Cos\u00ec fan tutte<\/em>.<\/p>\n<p>He is also the creator of the concert\/performance <em>Contretemps<\/em>, which premiered in April 2023 during the Night of Museums at the Petit Palais in Avignon, as well as the recitals <em>Alba di Luna<\/em> and <em>Suonno \u2019e fuoco<\/em>.[\/vc_column_text][\/vc_column][\/vc_row][vc_row][vc_column][vc_single_image image=&#8221;4878&#8243; img_size=&#8221;medium&#8221;][\/vc_column][\/vc_row][vc_row][vc_column][vc_column_text]<strong>Natallia Yeliseyeva<\/strong><\/p>\n<p>At a very young age, Laetitia Mengus began studying piano. She quickly showed great talent, winning over a dozen national competitions by the age of eight. During the winners&#8217; concerts, she played several times on prestigious Parisian stages of the time, such as Salle Gaveau, Salle Cortot, and Maison de la Radio.<\/p>\n<p>At the age of thirteen, she participated in a series of concerts in Hungary, sponsored by the great virtuoso Gyorgy Cziffra, who also enrolled her in the eponymous Foundation aimed at promoting young piano talents. That same year, she performed Beethoven&#8217;s 2nd Concerto with the Orchestre Symphonique de Radio-France in Paris, after winning the Kingdom of Music Competition against nearly a thousand candidates.<\/p>\n<p>In 1986, she entered the National Conservatory of Music in Paris (CNSMP), where she prepared for her Piano Prize alongside future prominent names such as Emmanuel Strosser, Fran\u00e7ois-Fr\u00e9d\u00e9ric Guy, Alexandre Tharaud, and Vanessa Wagner. She left the CNSMP in 1989 with a First Prize in Piano and a First Prize in Chamber Music.<\/p>\n<p>Then, unexpectedly, she turned to lyrical singing in the following years. She studied with Jean-Pierre Blivet, who was at that time the teacher of Natalie Dessay and Laurent Naouri. In 2002, she passed the international competition for the Chorus of the Paris Opera and was hired as a mezzo-soprano. She remained there for many years, while also giving several concerts with her husband, baritone R\u00e9gis Mengus, whom she accompanies on the piano.<\/p>\n<p>Among her upcoming projects is the programming of an original recital: fourteen melodies for voice and piano composed by Laetitia Mengus, inspired by some of Chopin&#8217;s most famous works, set to texts adapted from Baudelaire&#8217;s <em>Les Fleurs du Mal<\/em>.<\/p>\n<p>&nbsp;[\/vc_column_text][vc_separator][\/vc_column][\/vc_row][vc_row][vc_column][vc_column_text]<strong>*The entire proceeds is donated to the artists.<\/strong><\/p>\n<p><strong>Full price: \u20ac30<\/strong><\/p>\n<p><strong>Under 25: \u20ac15<\/strong><\/p>\n<p><strong>Free \u2013 for children under 10 and the unemployed<\/strong><\/p>\n<p><strong>(For children : Contact us before the show; <\/strong><\/p>\n<p><strong>For all : payment on site possible depending on availability)<\/strong><\/p>\n<p><strong>Concert duration: approximately 1 hour and 10 minutes<\/strong>[\/vc_column_text][\/vc_column][\/vc_row]<\/p>\n","protected":false},"excerpt":{"rendered":"<p>[vc_row][vc_column][vc_single_image image=&#8221;4832&#8243; img_size=&#8221;large&#8221; alignment=&#8221;center&#8221;][\/vc_column][\/vc_row][vc_row][vc_column][vc_column_text] Suonno &#8216;E Fuoco is a piano and tenor voice concert dedicated to Neapolitan music from the 18th to the 20th century, highlighting the profound influence this music had on the greatest Italian opera composers such as Rossini, Donizetti, Bellini, and on the birth of the song genre. &nbsp;[\/vc_column_text][vc_btn title=&#8221;Reserve my Ticket&#8221;<\/p>\n","protected":false},"author":2,"featured_media":0,"parent":0,"menu_order":0,"comment_status":"closed","ping_status":"closed","template":"","meta":{"_monsterinsights_skip_tracking":false,"_monsterinsights_sitenote_active":false,"_monsterinsights_sitenote_note":"","_monsterinsights_sitenote_category":0,"footnotes":""},"yoast_head":"<!-- This site is optimized with the Yoast SEO plugin v22.1 - https:\/\/yoast.com\/wordpress\/plugins\/seo\/ -->\n<title>Suonno &#039;E Fuoco - S\u00e9mioConsult<\/title>\n<meta name=\"robots\" content=\"index, follow, max-snippet:-1, max-image-preview:large, max-video-preview:-1\" \/>\n<link rel=\"canonical\" href=\"https:\/\/www.semioconsult.com\/en\/suonnoefuoco\/\" \/>\n<meta property=\"og:locale\" content=\"en_US\" \/>\n<meta property=\"og:type\" content=\"article\" \/>\n<meta property=\"og:title\" content=\"Suonno &#039;E Fuoco - S\u00e9mioConsult\" \/>\n<meta property=\"og:description\" content=\"[vc_row][vc_column][vc_single_image image=&#8221;4832&#8243; img_size=&#8221;large&#8221; alignment=&#8221;center&#8221;][\/vc_column][\/vc_row][vc_row][vc_column][vc_column_text] Suonno &#8216;E Fuoco is a piano and tenor voice concert dedicated to Neapolitan music from the 18th to the 20th century, highlighting the profound influence this music had on the greatest Italian opera composers such as Rossini, Donizetti, Bellini, and on the birth of the song genre. &nbsp;[\/vc_column_text][vc_btn title=&#8221;Reserve my Ticket&#8221;\" \/>\n<meta property=\"og:url\" content=\"https:\/\/www.semioconsult.com\/en\/suonnoefuoco\/\" \/>\n<meta property=\"og:site_name\" content=\"S\u00e9mioConsult\" \/>\n<meta property=\"article:modified_time\" content=\"2024-09-10T19:00:07+00:00\" \/>\n<meta name=\"twitter:card\" content=\"summary_large_image\" \/>\n<meta name=\"twitter:label1\" content=\"Est. reading time\" \/>\n\t<meta name=\"twitter:data1\" content=\"3 minutes\" \/>\n<script type=\"application\/ld+json\" class=\"yoast-schema-graph\">{\"@context\":\"https:\/\/schema.org\",\"@graph\":[{\"@type\":\"WebPage\",\"@id\":\"https:\/\/www.semioconsult.com\/en\/suonnoefuoco\/\",\"url\":\"https:\/\/www.semioconsult.com\/en\/suonnoefuoco\/\",\"name\":\"Suonno 'E Fuoco - S\u00e9mioConsult\",\"isPartOf\":{\"@id\":\"https:\/\/www.semioconsult.com\/#website\"},\"datePublished\":\"2024-08-17T13:33:51+00:00\",\"dateModified\":\"2024-09-10T19:00:07+00:00\",\"breadcrumb\":{\"@id\":\"https:\/\/www.semioconsult.com\/en\/suonnoefuoco\/#breadcrumb\"},\"inLanguage\":\"en-US\",\"potentialAction\":[{\"@type\":\"ReadAction\",\"target\":[\"https:\/\/www.semioconsult.com\/en\/suonnoefuoco\/\"]}]},{\"@type\":\"BreadcrumbList\",\"@id\":\"https:\/\/www.semioconsult.com\/en\/suonnoefuoco\/#breadcrumb\",\"itemListElement\":[{\"@type\":\"ListItem\",\"position\":1,\"name\":\"Accueil\",\"item\":\"https:\/\/www.semioconsult.com\/en\/\"},{\"@type\":\"ListItem\",\"position\":2,\"name\":\"Suonno &lsquo;E Fuoco\"}]},{\"@type\":\"WebSite\",\"@id\":\"https:\/\/www.semioconsult.com\/#website\",\"url\":\"https:\/\/www.semioconsult.com\/\",\"name\":\"S\u00e9mioConsult\",\"description\":\"Cabinet de conseil\",\"publisher\":{\"@id\":\"https:\/\/www.semioconsult.com\/#organization\"},\"potentialAction\":[{\"@type\":\"SearchAction\",\"target\":{\"@type\":\"EntryPoint\",\"urlTemplate\":\"https:\/\/www.semioconsult.com\/?s={search_term_string}\"},\"query-input\":\"required name=search_term_string\"}],\"inLanguage\":\"en-US\"},{\"@type\":\"Organization\",\"@id\":\"https:\/\/www.semioconsult.com\/#organization\",\"name\":\"S\u00e9mioConsult\",\"url\":\"https:\/\/www.semioconsult.com\/\",\"logo\":{\"@type\":\"ImageObject\",\"inLanguage\":\"en-US\",\"@id\":\"https:\/\/www.semioconsult.com\/#\/schema\/logo\/image\/\",\"url\":\"https:\/\/www.semioconsult.com\/wp-content\/uploads\/2020\/01\/logo-semioconsult.png\",\"contentUrl\":\"https:\/\/www.semioconsult.com\/wp-content\/uploads\/2020\/01\/logo-semioconsult.png\",\"width\":1300,\"height\":500,\"caption\":\"S\u00e9mioConsult\"},\"image\":{\"@id\":\"https:\/\/www.semioconsult.com\/#\/schema\/logo\/image\/\"}}]}<\/script>\n<!-- \/ Yoast SEO plugin. -->","yoast_head_json":{"title":"Suonno 'E Fuoco - S\u00e9mioConsult","robots":{"index":"index","follow":"follow","max-snippet":"max-snippet:-1","max-image-preview":"max-image-preview:large","max-video-preview":"max-video-preview:-1"},"canonical":"https:\/\/www.semioconsult.com\/en\/suonnoefuoco\/","og_locale":"en_US","og_type":"article","og_title":"Suonno 'E Fuoco - S\u00e9mioConsult","og_description":"[vc_row][vc_column][vc_single_image image=&#8221;4832&#8243; img_size=&#8221;large&#8221; alignment=&#8221;center&#8221;][\/vc_column][\/vc_row][vc_row][vc_column][vc_column_text] Suonno &#8216;E Fuoco is a piano and tenor voice concert dedicated to Neapolitan music from the 18th to the 20th century, highlighting the profound influence this music had on the greatest Italian opera composers such as Rossini, Donizetti, Bellini, and on the birth of the song genre. &nbsp;[\/vc_column_text][vc_btn title=&#8221;Reserve my Ticket&#8221;","og_url":"https:\/\/www.semioconsult.com\/en\/suonnoefuoco\/","og_site_name":"S\u00e9mioConsult","article_modified_time":"2024-09-10T19:00:07+00:00","twitter_card":"summary_large_image","twitter_misc":{"Est. reading time":"3 minutes"},"schema":{"@context":"https:\/\/schema.org","@graph":[{"@type":"WebPage","@id":"https:\/\/www.semioconsult.com\/en\/suonnoefuoco\/","url":"https:\/\/www.semioconsult.com\/en\/suonnoefuoco\/","name":"Suonno 'E Fuoco - S\u00e9mioConsult","isPartOf":{"@id":"https:\/\/www.semioconsult.com\/#website"},"datePublished":"2024-08-17T13:33:51+00:00","dateModified":"2024-09-10T19:00:07+00:00","breadcrumb":{"@id":"https:\/\/www.semioconsult.com\/en\/suonnoefuoco\/#breadcrumb"},"inLanguage":"en-US","potentialAction":[{"@type":"ReadAction","target":["https:\/\/www.semioconsult.com\/en\/suonnoefuoco\/"]}]},{"@type":"BreadcrumbList","@id":"https:\/\/www.semioconsult.com\/en\/suonnoefuoco\/#breadcrumb","itemListElement":[{"@type":"ListItem","position":1,"name":"Accueil","item":"https:\/\/www.semioconsult.com\/en\/"},{"@type":"ListItem","position":2,"name":"Suonno &lsquo;E Fuoco"}]},{"@type":"WebSite","@id":"https:\/\/www.semioconsult.com\/#website","url":"https:\/\/www.semioconsult.com\/","name":"S\u00e9mioConsult","description":"Cabinet de conseil","publisher":{"@id":"https:\/\/www.semioconsult.com\/#organization"},"potentialAction":[{"@type":"SearchAction","target":{"@type":"EntryPoint","urlTemplate":"https:\/\/www.semioconsult.com\/?s={search_term_string}"},"query-input":"required name=search_term_string"}],"inLanguage":"en-US"},{"@type":"Organization","@id":"https:\/\/www.semioconsult.com\/#organization","name":"S\u00e9mioConsult","url":"https:\/\/www.semioconsult.com\/","logo":{"@type":"ImageObject","inLanguage":"en-US","@id":"https:\/\/www.semioconsult.com\/#\/schema\/logo\/image\/","url":"https:\/\/www.semioconsult.com\/wp-content\/uploads\/2020\/01\/logo-semioconsult.png","contentUrl":"https:\/\/www.semioconsult.com\/wp-content\/uploads\/2020\/01\/logo-semioconsult.png","width":1300,"height":500,"caption":"S\u00e9mioConsult"},"image":{"@id":"https:\/\/www.semioconsult.com\/#\/schema\/logo\/image\/"}}]}},"_links":{"self":[{"href":"https:\/\/www.semioconsult.com\/en\/wp-json\/wp\/v2\/pages\/4932"}],"collection":[{"href":"https:\/\/www.semioconsult.com\/en\/wp-json\/wp\/v2\/pages"}],"about":[{"href":"https:\/\/www.semioconsult.com\/en\/wp-json\/wp\/v2\/types\/page"}],"author":[{"embeddable":true,"href":"https:\/\/www.semioconsult.com\/en\/wp-json\/wp\/v2\/users\/2"}],"replies":[{"embeddable":true,"href":"https:\/\/www.semioconsult.com\/en\/wp-json\/wp\/v2\/comments?post=4932"}],"version-history":[{"count":12,"href":"https:\/\/www.semioconsult.com\/en\/wp-json\/wp\/v2\/pages\/4932\/revisions"}],"predecessor-version":[{"id":5011,"href":"https:\/\/www.semioconsult.com\/en\/wp-json\/wp\/v2\/pages\/4932\/revisions\/5011"}],"wp:attachment":[{"href":"https:\/\/www.semioconsult.com\/en\/wp-json\/wp\/v2\/media?parent=4932"}],"curies":[{"name":"wp","href":"https:\/\/api.w.org\/{rel}","templated":true}]}}