{"id":1187,"date":"2020-01-28T16:43:10","date_gmt":"2020-01-28T15:43:10","guid":{"rendered":"https:\/\/www.semioconsult.com\/nos-activites-de-conseil\/"},"modified":"2023-09-04T16:35:20","modified_gmt":"2023-09-04T14:35:20","slug":"servizi-di-consulenza","status":"publish","type":"page","link":"https:\/\/www.semioconsult.com\/it\/nostri-servizi\/servizi-di-consulenza\/","title":{"rendered":"Servizi di consulenza"},"content":{"rendered":"<p>[vc_row el_class=&#8221;highlighted-p&#8221;][vc_column][vc_column_text]La<span class=\"Y2IQFc\" lang=\"it\"> supportiamo nella definizione della sua strategia aziendale e nella revisione del DNA del suo brand. Adottiamo un approccio di co-costruzione con tutti gli stakeholder per garantire la sostenibilit\u00e0 della strategia scelta. <\/span><\/p>\n<p><span class=\"Y2IQFc\" lang=\"it\">La brand strategy \u00e8 un pilastro fondamentale della strategia aziendale e si basa su una prospettiva di 10 anni. Va ben oltre il semplice sviluppo di una carta grafica e implica una riflessione proiettiva a lungo termine da parte della Direzione.<\/span>[\/vc_column_text][vc_empty_space][vc_single_image image=&#8221;3437&#8243; img_size=&#8221;large&#8221; alignment=&#8221;center&#8221;][vc_empty_space][\/vc_column][\/vc_row][vc_row el_class=&#8221;highlighted-p&#8221;][vc_column][vc_column_text]<span class=\"Y2IQFc\" lang=\"it\">Le nostre raccomandazioni e studi si basano su varie tecniche di ricerca, per lo pi\u00f9 qualitative, integrando strumenti semiotici per dare &#8220;significato&#8221; al suo brand. Questo ci consente di raccogliere dati ricchi, che trasformiamo per lei in diagnosi chiare e affidabili associate a soluzioni pertinenti, pratiche e operative. <\/span><\/p>\n<p><span class=\"Y2IQFc\" lang=\"it\">La supportiamo nell&#8217;implementazione di queste soluzioni, in base alle sue esigenze e nel tempo. Offriamo un monitoraggio su misura che pu\u00f2 estendersi dalla definizione del DNA del suo brand a progetti operativi come l&#8217;implementazione della strategia di marketing scelta e \/ o l&#8217;implementazione di un piano di comunicazione.<\/span>[\/vc_column_text][vc_empty_space][vc_single_image image=&#8221;2457&#8243; img_size=&#8221;large&#8221; alignment=&#8221;center&#8221;][vc_empty_space][\/vc_column][\/vc_row][vc_row el_class=&#8221;highlighted-p section-sommaire&#8221; css=&#8221;.vc_custom_1583917894702{margin-bottom: 60px !important;}&#8221;][vc_column width=&#8221;1\/2&#8243;][vc_column_text]<\/p>\n<h2>Sommario<\/h2>\n<p>[\/vc_column_text][vc_column_text css=&#8221;.vc_custom_1619538495817{margin-bottom: 0px !important;}&#8221;]<\/p>\n<ul>\n<li><a href=\"#marca-dna-immagine\">DNA &amp; Immagine della Marca<\/a><\/li>\n<li><a href=\"#conoscenza-suo-mercato\">Conoscenza del Suo Mercato<\/a><\/li>\n<li><a href=\"#lotta-contraffazione\">Lotta Contro la Contraffazione<\/a><\/li>\n<li><a href=\"#audit-semiologico\">Audit Semiologico delle Strategie Digitali<\/a><\/li>\n<li><a href=\"#storytelling-marchio\">Storytelling del Brand<\/a><\/li>\n<li><a href=\"#esperienza_cliente\">Esperienza del Cliente<\/a><\/li>\n<\/ul>\n<p>[\/vc_column_text][\/vc_column][vc_column width=&#8221;1\/2&#8243;][vc_empty_space height=&#8221;110px&#8221;][vc_btn title=&#8221;Servizi PMI &amp; Start-ups&#8221; style=&#8221;custom&#8221; custom_background=&#8221;#213076&#8243; custom_text=&#8221;#ffffff&#8221; shape=&#8221;square&#8221; align=&#8221;center&#8221; link=&#8221;url:https%3A%2F%2Fwww.semioconsult.com%2Fwp-content%2Fuploads%2F2023%2F09%2FPDF_Consulting-Services-SemioConsult_IT-1.pdf|title:PMI%20%26%20Start-ups|target:_blank&#8221; el_class=&#8221;btn-bleu-semioconsult&#8221;][\/vc_column][\/vc_row][vc_row el_id=&#8221;marca-dna-immagine&#8221;][vc_column][vc_empty_space height=&#8221;100px&#8221;][vc_custom_heading text=&#8221;DNA &amp; Immagine della Marca&#8221; use_theme_fonts=&#8221;yes&#8221;][vc_column_text]Conoscersi \u00e8 alla base di qualsiasi strategia di sviluppo e di comunicazione efficace. Ma quello che la marca simbolizza per l\u2019opinione pubblica non \u00e8 necessariamente lo stesso quello che vuole dire intrinsecamente, e ancora meno quello che la marca vuole simbolizzare.<\/p>\n<p><strong><span lang=\"IT\" xml:lang=\"IT\">La nostra missione:<\/span><\/strong> A<span lang=\"IT\" xml:lang=\"IT\">iutarla a decodificare questa immagine di marca, a definire la carta genetica della sua marca e a identificare la sua essenza. Questa analisi \u00e8 la prima tappa nell\u2019 elaborazione di una strategia di comunicazione e di posizionamento efficaci.<\/span><\/p>\n<p><strong><span lang=\"IT\" xml:lang=\"IT\">La nostra metodologia:<\/span><\/strong> La s<span lang=\"IT\" xml:lang=\"IT\">emiotica, cio\u00e8 l\u2019analisi del senso, espresso da tutti i segni distintivi dell\u2019azienda e della marca (logo, pubblicit\u00e0, luogo di fabbricazione, ecc.).<\/span><\/p>\n<p><strong><span lang=\"IT\" xml:lang=\"IT\">Quadro sommario della prestazione:<\/span><\/strong><\/p>\n<ul>\n<li><span lang=\"IT\" xml:lang=\"IT\">Audit della situazione attuale e del bisogno di agire<\/span><\/li>\n<li><span lang=\"IT\" xml:lang=\"IT\">Analisi dei vari segni distintivi dell\u2019azienda<\/span><\/li>\n<li><span lang=\"IT\" xml:lang=\"IT\">Presentazione della mappa genetica della marca<\/span><\/li>\n<li><span lang=\"IT\" xml:lang=\"IT\">Accompagnamento nella riflessione sull\u2019essenza della marca<\/span><\/li>\n<li><span lang=\"IT\" xml:lang=\"IT\">Organizzazione e animazione di workshop per riflettere sui futuri scenari di riposizionamento strategico<\/span><\/li>\n<\/ul>\n<p>[\/vc_column_text][vc_empty_space][vc_column_text]<\/p>\n<p style=\"text-align: center;\">Desideri maggiori informazioni ? Richiedi un preventivo ?<\/p>\n<p>[\/vc_column_text][vc_btn title=&#8221;Contattaci&#8221; style=&#8221;custom&#8221; custom_background=&#8221;#213076&#8243; custom_text=&#8221;#ffffff&#8221; shape=&#8221;square&#8221; align=&#8221;center&#8221; link=&#8221;url:https%3A%2F%2Fwww.semioconsult.com%2Fit%2Fcontact%2F|title:Contattaci||&#8221; el_class=&#8221;btn-bleu-semioconsult&#8221;][vc_empty_space][\/vc_column][\/vc_row][vc_row el_id=&#8221;conoscenza-suo-mercato&#8221;][vc_column][vc_empty_space height=&#8221;100px&#8221;][vc_custom_heading text=&#8221;Conoscenza del suo Mercato&#8221; use_theme_fonts=&#8221;yes&#8221;][vc_column_text]Qualsiasi azienda funziona perch\u00e8 ha un mercato. La conoscenza di questo mercato \u00e8 spesso un mistero per i marketers. \u00c8 particolarmente il caso nel nostro ambiente postmoderno, in cui non ci sono pi\u00f9 i riferimenti tradizionali del consumo. Ma la conoscenza del mercato \u00e8 fondamentale per entrare in un nuovo mercato, per introdurre un nuovo prodotto, per sedurre il mercato della concorrenza o semplicemente per fidelizzare i suoi clienti.<\/p>\n<p><strong>La nostra missione: <\/strong>Aiutarla a rispondere alle seguenti domande:<\/p>\n<ul style=\"font-weight: 400;\">\n<li>Chi compra i miei prodotti \/ il mio servizio? Quali sono i suoi desideri? Le sue aspettative? Le sue esigenze? Come compra?<\/li>\n<li>Chi consuma \/ usa il mio prodotto \/ servizio? Quali sono i suoi desideri? Le sue aspettative? Le sue esigenze? Come consuma?<\/li>\n<li>Voglio introdurre un nuovo prodotto \/ modificare un prodotto esistente \/ cambiare il mio logo. Come questi saranno percepiti dal consumatore e dal compratore? Quali sono le probabilit\u00e0 di successo? Quali sono le trappole da evitare?<\/li>\n<li>Voglio entrare in un nuovo mercato, locale o internazionale. Come posso scegliere il mio target? Quali sarebbero le sue caratteristiche?<\/li>\n<li>Cerco di sviluppare la co-creazione (pubblicitaria, di prodotto&#8230;) con i miei clienti \/ consumatori. Come posso farlo?<\/li>\n<\/ul>\n<p><strong>Le nostre metodologie:<\/strong>\u00a0ethnomarketing, focus groups, interviste faccia a faccia[\/vc_column_text][vc_empty_space][vc_column_text]<\/p>\n<p style=\"text-align: center;\">Desideri maggiori informazioni ? Richiedi un preventivo ?<\/p>\n<p>[\/vc_column_text][vc_btn title=&#8221;Contattaci&#8221; style=&#8221;custom&#8221; custom_background=&#8221;#213076&#8243; custom_text=&#8221;#ffffff&#8221; shape=&#8221;square&#8221; align=&#8221;center&#8221; link=&#8221;url:https%3A%2F%2Fwww.semioconsult.com%2Fit%2Fcontact%2F|title:Contattaci||&#8221; el_class=&#8221;btn-bleu-semioconsult&#8221;][vc_empty_space][\/vc_column][\/vc_row][vc_row el_id=&#8221;lotta-contraffazione&#8221;][vc_column][vc_empty_space height=&#8221;100px&#8221;][vc_custom_heading text=&#8221;Lotta Contro la Contraffazione&#8221; use_theme_fonts=&#8221;yes&#8221;][vc_column_text]La contraffazione \u00e8 la nuova sfida delle aziende moderne. Nessuna \u00e8 al riparo da una contraffazione di brevetto e\/o di marca. API e le multinazionali si trovano nella stessa condizione.<\/p>\n<p>La valutazione dell\u2019impatto sull\u2019immagine di marca dell\u2019esistenza di contraffazione \u00e8 la chiave per capire quali azioni sono da intraprendere per lottare contro il problema.<\/p>\n<p><strong>La nostra missione: <\/strong>Valutare qualitativamente l\u2019impatto dell\u2019esistenza ipotetica o reale di prodotti che vanno a contraffare la sua marca.<\/p>\n<p><strong>La nostra metodologia:<\/strong><\/p>\n<ul style=\"font-weight: 400;\">\n<li>Se la contraffazione \u00e8 reale: studio dei punti di vendita, indagini qualitative presso i consumatori di prodotti autentici o di contraffazione<\/li>\n<li>Se la contraffazione \u00e8 ipotetica: studio dell\u2019esistenza potenziale di questa contraffazione, indagini qualitative presso i consumatori autentici<\/li>\n<\/ul>\n<p>[\/vc_column_text][vc_empty_space][vc_column_text]<\/p>\n<p style=\"text-align: center;\">Desideri maggiori informazioni ? Richiedi un preventivo ?<\/p>\n<p>[\/vc_column_text][vc_btn title=&#8221;Contattaci&#8221; style=&#8221;custom&#8221; custom_background=&#8221;#213076&#8243; custom_text=&#8221;#ffffff&#8221; shape=&#8221;square&#8221; align=&#8221;center&#8221; link=&#8221;url:https%3A%2F%2Fwww.semioconsult.com%2Fit%2Fcontact%2F|title:Contattaci||&#8221; el_class=&#8221;btn-bleu-semioconsult&#8221;][vc_empty_space][\/vc_column][\/vc_row][vc_row el_id=&#8221;audit-semiologico&#8221;][vc_column][vc_empty_space height=&#8221;100px&#8221;][vc_custom_heading text=&#8221;Audit semiologico delle strategie digitali&#8221;][vc_column_text]<strong>La nostra missione: <\/strong>Offrire alle aziende clienti una prospettiva critica sulle loro strategie digitali e offrire loro un supporto per far fronte alle attuali sfide digitali.<\/p>\n<p><strong>Il nostro metodo: <\/strong>La semiotica, ovvero l&#8217;analisi del significato trasmesso da tutti i segni distintivi dell&#8217;azienda (logo, pubblicit\u00e0, prodotti, ubicazione, ecc.).<\/p>\n<p><strong>Panoramica del servizio:<\/strong>[\/vc_column_text][vc_custom_heading text=&#8221;1. Audit&#8221; font_container=&#8221;tag:h3|text_align:left&#8221; use_theme_fonts=&#8221;yes&#8221;][vc_column_text]<span style=\"text-decoration: underline;\">Metodologia semio-pragmatica<\/span>: Analisi delle comunicazioni digitali del marchio<\/p>\n<ul>\n<li>Riepilogo sull&#8217;identit\u00e0 del marchio trasmessa dai media digitali<\/li>\n<li>Identificazione di problemi nella comunicazione del marchio ai livelli locali e internazionali<\/li>\n<li>Forme di visualizzazione della qualit\u00e0, origine dei prodotti, metodi di lavoro, forme di distribuzione, ecc.<\/li>\n<\/ul>\n<p><span style=\"text-decoration: underline;\">Traffico multimediale<\/span>:<\/p>\n<ul>\n<li>Forme di comunicazione digitale controllate \/ sofferte<\/li>\n<li>Problemi di identit\u00e0 del marchio di fronte ai nuovi media<\/li>\n<li>Termini e condizioni per la presenza online del marchio (sito Web, discorsi del marchio nelle sue varie sedi, discorsi sul marchio realizzati da altri attori)<\/li>\n<li>Analisi del discorso sul marchio (analisi qualitativa, corpus selettivo)<\/li>\n<\/ul>\n<p>Analisi sul campo dei metodi organizzativi e di lavoro degli attori coinvolti nella comunicazione digitale (presso l&#8217;inserzionista e \/ o in un&#8217;agenzia missionaria)[\/vc_column_text][vc_custom_heading text=&#8221;2. Supporto&#8221; font_container=&#8221;tag:h3|text_align:left&#8221; use_theme_fonts=&#8221;yes&#8221;][vc_column_text]<\/p>\n<ul>\n<li>Presentazione dei risultati della ricerca<\/li>\n<li>Workshop di formazione personalizzati su temi Web per il marchio in esame<\/li>\n<\/ul>\n<p>[\/vc_column_text][vc_empty_space][vc_column_text]<\/p>\n<p style=\"text-align: center;\">Desideri maggiori informazioni ? Richiedi un preventivo ?<\/p>\n<p>[\/vc_column_text][vc_btn title=&#8221;Contattaci&#8221; style=&#8221;custom&#8221; custom_background=&#8221;#213076&#8243; custom_text=&#8221;#ffffff&#8221; shape=&#8221;square&#8221; align=&#8221;center&#8221; link=&#8221;url:https%3A%2F%2Fwww.semioconsult.com%2Fit%2Fcontact%2F|title:Contattaci||&#8221; el_class=&#8221;btn-bleu-semioconsult&#8221;][vc_empty_space][\/vc_column][\/vc_row][vc_row el_id=&#8221;storytelling-marchio&#8221;][vc_column][vc_empty_space height=&#8221;100px&#8221;][vc_custom_heading text=&#8221;Storytelling del Brand&#8221; use_theme_fonts=&#8221;yes&#8221;][vc_column_text]Poich\u00e9 un&#8217;immagine vale pi\u00f9 di 100.000 parole e una buona storia crea emozioni forti, S\u00e9mioConsult vi aiuta a creare la storia del vostro marchio rendendo il vostro cliente \/ consumatore l&#8217;eroe. Dopo una riflessione riguardante i valori del vostro marchio e sul suo posizionamento, vi supportiamo tramite una metodologia innovativa e proiettiva per modellare uno scenario che vi permetter\u00e0 di costruire una relazione con il vostro pubblico e quindi di costruire un forte patrimonio del marchio. E poich\u00e9 gestire le squadre di creazione non \u00e8 sempre la vostra specialit\u00e0, vi supportiamo anche in questa fase di produzione e messa in scena della vostra storia.[\/vc_column_text][vc_empty_space][vc_column_text]<\/p>\n<p style=\"text-align: center;\">Desideri maggiori informazioni ? Richiedi un preventivo ?<\/p>\n<p>[\/vc_column_text][vc_btn title=&#8221;Contattaci&#8221; style=&#8221;custom&#8221; custom_background=&#8221;#213076&#8243; custom_text=&#8221;#ffffff&#8221; shape=&#8221;square&#8221; align=&#8221;center&#8221; link=&#8221;url:https%3A%2F%2Fwww.semioconsult.com%2Fit%2Fcontact%2F|title:Contattaci||&#8221; el_class=&#8221;btn-bleu-semioconsult&#8221;][vc_empty_space][\/vc_column][\/vc_row][vc_row el_id=&#8221;esperienza_cliente&#8221;][vc_column][vc_empty_space height=&#8221;100px&#8221;][vc_custom_heading text=&#8221;Esperienza del Cliente&#8221; use_theme_fonts=&#8221;yes&#8221;][vc_column_text]<span class=\"Y2IQFc\" lang=\"it\">La sua brand equity si basa sui suoi clienti, sul rapporto che ha costruito con loro e sulla loro esperienza della sua brand experience. L&#8217;esperienza del cliente \u00e8 una parte fondamentale della sua strategia di branding. Le aziende capaci di regalare esperienze avvincenti ed efficaci sono quindi quelle che vanno oltre: tengono conto del valore emotivo oltre che della specificit\u00e0 del momento e dell&#8217;umore del cliente. L&#8217;obiettivo \u00e8 consentire ai brand di creare un ricordo positivo durante tutto il percorso di acquisto e di gettare le basi per un rapporto duraturo e leale. <\/span><\/p>\n<p><strong>La nostra missione: <\/strong>F<span class=\"Y2IQFc\" lang=\"it\">ornirvi una piena comprensione dell&#8217;esperienza onnicomprensiva dei suoi clienti durante il loro percorso di acquisto.<\/span><\/p>\n<p><span class=\"Y2IQFc\" lang=\"it\"><strong>Panoramica del servizio:<\/strong> <\/span><\/p>\n<ul>\n<li><span class=\"Y2IQFc\" lang=\"it\">Audit dell&#8217;esperienza del cliente fornita (visita misteriosa nel punto vendita fisico o online) <\/span><\/li>\n<li><span class=\"Y2IQFc\" lang=\"it\">Analisi \/ Sviluppo del customer journey multicanale <\/span><\/li>\n<li><span class=\"Y2IQFc\" lang=\"it\">Analisi della brand experience multicanale <\/span><\/li>\n<li><span class=\"Y2IQFc\" lang=\"it\">Audit semiotico del valore del brand basato sul cliente (CBBE &#8211; Consumer Based Brand Equity) <\/span><\/li>\n<li><span class=\"Y2IQFc\" lang=\"it\">Audit semiotico dei punti di contatto con il consumatore \/ cliente <\/span><\/li>\n<li><span class=\"Y2IQFc\" lang=\"it\">Raccomandazioni sul merchandising e l&#8217;esposizione in negozio, nonch\u00e9 sul percorso del cliente nel punto vendita fisico<\/span><\/li>\n<\/ul>\n<p>[\/vc_column_text][vc_empty_space][vc_column_text]<\/p>\n<p style=\"text-align: center;\">Desideri maggiori informazioni ? Richiedi un preventivo ?<\/p>\n<p>[\/vc_column_text][vc_btn title=&#8221;Contattaci&#8221; style=&#8221;custom&#8221; custom_background=&#8221;#213076&#8243; custom_text=&#8221;#ffffff&#8221; shape=&#8221;square&#8221; align=&#8221;center&#8221; link=&#8221;url:https%3A%2F%2Fwww.semioconsult.com%2Fit%2Fcontact%2F|title:Contattaci||&#8221; el_class=&#8221;btn-bleu-semioconsult&#8221;][vc_empty_space][\/vc_column][vc_column][\/vc_column][\/vc_row]<\/p>\n","protected":false},"excerpt":{"rendered":"<p>[vc_row el_class=&#8221;highlighted-p&#8221;][vc_column][vc_column_text]La supportiamo nella definizione della sua strategia aziendale e nella revisione del DNA del suo brand. Adottiamo un approccio di co-costruzione con tutti gli stakeholder per garantire la sostenibilit\u00e0 della strategia scelta. La brand strategy \u00e8 un pilastro fondamentale della strategia aziendale e si basa su una prospettiva di 10 anni. Va ben oltre<\/p>\n","protected":false},"author":1,"featured_media":0,"parent":1629,"menu_order":0,"comment_status":"closed","ping_status":"closed","template":"","meta":{"_monsterinsights_skip_tracking":false,"_monsterinsights_sitenote_active":false,"_monsterinsights_sitenote_note":"","_monsterinsights_sitenote_category":0,"footnotes":""},"yoast_head":"<!-- This site is optimized with the Yoast SEO plugin v22.1 - https:\/\/yoast.com\/wordpress\/plugins\/seo\/ -->\n<title>Servizi di consulenza - S\u00e9mioConsult<\/title>\n<meta name=\"robots\" content=\"index, follow, max-snippet:-1, max-image-preview:large, max-video-preview:-1\" \/>\n<link rel=\"canonical\" href=\"https:\/\/www.semioconsult.com\/it\/nostri-servizi\/servizi-di-consulenza\/\" \/>\n<meta property=\"og:locale\" content=\"it_IT\" \/>\n<meta property=\"og:type\" content=\"article\" \/>\n<meta property=\"og:title\" content=\"Servizi di consulenza - S\u00e9mioConsult\" \/>\n<meta property=\"og:description\" content=\"[vc_row el_class=&#8221;highlighted-p&#8221;][vc_column][vc_column_text]La supportiamo nella definizione della sua strategia aziendale e nella revisione del DNA del suo brand. Adottiamo un approccio di co-costruzione con tutti gli stakeholder per garantire la sostenibilit\u00e0 della strategia scelta. La brand strategy \u00e8 un pilastro fondamentale della strategia aziendale e si basa su una prospettiva di 10 anni. Va ben oltre\" \/>\n<meta property=\"og:url\" content=\"https:\/\/www.semioconsult.com\/it\/nostri-servizi\/servizi-di-consulenza\/\" \/>\n<meta property=\"og:site_name\" content=\"S\u00e9mioConsult\" \/>\n<meta property=\"article:modified_time\" content=\"2023-09-04T14:35:20+00:00\" \/>\n<meta name=\"twitter:card\" content=\"summary_large_image\" \/>\n<meta name=\"twitter:label1\" content=\"Tempo di lettura stimato\" \/>\n\t<meta name=\"twitter:data1\" content=\"9 minuti\" \/>\n<script type=\"application\/ld+json\" class=\"yoast-schema-graph\">{\"@context\":\"https:\/\/schema.org\",\"@graph\":[{\"@type\":\"WebPage\",\"@id\":\"https:\/\/www.semioconsult.com\/it\/nostri-servizi\/servizi-di-consulenza\/\",\"url\":\"https:\/\/www.semioconsult.com\/it\/nostri-servizi\/servizi-di-consulenza\/\",\"name\":\"Servizi di consulenza - S\u00e9mioConsult\",\"isPartOf\":{\"@id\":\"https:\/\/www.semioconsult.com\/#website\"},\"datePublished\":\"2020-01-28T15:43:10+00:00\",\"dateModified\":\"2023-09-04T14:35:20+00:00\",\"breadcrumb\":{\"@id\":\"https:\/\/www.semioconsult.com\/it\/nostri-servizi\/servizi-di-consulenza\/#breadcrumb\"},\"inLanguage\":\"it-IT\",\"potentialAction\":[{\"@type\":\"ReadAction\",\"target\":[\"https:\/\/www.semioconsult.com\/it\/nostri-servizi\/servizi-di-consulenza\/\"]}]},{\"@type\":\"BreadcrumbList\",\"@id\":\"https:\/\/www.semioconsult.com\/it\/nostri-servizi\/servizi-di-consulenza\/#breadcrumb\",\"itemListElement\":[{\"@type\":\"ListItem\",\"position\":1,\"name\":\"Accueil\",\"item\":\"https:\/\/www.semioconsult.com\/en\/\"},{\"@type\":\"ListItem\",\"position\":2,\"name\":\"Nostri servizi\",\"item\":\"https:\/\/www.semioconsult.com\/it\/nostri-servizi\/\"},{\"@type\":\"ListItem\",\"position\":3,\"name\":\"Servizi di consulenza\"}]},{\"@type\":\"WebSite\",\"@id\":\"https:\/\/www.semioconsult.com\/#website\",\"url\":\"https:\/\/www.semioconsult.com\/\",\"name\":\"S\u00e9mioConsult\",\"description\":\"Cabinet de conseil\",\"publisher\":{\"@id\":\"https:\/\/www.semioconsult.com\/#organization\"},\"potentialAction\":[{\"@type\":\"SearchAction\",\"target\":{\"@type\":\"EntryPoint\",\"urlTemplate\":\"https:\/\/www.semioconsult.com\/?s={search_term_string}\"},\"query-input\":\"required name=search_term_string\"}],\"inLanguage\":\"it-IT\"},{\"@type\":\"Organization\",\"@id\":\"https:\/\/www.semioconsult.com\/#organization\",\"name\":\"S\u00e9mioConsult\",\"url\":\"https:\/\/www.semioconsult.com\/\",\"logo\":{\"@type\":\"ImageObject\",\"inLanguage\":\"it-IT\",\"@id\":\"https:\/\/www.semioconsult.com\/#\/schema\/logo\/image\/\",\"url\":\"https:\/\/www.semioconsult.com\/wp-content\/uploads\/2020\/01\/logo-semioconsult.png\",\"contentUrl\":\"https:\/\/www.semioconsult.com\/wp-content\/uploads\/2020\/01\/logo-semioconsult.png\",\"width\":1300,\"height\":500,\"caption\":\"S\u00e9mioConsult\"},\"image\":{\"@id\":\"https:\/\/www.semioconsult.com\/#\/schema\/logo\/image\/\"}}]}<\/script>\n<!-- \/ Yoast SEO plugin. -->","yoast_head_json":{"title":"Servizi di consulenza - S\u00e9mioConsult","robots":{"index":"index","follow":"follow","max-snippet":"max-snippet:-1","max-image-preview":"max-image-preview:large","max-video-preview":"max-video-preview:-1"},"canonical":"https:\/\/www.semioconsult.com\/it\/nostri-servizi\/servizi-di-consulenza\/","og_locale":"it_IT","og_type":"article","og_title":"Servizi di consulenza - S\u00e9mioConsult","og_description":"[vc_row el_class=&#8221;highlighted-p&#8221;][vc_column][vc_column_text]La supportiamo nella definizione della sua strategia aziendale e nella revisione del DNA del suo brand. Adottiamo un approccio di co-costruzione con tutti gli stakeholder per garantire la sostenibilit\u00e0 della strategia scelta. La brand strategy \u00e8 un pilastro fondamentale della strategia aziendale e si basa su una prospettiva di 10 anni. Va ben oltre","og_url":"https:\/\/www.semioconsult.com\/it\/nostri-servizi\/servizi-di-consulenza\/","og_site_name":"S\u00e9mioConsult","article_modified_time":"2023-09-04T14:35:20+00:00","twitter_card":"summary_large_image","twitter_misc":{"Tempo di lettura stimato":"9 minuti"},"schema":{"@context":"https:\/\/schema.org","@graph":[{"@type":"WebPage","@id":"https:\/\/www.semioconsult.com\/it\/nostri-servizi\/servizi-di-consulenza\/","url":"https:\/\/www.semioconsult.com\/it\/nostri-servizi\/servizi-di-consulenza\/","name":"Servizi di consulenza - S\u00e9mioConsult","isPartOf":{"@id":"https:\/\/www.semioconsult.com\/#website"},"datePublished":"2020-01-28T15:43:10+00:00","dateModified":"2023-09-04T14:35:20+00:00","breadcrumb":{"@id":"https:\/\/www.semioconsult.com\/it\/nostri-servizi\/servizi-di-consulenza\/#breadcrumb"},"inLanguage":"it-IT","potentialAction":[{"@type":"ReadAction","target":["https:\/\/www.semioconsult.com\/it\/nostri-servizi\/servizi-di-consulenza\/"]}]},{"@type":"BreadcrumbList","@id":"https:\/\/www.semioconsult.com\/it\/nostri-servizi\/servizi-di-consulenza\/#breadcrumb","itemListElement":[{"@type":"ListItem","position":1,"name":"Accueil","item":"https:\/\/www.semioconsult.com\/en\/"},{"@type":"ListItem","position":2,"name":"Nostri servizi","item":"https:\/\/www.semioconsult.com\/it\/nostri-servizi\/"},{"@type":"ListItem","position":3,"name":"Servizi di consulenza"}]},{"@type":"WebSite","@id":"https:\/\/www.semioconsult.com\/#website","url":"https:\/\/www.semioconsult.com\/","name":"S\u00e9mioConsult","description":"Cabinet de conseil","publisher":{"@id":"https:\/\/www.semioconsult.com\/#organization"},"potentialAction":[{"@type":"SearchAction","target":{"@type":"EntryPoint","urlTemplate":"https:\/\/www.semioconsult.com\/?s={search_term_string}"},"query-input":"required name=search_term_string"}],"inLanguage":"it-IT"},{"@type":"Organization","@id":"https:\/\/www.semioconsult.com\/#organization","name":"S\u00e9mioConsult","url":"https:\/\/www.semioconsult.com\/","logo":{"@type":"ImageObject","inLanguage":"it-IT","@id":"https:\/\/www.semioconsult.com\/#\/schema\/logo\/image\/","url":"https:\/\/www.semioconsult.com\/wp-content\/uploads\/2020\/01\/logo-semioconsult.png","contentUrl":"https:\/\/www.semioconsult.com\/wp-content\/uploads\/2020\/01\/logo-semioconsult.png","width":1300,"height":500,"caption":"S\u00e9mioConsult"},"image":{"@id":"https:\/\/www.semioconsult.com\/#\/schema\/logo\/image\/"}}]}},"_links":{"self":[{"href":"https:\/\/www.semioconsult.com\/it\/wp-json\/wp\/v2\/pages\/1187"}],"collection":[{"href":"https:\/\/www.semioconsult.com\/it\/wp-json\/wp\/v2\/pages"}],"about":[{"href":"https:\/\/www.semioconsult.com\/it\/wp-json\/wp\/v2\/types\/page"}],"author":[{"embeddable":true,"href":"https:\/\/www.semioconsult.com\/it\/wp-json\/wp\/v2\/users\/1"}],"replies":[{"embeddable":true,"href":"https:\/\/www.semioconsult.com\/it\/wp-json\/wp\/v2\/comments?post=1187"}],"version-history":[{"count":36,"href":"https:\/\/www.semioconsult.com\/it\/wp-json\/wp\/v2\/pages\/1187\/revisions"}],"predecessor-version":[{"id":4535,"href":"https:\/\/www.semioconsult.com\/it\/wp-json\/wp\/v2\/pages\/1187\/revisions\/4535"}],"up":[{"embeddable":true,"href":"https:\/\/www.semioconsult.com\/it\/wp-json\/wp\/v2\/pages\/1629"}],"wp:attachment":[{"href":"https:\/\/www.semioconsult.com\/it\/wp-json\/wp\/v2\/media?parent=1187"}],"curies":[{"name":"wp","href":"https:\/\/api.w.org\/{rel}","templated":true}]}}