{"id":1639,"date":"2020-01-29T11:34:54","date_gmt":"2020-01-29T10:34:54","guid":{"rendered":"https:\/\/www.semioconsult.com\/qui-sommes-nous__trashed\/nos-partenaires\/"},"modified":"2026-04-03T15:19:03","modified_gmt":"2026-04-03T13:19:03","slug":"i-nostri-partners","status":"publish","type":"page","link":"https:\/\/www.semioconsult.com\/it\/chi-siamo\/i-nostri-partners\/","title":{"rendered":"I Nostri Partners"},"content":{"rendered":"<p>[vc_row content_placement=&#8221;middle&#8221;][vc_column width=&#8221;1\/4&#8243;][vc_single_image image=&#8221;3242&#8243; img_size=&#8221;medium&#8221; alignment=&#8221;center&#8221;][\/vc_column][vc_column width=&#8221;3\/4&#8243;][vc_custom_heading text=&#8221;Francesco Galimberti &#8211; Designer&#8221;][vc_column_text]<\/p>\n<p class=\"p1\">Fondatore di GalimbertiDesign.it, Francesco Galimberti \u00e8 un designer versatile e multiculturale. Con una formazione in arte, architettura seguita da una laurea in design automobilistico \/ dei trasporti, ha acquisito una profonda conoscenza del design del prodotto e dell&#8217;identit\u00e0 del marchio.<\/p>\n<p class=\"p1\">Come artista creativo ha la capacit\u00e0 di esprimere le idee dei clienti attraverso proposte creative e innovative. Cattura il valore e la strategia del marchio per creare un&#8217;identit\u00e0 completa del marchio dai loghi agli sviluppi del prodotto.<\/p>\n<div class=\"jhH5U\">\n<div id=\"tw-ob\" class=\"tw-src-ltr\">\n<div class=\"oSioSc\">\n<div id=\"tw-target\">\n<div id=\"kAz1tf\" class=\"g9WsWb\">\n<div id=\"tw-target-rmn-container\" class=\"tw-ta-container hide-focus-ring tw-nfl\">\n<pre id=\"tw-target-rmn\" class=\"tw-data-placeholder tw-text-small tw-ta\" dir=\"ltr\" data-placeholder=\"\"><\/pre>\n<\/div>\n<div class=\"iYB33c\">\n<div id=\"tw-tmenu\" class=\"tw-menu\"><\/div>\n<\/div>\n<\/div>\n<\/div>\n<\/div>\n<\/div>\n<div id=\"tw-images\"><\/div>\n<div class=\"dURPtb\"><\/div>\n<div>\n<div><\/div>\n<\/div>\n<\/div>\n<p>[\/vc_column_text][vc_column_text]<a href=\"https:\/\/cn.linkedin.com\/in\/francesco-galimberti\/fr?trk=people-guest_people_search-card&amp;original_referer=https%3A%2F%2Flu.linkedin.com%2F\">Esplora il suo lavoro e i suoi progetti<\/a><\/p>\n<p>Telefono: (+39) 349 85 11 474[\/vc_column_text][\/vc_column][\/vc_row][vc_row content_placement=&#8221;middle&#8221;][vc_column width=&#8221;1\/4&#8243;][vc_single_image image=&#8221;5629&#8243; img_size=&#8221;medium&#8221; alignment=&#8221;center&#8221;][\/vc_column][vc_column width=&#8221;3\/4&#8243;][vc_custom_heading text=&#8221;Mon Capitaine &#8211; Consulenza in Management&#8221;][vc_column_text]Mon Capitaine offre un nuovissimo seminario ad aziende e individui che mirano a sviluppare le loro capacit\u00e0 di leadership. Questo seminario \u00e8 l&#8217;opportunit\u00e0 perfetta per completare le sfide mentali e fisiche che i leader quotidiani potrebbero dover affrontare.<\/p>\n<p>L&#8217;obiettivo \u00e8 formare i manager affinch\u00e9 trasmettano il messaggio giusto attorno a loro e siano in perfetta adeguatezza con il loro ecosistema.<\/p>\n<div class=\"jhH5U\">\n<div id=\"tw-ob\" class=\"tw-src-ltr\">\n<div class=\"oSioSc\">\n<div id=\"tw-target\">\n<div id=\"kAz1tf\" class=\"g9WsWb\">\n<div id=\"tw-target-rmn-container\" class=\"tw-ta-container hide-focus-ring tw-nfl\">\n<pre id=\"tw-target-rmn\" class=\"tw-data-placeholder tw-text-small tw-ta\" dir=\"ltr\" data-placeholder=\"\"><\/pre>\n<\/div>\n<div class=\"iYB33c\">\n<div id=\"tw-tmenu\" class=\"tw-menu\"><\/div>\n<\/div>\n<\/div>\n<\/div>\n<\/div>\n<\/div>\n<div id=\"tw-images\"><\/div>\n<div class=\"dURPtb\"><\/div>\n<div>\n<div><\/div>\n<\/div>\n<\/div>\n<p>[\/vc_column_text][vc_column_text]<a href=\"https:\/\/www.mon-capitaine.com\">Website<\/a><\/p>\n<p>LinkedIn: <a href=\"https:\/\/www.linkedin.com\/company\/mon-capitaine\/\">https:\/\/www.linkedin.com\/company\/mon-capitaine\/<\/a>[\/vc_column_text][\/vc_column][\/vc_row][vc_row content_placement=&#8221;middle&#8221;][vc_column width=&#8221;1\/4&#8243;][vc_single_image image=&#8221;5778&#8243; img_size=&#8221;medium&#8221; alignment=&#8221;center&#8221;][\/vc_column][vc_column width=&#8221;3\/4&#8243;][vc_custom_heading text=&#8221;Pascal Raso &#8211; Fotografo&#8221;][vc_column_text]<\/p>\n<p class=\"p1\">Il pittore e fotografo professionista Pascal Raso \u00e8 stato formato\u00a0 nel laboratorio di belle arti Martenot-Covo. Fotografo di sport estremi, divenne allievo di Jean Turco alla fine degli anni &#8217;90 e pass\u00f2 alla fotografia in studio. Sostenitore della totale padronanza tecnica per liberare la creativit\u00e0, si sta muovendo verso campi impegnativi come la pubblicit\u00e0. Negli ultimi anni a Pascal Raso sono state affidate pi\u00f9 di 50 campagne internazionali. Autore e artista, espone le sue opere personali a New York e Parigi.<\/p>\n<div class=\"jhH5U\">\n<div id=\"tw-ob\" class=\"tw-src-ltr\">\n<div class=\"oSioSc\">\n<div id=\"tw-target\">\n<div id=\"kAz1tf\" class=\"g9WsWb\">\n<div id=\"tw-target-rmn-container\" class=\"tw-ta-container hide-focus-ring tw-nfl\">\n<pre id=\"tw-target-rmn\" class=\"tw-data-placeholder tw-text-small tw-ta\" dir=\"ltr\" data-placeholder=\"\"><\/pre>\n<\/div>\n<div class=\"iYB33c\">\n<div id=\"tw-tmenu\" class=\"tw-menu\"><\/div>\n<\/div>\n<\/div>\n<\/div>\n<\/div>\n<\/div>\n<div id=\"tw-images\"><\/div>\n<div class=\"dURPtb\"><\/div>\n<div>\n<div><\/div>\n<\/div>\n<\/div>\n<p>[\/vc_column_text][vc_column_text]<a href=\"https:\/\/www.instagram.com\/pascalraso\/\">Esplora il suo lavoro e i suoi progetti<\/a><\/p>\n<p>Telefono: (+33) 06 12 84 82 03[\/vc_column_text][\/vc_column][\/vc_row][vc_row content_placement=&#8221;middle&#8221;][vc_column width=&#8221;1\/4&#8243;][vc_single_image image=&#8221;5775&#8243; img_size=&#8221;medium&#8221; alignment=&#8221;center&#8221;][\/vc_column][vc_column width=&#8221;3\/4&#8243;][vc_custom_heading text=&#8221;R\u00e9gis Mengus \u2013 Compositore &#038; Creatore di universi sonori&#8221;][vc_column_text]<\/p>\n<p data-start=\"100\" data-end=\"403\">Baritono dalla carriera riconosciuta, R\u00e9gis Mengus possiede una rara padronanza della materia musicale, plasmata dalla scena, dalla voce e dal senso dell\u2019interpretazione. Da questa esigenza \u00e8 nata un\u2019approccio singolare alla composizione, in cui ogni nota prolunga un gesto, un\u2019intenzione, una presenza.<\/p>\n<p data-start=\"405\" data-end=\"703\">Oggi crea universi sonori su misura per brand ed esperienze, dando forma a ci\u00f2 che non si dice: un\u2019atmosfera, una memoria, un\u2019emozione diffusa. Le sue composizioni accompagnano esperienze live, film, dispositivi immersivi o identit\u00e0 sonore, sempre pensate come estensioni sensibili dell\u2019esperienza.<\/p>\n<p data-start=\"705\" data-end=\"875\">Il suo lavoro non \u00e8 semplice illustrazione, ma incarnazione. Il suono diventa spazio, ritmo, respiro \u2014 una firma invisibile che avvolge, guida e lascia un segno duraturo.<\/p>\n<p data-start=\"877\" data-end=\"992\" data-is-last-node=\"\" data-is-only-node=\"\">All\u2019incrocio tra arte e significato, R\u00e9gis Mengus compone esperienze che si ascoltano tanto quanto si percepiscono.<\/p>\n<p>[\/vc_column_text][\/vc_column][\/vc_row]<\/p>\n","protected":false},"excerpt":{"rendered":"<p>[vc_row content_placement=&#8221;middle&#8221;][vc_column width=&#8221;1\/4&#8243;][vc_single_image image=&#8221;3242&#8243; img_size=&#8221;medium&#8221; alignment=&#8221;center&#8221;][\/vc_column][vc_column width=&#8221;3\/4&#8243;][vc_custom_heading text=&#8221;Francesco Galimberti &#8211; Designer&#8221;][vc_column_text] Fondatore di GalimbertiDesign.it, Francesco Galimberti \u00e8 un designer versatile e multiculturale. Con una formazione in arte, architettura seguita da una laurea in design automobilistico \/ dei trasporti, ha acquisito una profonda conoscenza del design del prodotto e dell&#8217;identit\u00e0 del marchio. Come artista creativo ha<\/p>\n","protected":false},"author":1,"featured_media":0,"parent":1197,"menu_order":0,"comment_status":"closed","ping_status":"closed","template":"","meta":{"_monsterinsights_skip_tracking":false,"_monsterinsights_sitenote_active":false,"_monsterinsights_sitenote_note":"","_monsterinsights_sitenote_category":0,"footnotes":""},"yoast_head":"<!-- This site is optimized with the Yoast SEO plugin v22.1 - https:\/\/yoast.com\/wordpress\/plugins\/seo\/ -->\n<title>I Nostri Partners - S\u00e9mioConsult<\/title>\n<meta name=\"robots\" content=\"index, follow, max-snippet:-1, max-image-preview:large, max-video-preview:-1\" \/>\n<link rel=\"canonical\" href=\"https:\/\/www.semioconsult.com\/qui-sommes-nous\/nos-partenaires\/\" \/>\n<meta property=\"og:locale\" content=\"it_IT\" \/>\n<meta property=\"og:type\" content=\"article\" \/>\n<meta property=\"og:title\" content=\"I Nostri Partners - S\u00e9mioConsult\" \/>\n<meta property=\"og:description\" content=\"[vc_row content_placement=&#8221;middle&#8221;][vc_column width=&#8221;1\/4&#8243;][vc_single_image image=&#8221;3242&#8243; img_size=&#8221;medium&#8221; alignment=&#8221;center&#8221;][\/vc_column][vc_column width=&#8221;3\/4&#8243;][vc_custom_heading text=&#8221;Francesco Galimberti &#8211; Designer&#8221;][vc_column_text] Fondatore di GalimbertiDesign.it, Francesco Galimberti \u00e8 un designer versatile e multiculturale. Con una formazione in arte, architettura seguita da una laurea in design automobilistico \/ dei trasporti, ha acquisito una profonda conoscenza del design del prodotto e dell&#8217;identit\u00e0 del marchio. Come artista creativo ha\" \/>\n<meta property=\"og:url\" content=\"https:\/\/www.semioconsult.com\/qui-sommes-nous\/nos-partenaires\/\" \/>\n<meta property=\"og:site_name\" content=\"S\u00e9mioConsult\" \/>\n<meta property=\"article:modified_time\" content=\"2026-04-03T13:19:03+00:00\" \/>\n<meta name=\"twitter:card\" content=\"summary_large_image\" \/>\n<meta name=\"twitter:label1\" content=\"Tempo di lettura stimato\" \/>\n\t<meta name=\"twitter:data1\" content=\"3 minuti\" \/>\n<script type=\"application\/ld+json\" class=\"yoast-schema-graph\">{\"@context\":\"https:\/\/schema.org\",\"@graph\":[{\"@type\":\"WebPage\",\"@id\":\"https:\/\/www.semioconsult.com\/qui-sommes-nous\/nos-partenaires\/\",\"url\":\"https:\/\/www.semioconsult.com\/qui-sommes-nous\/nos-partenaires\/\",\"name\":\"I Nostri Partners - S\u00e9mioConsult\",\"isPartOf\":{\"@id\":\"https:\/\/www.semioconsult.com\/#website\"},\"datePublished\":\"2020-01-29T10:34:54+00:00\",\"dateModified\":\"2026-04-03T13:19:03+00:00\",\"breadcrumb\":{\"@id\":\"https:\/\/www.semioconsult.com\/qui-sommes-nous\/nos-partenaires\/#breadcrumb\"},\"inLanguage\":\"it-IT\",\"potentialAction\":[{\"@type\":\"ReadAction\",\"target\":[\"https:\/\/www.semioconsult.com\/qui-sommes-nous\/nos-partenaires\/\"]}]},{\"@type\":\"BreadcrumbList\",\"@id\":\"https:\/\/www.semioconsult.com\/qui-sommes-nous\/nos-partenaires\/#breadcrumb\",\"itemListElement\":[{\"@type\":\"ListItem\",\"position\":1,\"name\":\"Accueil\",\"item\":\"https:\/\/www.semioconsult.com\/en\/\"},{\"@type\":\"ListItem\",\"position\":2,\"name\":\"Chi siamo ?\",\"item\":\"https:\/\/www.semioconsult.com\/it\/chi-siamo\/\"},{\"@type\":\"ListItem\",\"position\":3,\"name\":\"I Nostri Partners\"}]},{\"@type\":\"WebSite\",\"@id\":\"https:\/\/www.semioconsult.com\/#website\",\"url\":\"https:\/\/www.semioconsult.com\/\",\"name\":\"S\u00e9mioConsult\",\"description\":\"Cabinet de conseil\",\"publisher\":{\"@id\":\"https:\/\/www.semioconsult.com\/#organization\"},\"potentialAction\":[{\"@type\":\"SearchAction\",\"target\":{\"@type\":\"EntryPoint\",\"urlTemplate\":\"https:\/\/www.semioconsult.com\/?s={search_term_string}\"},\"query-input\":\"required name=search_term_string\"}],\"inLanguage\":\"it-IT\"},{\"@type\":\"Organization\",\"@id\":\"https:\/\/www.semioconsult.com\/#organization\",\"name\":\"S\u00e9mioConsult\",\"url\":\"https:\/\/www.semioconsult.com\/\",\"logo\":{\"@type\":\"ImageObject\",\"inLanguage\":\"it-IT\",\"@id\":\"https:\/\/www.semioconsult.com\/#\/schema\/logo\/image\/\",\"url\":\"https:\/\/www.semioconsult.com\/wp-content\/uploads\/2020\/01\/logo-semioconsult.png\",\"contentUrl\":\"https:\/\/www.semioconsult.com\/wp-content\/uploads\/2020\/01\/logo-semioconsult.png\",\"width\":1300,\"height\":500,\"caption\":\"S\u00e9mioConsult\"},\"image\":{\"@id\":\"https:\/\/www.semioconsult.com\/#\/schema\/logo\/image\/\"}}]}<\/script>\n<!-- \/ Yoast SEO plugin. -->","yoast_head_json":{"title":"I Nostri Partners - S\u00e9mioConsult","robots":{"index":"index","follow":"follow","max-snippet":"max-snippet:-1","max-image-preview":"max-image-preview:large","max-video-preview":"max-video-preview:-1"},"canonical":"https:\/\/www.semioconsult.com\/qui-sommes-nous\/nos-partenaires\/","og_locale":"it_IT","og_type":"article","og_title":"I Nostri Partners - S\u00e9mioConsult","og_description":"[vc_row content_placement=&#8221;middle&#8221;][vc_column width=&#8221;1\/4&#8243;][vc_single_image image=&#8221;3242&#8243; img_size=&#8221;medium&#8221; alignment=&#8221;center&#8221;][\/vc_column][vc_column width=&#8221;3\/4&#8243;][vc_custom_heading text=&#8221;Francesco Galimberti &#8211; Designer&#8221;][vc_column_text] Fondatore di GalimbertiDesign.it, Francesco Galimberti \u00e8 un designer versatile e multiculturale. Con una formazione in arte, architettura seguita da una laurea in design automobilistico \/ dei trasporti, ha acquisito una profonda conoscenza del design del prodotto e dell&#8217;identit\u00e0 del marchio. Come artista creativo ha","og_url":"https:\/\/www.semioconsult.com\/qui-sommes-nous\/nos-partenaires\/","og_site_name":"S\u00e9mioConsult","article_modified_time":"2026-04-03T13:19:03+00:00","twitter_card":"summary_large_image","twitter_misc":{"Tempo di lettura stimato":"3 minuti"},"schema":{"@context":"https:\/\/schema.org","@graph":[{"@type":"WebPage","@id":"https:\/\/www.semioconsult.com\/qui-sommes-nous\/nos-partenaires\/","url":"https:\/\/www.semioconsult.com\/qui-sommes-nous\/nos-partenaires\/","name":"I Nostri Partners - S\u00e9mioConsult","isPartOf":{"@id":"https:\/\/www.semioconsult.com\/#website"},"datePublished":"2020-01-29T10:34:54+00:00","dateModified":"2026-04-03T13:19:03+00:00","breadcrumb":{"@id":"https:\/\/www.semioconsult.com\/qui-sommes-nous\/nos-partenaires\/#breadcrumb"},"inLanguage":"it-IT","potentialAction":[{"@type":"ReadAction","target":["https:\/\/www.semioconsult.com\/qui-sommes-nous\/nos-partenaires\/"]}]},{"@type":"BreadcrumbList","@id":"https:\/\/www.semioconsult.com\/qui-sommes-nous\/nos-partenaires\/#breadcrumb","itemListElement":[{"@type":"ListItem","position":1,"name":"Accueil","item":"https:\/\/www.semioconsult.com\/en\/"},{"@type":"ListItem","position":2,"name":"Chi siamo ?","item":"https:\/\/www.semioconsult.com\/it\/chi-siamo\/"},{"@type":"ListItem","position":3,"name":"I Nostri Partners"}]},{"@type":"WebSite","@id":"https:\/\/www.semioconsult.com\/#website","url":"https:\/\/www.semioconsult.com\/","name":"S\u00e9mioConsult","description":"Cabinet de conseil","publisher":{"@id":"https:\/\/www.semioconsult.com\/#organization"},"potentialAction":[{"@type":"SearchAction","target":{"@type":"EntryPoint","urlTemplate":"https:\/\/www.semioconsult.com\/?s={search_term_string}"},"query-input":"required name=search_term_string"}],"inLanguage":"it-IT"},{"@type":"Organization","@id":"https:\/\/www.semioconsult.com\/#organization","name":"S\u00e9mioConsult","url":"https:\/\/www.semioconsult.com\/","logo":{"@type":"ImageObject","inLanguage":"it-IT","@id":"https:\/\/www.semioconsult.com\/#\/schema\/logo\/image\/","url":"https:\/\/www.semioconsult.com\/wp-content\/uploads\/2020\/01\/logo-semioconsult.png","contentUrl":"https:\/\/www.semioconsult.com\/wp-content\/uploads\/2020\/01\/logo-semioconsult.png","width":1300,"height":500,"caption":"S\u00e9mioConsult"},"image":{"@id":"https:\/\/www.semioconsult.com\/#\/schema\/logo\/image\/"}}]}},"_links":{"self":[{"href":"https:\/\/www.semioconsult.com\/it\/wp-json\/wp\/v2\/pages\/1639"}],"collection":[{"href":"https:\/\/www.semioconsult.com\/it\/wp-json\/wp\/v2\/pages"}],"about":[{"href":"https:\/\/www.semioconsult.com\/it\/wp-json\/wp\/v2\/types\/page"}],"author":[{"embeddable":true,"href":"https:\/\/www.semioconsult.com\/it\/wp-json\/wp\/v2\/users\/1"}],"replies":[{"embeddable":true,"href":"https:\/\/www.semioconsult.com\/it\/wp-json\/wp\/v2\/comments?post=1639"}],"version-history":[{"count":16,"href":"https:\/\/www.semioconsult.com\/it\/wp-json\/wp\/v2\/pages\/1639\/revisions"}],"predecessor-version":[{"id":5787,"href":"https:\/\/www.semioconsult.com\/it\/wp-json\/wp\/v2\/pages\/1639\/revisions\/5787"}],"up":[{"embeddable":true,"href":"https:\/\/www.semioconsult.com\/it\/wp-json\/wp\/v2\/pages\/1197"}],"wp:attachment":[{"href":"https:\/\/www.semioconsult.com\/it\/wp-json\/wp\/v2\/media?parent=1639"}],"curies":[{"name":"wp","href":"https:\/\/api.w.org\/{rel}","templated":true}]}}