{"id":4012,"date":"2021-07-12T12:13:13","date_gmt":"2021-07-12T10:13:13","guid":{"rendered":"https:\/\/www.semioconsult.com\/?page_id=4012"},"modified":"2021-07-12T12:13:13","modified_gmt":"2021-07-12T10:13:13","slug":"lo-chalet-des-roses","status":"publish","type":"page","link":"https:\/\/www.semioconsult.com\/it\/lo-chalet-des-roses\/","title":{"rendered":"Lo Chalet des Roses"},"content":{"rendered":"<p>[vc_row][vc_column][vc_custom_heading text=&#8221;Nel 2021, S\u00e9mioConsult si trasferisce &#8221; font_container=&#8221;tag:h3|text_align:left&#8221;][vc_empty_space height=&#8221;15px&#8221;][\/vc_column][\/vc_row][vc_row][vc_column][vc_single_image image=&#8221;3954&#8243; img_size=&#8221;large&#8221; alignment=&#8221;center&#8221;][\/vc_column][\/vc_row][vc_row][vc_column][vc_column_text]Comprato nel 2021 da privati (Jean-Yves Larraufie e la nostra direttrice Anne-Flore Maman Larraufie) \u00e8 attualmente una residenza privata. Il lato destro dello Chalet, chiamato &#8216;Extension&#8217;, \u00e8 la sede di S\u00e9mioConsult dall&#8217;estate del 2021.<\/p>\n<p>Costruito nel 1863 dal ministro delle finanze di Napoleone III, vi abitarono la granduchessa Maria di Russia e il khedive d&#8217;Egitto Isma\u00efl Pacha.<\/p>\n<p>Lo Chalet des Roses deve il suo nome al colore della sua facciata di granito ma anche alle pi\u00f9 di 50 specie di rose presenti nel suo giardino.<\/p>\n<p>Si trova nel Parco Napoleone III, a pochi metri dalle Terme di Vichy.<\/p>\n<p>Inserito nell&#8217;inventario dei Monumenti Storici, questo Chalet Imperiale \u00e8 aperto al pubblico a certe condizioni e fa parte della politica culturale e dell&#8217;influenza internazionale della citt\u00e0 di Vichy.[\/vc_column_text][\/vc_column][\/vc_row][vc_row][vc_column][vc_custom_heading text=&#8221;Per saperne di pi\u00f9 sullo Chalet des Roses, cliccare qui: &#8221; font_container=&#8221;tag:h4|text_align:center&#8221;][vc_empty_space height=&#8221;15px&#8221;][\/vc_column][\/vc_row][vc_row][vc_column][vc_single_image image=&#8221;3963&#8243; img_size=&#8221;medium&#8221; alignment=&#8221;center&#8221; onclick=&#8221;custom_link&#8221; link=&#8221;https:\/\/www.chaletdesroses-vichy.com\/&#8221;][\/vc_column][\/vc_row]<\/p>\n","protected":false},"excerpt":{"rendered":"<p>[vc_row][vc_column][vc_custom_heading text=&#8221;Nel 2021, S\u00e9mioConsult si trasferisce &#8221; font_container=&#8221;tag:h3|text_align:left&#8221;][vc_empty_space height=&#8221;15px&#8221;][\/vc_column][\/vc_row][vc_row][vc_column][vc_single_image image=&#8221;3954&#8243; img_size=&#8221;large&#8221; alignment=&#8221;center&#8221;][\/vc_column][\/vc_row][vc_row][vc_column][vc_column_text]Comprato nel 2021 da privati (Jean-Yves Larraufie e la nostra direttrice Anne-Flore Maman Larraufie) \u00e8 attualmente una residenza privata. Il lato destro dello Chalet, chiamato &#8216;Extension&#8217;, \u00e8 la sede di S\u00e9mioConsult dall&#8217;estate del 2021. Costruito nel 1863 dal ministro delle finanze di Napoleone III,<\/p>\n","protected":false},"author":3,"featured_media":0,"parent":0,"menu_order":0,"comment_status":"closed","ping_status":"closed","template":"","meta":{"_monsterinsights_skip_tracking":false,"_monsterinsights_sitenote_active":false,"_monsterinsights_sitenote_note":"","_monsterinsights_sitenote_category":0,"footnotes":""},"yoast_head":"<!-- This site is optimized with the Yoast SEO plugin v22.1 - https:\/\/yoast.com\/wordpress\/plugins\/seo\/ -->\n<title>Lo Chalet des Roses - S\u00e9mioConsult<\/title>\n<meta name=\"robots\" content=\"index, follow, max-snippet:-1, max-image-preview:large, max-video-preview:-1\" \/>\n<link rel=\"canonical\" href=\"https:\/\/www.semioconsult.com\/it\/lo-chalet-des-roses\/\" \/>\n<meta property=\"og:locale\" content=\"it_IT\" \/>\n<meta property=\"og:type\" content=\"article\" \/>\n<meta property=\"og:title\" content=\"Lo Chalet des Roses - S\u00e9mioConsult\" \/>\n<meta property=\"og:description\" content=\"[vc_row][vc_column][vc_custom_heading text=&#8221;Nel 2021, S\u00e9mioConsult si trasferisce &#8221; font_container=&#8221;tag:h3|text_align:left&#8221;][vc_empty_space height=&#8221;15px&#8221;][\/vc_column][\/vc_row][vc_row][vc_column][vc_single_image image=&#8221;3954&#8243; img_size=&#8221;large&#8221; alignment=&#8221;center&#8221;][\/vc_column][\/vc_row][vc_row][vc_column][vc_column_text]Comprato nel 2021 da privati (Jean-Yves Larraufie e la nostra direttrice Anne-Flore Maman Larraufie) \u00e8 attualmente una residenza privata. Il lato destro dello Chalet, chiamato &#8216;Extension&#8217;, \u00e8 la sede di S\u00e9mioConsult dall&#8217;estate del 2021. Costruito nel 1863 dal ministro delle finanze di Napoleone III,\" \/>\n<meta property=\"og:url\" content=\"https:\/\/www.semioconsult.com\/it\/lo-chalet-des-roses\/\" \/>\n<meta property=\"og:site_name\" content=\"S\u00e9mioConsult\" \/>\n<meta name=\"twitter:card\" content=\"summary_large_image\" \/>\n<meta name=\"twitter:label1\" content=\"Tempo di lettura stimato\" \/>\n\t<meta name=\"twitter:data1\" content=\"1 minuto\" \/>\n<script type=\"application\/ld+json\" class=\"yoast-schema-graph\">{\"@context\":\"https:\/\/schema.org\",\"@graph\":[{\"@type\":\"WebPage\",\"@id\":\"https:\/\/www.semioconsult.com\/it\/lo-chalet-des-roses\/\",\"url\":\"https:\/\/www.semioconsult.com\/it\/lo-chalet-des-roses\/\",\"name\":\"Lo Chalet des Roses - S\u00e9mioConsult\",\"isPartOf\":{\"@id\":\"https:\/\/www.semioconsult.com\/#website\"},\"datePublished\":\"2021-07-12T10:13:13+00:00\",\"dateModified\":\"2021-07-12T10:13:13+00:00\",\"breadcrumb\":{\"@id\":\"https:\/\/www.semioconsult.com\/it\/lo-chalet-des-roses\/#breadcrumb\"},\"inLanguage\":\"it-IT\",\"potentialAction\":[{\"@type\":\"ReadAction\",\"target\":[\"https:\/\/www.semioconsult.com\/it\/lo-chalet-des-roses\/\"]}]},{\"@type\":\"BreadcrumbList\",\"@id\":\"https:\/\/www.semioconsult.com\/it\/lo-chalet-des-roses\/#breadcrumb\",\"itemListElement\":[{\"@type\":\"ListItem\",\"position\":1,\"name\":\"Accueil\",\"item\":\"https:\/\/www.semioconsult.com\/en\/\"},{\"@type\":\"ListItem\",\"position\":2,\"name\":\"Lo Chalet des Roses\"}]},{\"@type\":\"WebSite\",\"@id\":\"https:\/\/www.semioconsult.com\/#website\",\"url\":\"https:\/\/www.semioconsult.com\/\",\"name\":\"S\u00e9mioConsult\",\"description\":\"Cabinet de conseil\",\"publisher\":{\"@id\":\"https:\/\/www.semioconsult.com\/#organization\"},\"potentialAction\":[{\"@type\":\"SearchAction\",\"target\":{\"@type\":\"EntryPoint\",\"urlTemplate\":\"https:\/\/www.semioconsult.com\/?s={search_term_string}\"},\"query-input\":\"required name=search_term_string\"}],\"inLanguage\":\"it-IT\"},{\"@type\":\"Organization\",\"@id\":\"https:\/\/www.semioconsult.com\/#organization\",\"name\":\"S\u00e9mioConsult\",\"url\":\"https:\/\/www.semioconsult.com\/\",\"logo\":{\"@type\":\"ImageObject\",\"inLanguage\":\"it-IT\",\"@id\":\"https:\/\/www.semioconsult.com\/#\/schema\/logo\/image\/\",\"url\":\"https:\/\/www.semioconsult.com\/wp-content\/uploads\/2020\/01\/logo-semioconsult.png\",\"contentUrl\":\"https:\/\/www.semioconsult.com\/wp-content\/uploads\/2020\/01\/logo-semioconsult.png\",\"width\":1300,\"height\":500,\"caption\":\"S\u00e9mioConsult\"},\"image\":{\"@id\":\"https:\/\/www.semioconsult.com\/#\/schema\/logo\/image\/\"}}]}<\/script>\n<!-- \/ Yoast SEO plugin. -->","yoast_head_json":{"title":"Lo Chalet des Roses - S\u00e9mioConsult","robots":{"index":"index","follow":"follow","max-snippet":"max-snippet:-1","max-image-preview":"max-image-preview:large","max-video-preview":"max-video-preview:-1"},"canonical":"https:\/\/www.semioconsult.com\/it\/lo-chalet-des-roses\/","og_locale":"it_IT","og_type":"article","og_title":"Lo Chalet des Roses - S\u00e9mioConsult","og_description":"[vc_row][vc_column][vc_custom_heading text=&#8221;Nel 2021, S\u00e9mioConsult si trasferisce &#8221; font_container=&#8221;tag:h3|text_align:left&#8221;][vc_empty_space height=&#8221;15px&#8221;][\/vc_column][\/vc_row][vc_row][vc_column][vc_single_image image=&#8221;3954&#8243; img_size=&#8221;large&#8221; alignment=&#8221;center&#8221;][\/vc_column][\/vc_row][vc_row][vc_column][vc_column_text]Comprato nel 2021 da privati (Jean-Yves Larraufie e la nostra direttrice Anne-Flore Maman Larraufie) \u00e8 attualmente una residenza privata. Il lato destro dello Chalet, chiamato &#8216;Extension&#8217;, \u00e8 la sede di S\u00e9mioConsult dall&#8217;estate del 2021. Costruito nel 1863 dal ministro delle finanze di Napoleone III,","og_url":"https:\/\/www.semioconsult.com\/it\/lo-chalet-des-roses\/","og_site_name":"S\u00e9mioConsult","twitter_card":"summary_large_image","twitter_misc":{"Tempo di lettura stimato":"1 minuto"},"schema":{"@context":"https:\/\/schema.org","@graph":[{"@type":"WebPage","@id":"https:\/\/www.semioconsult.com\/it\/lo-chalet-des-roses\/","url":"https:\/\/www.semioconsult.com\/it\/lo-chalet-des-roses\/","name":"Lo Chalet des Roses - S\u00e9mioConsult","isPartOf":{"@id":"https:\/\/www.semioconsult.com\/#website"},"datePublished":"2021-07-12T10:13:13+00:00","dateModified":"2021-07-12T10:13:13+00:00","breadcrumb":{"@id":"https:\/\/www.semioconsult.com\/it\/lo-chalet-des-roses\/#breadcrumb"},"inLanguage":"it-IT","potentialAction":[{"@type":"ReadAction","target":["https:\/\/www.semioconsult.com\/it\/lo-chalet-des-roses\/"]}]},{"@type":"BreadcrumbList","@id":"https:\/\/www.semioconsult.com\/it\/lo-chalet-des-roses\/#breadcrumb","itemListElement":[{"@type":"ListItem","position":1,"name":"Accueil","item":"https:\/\/www.semioconsult.com\/en\/"},{"@type":"ListItem","position":2,"name":"Lo Chalet des Roses"}]},{"@type":"WebSite","@id":"https:\/\/www.semioconsult.com\/#website","url":"https:\/\/www.semioconsult.com\/","name":"S\u00e9mioConsult","description":"Cabinet de conseil","publisher":{"@id":"https:\/\/www.semioconsult.com\/#organization"},"potentialAction":[{"@type":"SearchAction","target":{"@type":"EntryPoint","urlTemplate":"https:\/\/www.semioconsult.com\/?s={search_term_string}"},"query-input":"required name=search_term_string"}],"inLanguage":"it-IT"},{"@type":"Organization","@id":"https:\/\/www.semioconsult.com\/#organization","name":"S\u00e9mioConsult","url":"https:\/\/www.semioconsult.com\/","logo":{"@type":"ImageObject","inLanguage":"it-IT","@id":"https:\/\/www.semioconsult.com\/#\/schema\/logo\/image\/","url":"https:\/\/www.semioconsult.com\/wp-content\/uploads\/2020\/01\/logo-semioconsult.png","contentUrl":"https:\/\/www.semioconsult.com\/wp-content\/uploads\/2020\/01\/logo-semioconsult.png","width":1300,"height":500,"caption":"S\u00e9mioConsult"},"image":{"@id":"https:\/\/www.semioconsult.com\/#\/schema\/logo\/image\/"}}]}},"_links":{"self":[{"href":"https:\/\/www.semioconsult.com\/it\/wp-json\/wp\/v2\/pages\/4012"}],"collection":[{"href":"https:\/\/www.semioconsult.com\/it\/wp-json\/wp\/v2\/pages"}],"about":[{"href":"https:\/\/www.semioconsult.com\/it\/wp-json\/wp\/v2\/types\/page"}],"author":[{"embeddable":true,"href":"https:\/\/www.semioconsult.com\/it\/wp-json\/wp\/v2\/users\/3"}],"replies":[{"embeddable":true,"href":"https:\/\/www.semioconsult.com\/it\/wp-json\/wp\/v2\/comments?post=4012"}],"version-history":[{"count":4,"href":"https:\/\/www.semioconsult.com\/it\/wp-json\/wp\/v2\/pages\/4012\/revisions"}],"predecessor-version":[{"id":4016,"href":"https:\/\/www.semioconsult.com\/it\/wp-json\/wp\/v2\/pages\/4012\/revisions\/4016"}],"wp:attachment":[{"href":"https:\/\/www.semioconsult.com\/it\/wp-json\/wp\/v2\/media?parent=4012"}],"curies":[{"name":"wp","href":"https:\/\/api.w.org\/{rel}","templated":true}]}}