{"id":4747,"date":"2025-02-10T12:43:26","date_gmt":"2025-02-10T11:43:26","guid":{"rendered":"https:\/\/www.semioconsult.com\/?page_id=4747"},"modified":"2025-02-21T17:15:44","modified_gmt":"2025-02-21T16:15:44","slug":"lewis-alice","status":"publish","type":"page","link":"https:\/\/www.semioconsult.com\/it\/nostri-servizi\/lewis-alice\/","title":{"rendered":"Lewis &#038; Alice"},"content":{"rendered":"<p>[vc_row el_class=&#8221;highlighted-p&#8221;][vc_column][vc_empty_space][vc_empty_space][vc_single_image image=&#8221;4753&#8243; img_size=&#8221;large&#8221; alignment=&#8221;center&#8221;][vc_empty_space][vc_column_text]<\/p>\n<p style=\"text-align: center;\">E se vivessi un momento musicale come ai tempi di Napoleone III&#8230; forse scopriresti gli indizi che hanno ispirato uno dei romanzi pi\u00f9 celebri di quell\u2019epoca. Ti invitiamo a immergerti con gioia in questo universo e a lasciare che la tua immaginazione faccia il resto.<\/p>\n<p>[\/vc_column_text][vc_separator][vc_video link=&#8221;https:\/\/www.youtube.com\/watch?v=NI_kGX3gwhA&#8221; el_width=&#8221;60&#8243; align=&#8221;center&#8221;][\/vc_column][\/vc_row][vc_row][vc_column][vc_column_text]<\/p>\n<h2>Gli Artisti<\/h2>\n<p>[\/vc_column_text][\/vc_column][\/vc_row][vc_row][vc_column][vc_single_image image=&#8221;4762&#8243; img_size=&#8221;medium&#8221; onclick=&#8221;custom_link&#8221; link=&#8221;http:\/\/www.agenceartistiquecedelle.com\/regis-mengus&#8221;][\/vc_column][\/vc_row][vc_row][vc_column][vc_column_text]<strong>R\u00e9gis Mengus<\/strong><\/p>\n<p>Dopo aver seguito una formazione musicale e vocale sin da giovane, viene scoperto a 17 anni da <strong>Juan-Carlos Moral\u00e8s<\/strong>, entrando nella sua classe di canto e arte lirica al <strong>CNR di Metz<\/strong>. Viene presto notato dalla direzione dell&#8217;<strong>Op\u00e9ra de Metz<\/strong>, dove gli vengono offerti numerosi ruoli. In questo periodo interpreta <strong>Zurga<\/strong> (<em>Les P\u00eacheurs de Perles<\/em>), <strong>Malatesta<\/strong> (<em>Don Pasquale<\/em>), e crea il ruolo di <strong>Horus<\/strong> in <em>La L\u00e9gende d\u2019Horus<\/em> di <strong>Mario Salis<\/strong>. Si esibisce anche in numerosi concerti e recital in Lussemburgo, Francia e Germania, eseguendo opere come il <strong>Weihnachtsoratorium<\/strong> di Bach, <em>L\u2019Enfance du Christ<\/em> di Berlioz (nel ruolo di Giuseppe), e il <strong>Requiem<\/strong> di Faur\u00e9 sotto la direzione di <strong>Michel Plasson<\/strong>.<\/p>\n<p>Successivamente viene scritturato in diverse importanti istituzioni liriche francesi, tra cui l\u2019<strong>Op\u00e9ra di Tours<\/strong>, l\u2019<strong>Op\u00e9ra di Lille<\/strong>, il <strong>Th\u00e9\u00e2tre de Caen<\/strong> e l\u2019<strong>Op\u00e9ra di Saint-\u00c9tienne<\/strong>. Canta il ruolo di <strong>Danilo<\/strong> (<em>Die Lustige Witwe<\/em>) all\u2019<strong>Op\u00e9ra di Nizza<\/strong>, di <strong>Losanna<\/strong> e di <strong>Reims<\/strong>, dove interpreta anche <strong>Marcello<\/strong> (<em>La Boh\u00e8me<\/em>). In seguito, canta il ruolo dell\u2019<strong>Orologio<\/strong> in <em>L\u2019Enfant et les Sortil\u00e8ges<\/em> all\u2019<strong>Op\u00e9ra di Montpellier<\/strong> e quello del <strong>Marito<\/strong> (<em>Les Mamelles de Tir\u00e9sias<\/em>) all\u2019<strong>Op\u00e9ra di Losanna<\/strong>.<\/p>\n<p>Si avvicina poi a un repertorio pi\u00f9 lirico, interpretando ruoli come <strong>Valentin<\/strong> (<em>Faust<\/em>) all\u2019<strong>Op\u00e9ra di Losanna<\/strong>, <strong>Karnac<\/strong> (<em>Le Roi d\u2019Ys<\/em>) all\u2019<strong>Op\u00e9ra di Saint-\u00c9tienne<\/strong>, <strong>Sharpless<\/strong> (<em>Madama Butterfly<\/em>) all\u2019<strong>Op\u00e9ra di Reims<\/strong>, il ruolo principale in <em>Hamlet<\/em>all\u2019<strong>Op\u00e9ra di Losanna<\/strong> e <strong>Escamillo<\/strong> (<em>Carmen<\/em>) all\u2019<strong>Op\u00e9ra di Rennes<\/strong>.<\/p>\n<p>Pi\u00f9 recentemente, ha ripreso il ruolo di <strong>Marcello<\/strong> (<em>La Boh\u00e8me<\/em>) all\u2019<strong>Op\u00e9ra di Metz<\/strong>, quello di <strong>Valentin<\/strong> all\u2019<strong>Op\u00e9ra di Massy<\/strong> e all\u2019<strong>Op\u00e9ra di Saint-\u00c9tienne<\/strong>, <strong>Albert<\/strong> (<em>Werther<\/em>) all\u2019<strong>Op\u00e9ra du Rhin<\/strong>, <strong>Sparck<\/strong> (<em>Fantasio<\/em>) all\u2019<strong>Op\u00e9ra di Montpellier<\/strong>, nonch\u00e9 <strong>Papageno<\/strong> (<em>Die Zauberfl\u00f6te<\/em>) all\u2019<strong>Op\u00e9ra di Tours<\/strong>, <strong>Escamillo<\/strong> (<em>Carmen<\/em>) all\u2019<strong>Op\u00e9ra di Metz<\/strong>, <strong>Phanor<\/strong>(<em>La Reine de Saba<\/em>), il ruolo principale di <em>Eugene Onegin<\/em> all\u2019<strong>Op\u00e9ra di Marsiglia<\/strong>, <strong>Ho\u00ebl<\/strong> (<em>Dinorah ou le Pardon de Plo\u00ebrmel<\/em>) alla <strong>Deutsche Oper Berlin<\/strong>, il <strong>Marito<\/strong> (<em>Les Mamelles de Tir\u00e9sias<\/em>) e <strong>Ramiro<\/strong> (<em>L\u2019Heure Espagnole<\/em>) all\u2019<strong>Op\u00e9ra di Oviedo<\/strong>, <strong>Schaunard<\/strong> (<em>La Boh\u00e8me<\/em>) all\u2019<strong>Op\u00e9ra di Marsiglia<\/strong>, <strong>L\u2019Orologio e il Gatto<\/strong> (<em>L\u2019Enfant et les Sortil\u00e8ges<\/em>) a <strong>Radio France<\/strong>, <strong>Escamillo<\/strong> (<em>Carmen<\/em>) all\u2019<strong>Op\u00e9ra du Rhin<\/strong>, <strong>Bill<\/strong> (<em>A Quiet Place<\/em>) all\u2019<strong>Op\u00e9ra National de Paris<\/strong>, <strong>Ourias<\/strong> (<em>Mireille<\/em>) all\u2019<strong>Op\u00e9ra di Metz<\/strong>, il <strong>Marito<\/strong> (<em>Les Mamelles de Tir\u00e9sias<\/em>) al <strong>Festival di Glyndebourne<\/strong>, il ruolo principale di <em>Werther<\/em> al <strong>Grand Th\u00e9\u00e2tre di Tours<\/strong>, <strong>Maggiore Davel<\/strong> (<em>Davel<\/em>) all\u2019<strong>Op\u00e9ra di Losanna<\/strong>, <strong>Papageno<\/strong> (<em>Die Zauberfl\u00f6te<\/em>) all\u2019<strong>Op\u00e9ra di Reims<\/strong>, <strong>Danilo<\/strong> (<em>La Vedova Allegra<\/em>) all\u2019<strong>Op\u00e9ra di Marsiglia<\/strong> e <strong>Sanson<\/strong> (<em>The Exterminating Angel<\/em>) all\u2019<strong>Op\u00e9ra National de Paris<\/strong>.<\/p>\n<p><strong>Progetti futuri<\/strong> includono il ruolo di <strong>Danca\u00efre<\/strong> (<em>Carmen<\/em>) al <strong>Teatro di San Carlo<\/strong> di Napoli e <strong>Br\u00e9tigny<\/strong> (<em>Manon<\/em>) all\u2019<strong>Op\u00e9ra National de Paris<\/strong>.[\/vc_column_text][\/vc_column][\/vc_row][vc_row][vc_column][vc_single_image image=&#8221;4765&#8243; img_size=&#8221;medium&#8221; onclick=&#8221;custom_link&#8221; link=&#8221;http:\/\/www.operadeparis.fr\/artistes\/laetitia-jeanson&#8221;][\/vc_column][\/vc_row][vc_row][vc_column][vc_column_text]<\/p>\n<div class=\"flex max-w-full flex-col flex-grow\">\n<div class=\"min-h-8 text-message flex w-full flex-col items-end gap-2 whitespace-normal break-words text-start [.text-message+&amp;]:mt-5\" dir=\"auto\" data-message-author-role=\"assistant\" data-message-id=\"73db9ac6-88d8-492d-a452-7425a376483c\" data-message-model-slug=\"gpt-4o\">\n<div class=\"flex w-full flex-col gap-1 empty:hidden first:pt-[3px]\">\n<div class=\"markdown prose w-full break-words dark:prose-invert light\">\n<p><strong>Laetitia Jenson<\/strong><\/p>\n<p>Fin da giovanissima, <strong>Laetitia Jenson<\/strong> inizia a studiare il pianoforte, dimostrando rapidamente un talento eccezionale. All&#8217;et\u00e0 di otto anni, vince una dozzina di concorsi nazionali e si esibisce in diversi concerti dei vincitori su importanti palcoscenici parigini dell\u2019epoca, come la <strong>Salle Gaveau<\/strong>, la <strong>Salle Cortot<\/strong> e la <strong>Maison de la Radio<\/strong>.<\/p>\n<p>A tredici anni partecipa a una serie di concerti in <strong>Ungheria<\/strong>, sponsorizzata dal grande virtuoso <strong>Gy\u00f6rgy Cziffra<\/strong>, che la invita a far parte della sua <strong>Fondazione<\/strong>, dedicata alla promozione dei giovani talenti del pianoforte. Nello stesso anno, esegue il <strong>Concerto n. 2 di Beethoven<\/strong> con l&#8217;<strong>Orchestre Symphonique de Radio-France<\/strong> a Parigi, dopo aver vinto il prestigioso <strong>Concours du Royaume de la Musique<\/strong>, superando quasi mille candidati.<\/p>\n<p>Nel 1986 entra al <strong>Conservatoire National Sup\u00e9rieur de Paris (CNSMP)<\/strong>, dove si prepara per il <strong>Premio di Pianoforte<\/strong>, studiando insieme a futuri grandi nomi della musica classica come <strong>Emmanuel Strosser<\/strong>, <strong>Fran\u00e7ois-Fr\u00e9d\u00e9ric Guy<\/strong>, <strong>Alexandre Tharaud<\/strong> e <strong>Vanessa Wagner<\/strong>.<\/p>\n<p>Si diploma al CNSMP nel 1989 con il <strong>Primo Premio di Pianoforte<\/strong> e il <strong>Primo Premio di Musica da Camera<\/strong>.<\/p>\n<p>Contro ogni aspettativa, negli anni successivi si orienta verso il <strong>canto lirico<\/strong>, studiando con <strong>Jean-Pierre Blivet<\/strong>, che all&#8217;epoca era anche il maestro di artisti celebri come <strong>Natalie Dessay<\/strong> e <strong>Laurent Naouri<\/strong>.<\/p>\n<p>Nel 2002 supera l\u2019audizione internazionale per i <strong>Cori dell\u2019Op\u00e9ra di Parigi<\/strong>, dove viene assunta come <strong>mezzosoprano<\/strong>. Rimane in questa prestigiosa istituzione per molti anni, continuando a esibirsi in numerosi concerti insieme al marito, il baritono <strong>R\u00e9gis Mengus<\/strong>, che accompagna al pianoforte.<\/p>\n<p>Tra i suoi progetti futuri figura la programmazione di un recital originale: <strong>quattordici melodie per voce e pianoforte<\/strong>, composte da Laetitia Jenson, ispirate ad alcune delle opere pi\u00f9 celebri di <strong>Chopin<\/strong> e su testi adattati da <em>Les Fleurs du Mal<\/em>di <strong>Baudelaire<\/strong>.<\/div>\n<\/div>\n<\/div>\n<\/div>\n<p>[\/vc_column_text][\/vc_column][\/vc_row][vc_row][vc_column][vc_single_image image=&#8221;4768&#8243; img_size=&#8221;medium&#8221; onclick=&#8221;custom_link&#8221; link=&#8221;http:\/\/laureenstoulig.fr\/&#8221;][\/vc_column][\/vc_row][vc_row][vc_column][vc_column_text]<strong>Laureen Stoulig<\/strong><\/p>\n<p><strong>Laureen Stoulig-Thinnes<\/strong> \u00e8 nata a <strong>Creutzwald<\/strong> nel 1983 da madre mauriziana e padre francese. Dopo aver studiato pianoforte e canto al <strong>Conservatorio di Metz<\/strong>, si perfeziona all&#8217;estero e riceve rapidamente numerose proposte per ruoli d\u2019opera sui palcoscenici europei.<\/p>\n<p>\u00c8 regolarmente invitata da prestigiosi ensemble come <strong>Le Parlement de Musique<\/strong>, <strong>Il Delirio Fantastico<\/strong> e <strong>Le Concert Lorrain<\/strong>, esibendosi in alcune delle sale da concerto e festival pi\u00f9 rinomati.<\/p>\n<p>Particolarmente popolare e richiesta nella regione del <strong>Grand Est<\/strong>, con un forte impegno per la valorizzazione del patrimonio culturale locale, nel 2018 fonda insieme al marito, il pianista <strong>Marlo Thinnes<\/strong>, un <strong>festival di musica<\/strong>, programmando artisti di fama internazionale.<\/p>\n<p>Nel 2019 crea il quartetto <strong>VENEREM<\/strong>, che riunisce la sua voce con il <strong>pianoforte<\/strong> (Marlo Thinnes), la <strong>basso elettrico<\/strong>(Simon Zauels) e le <strong>percussioni<\/strong> (Michel Meis). Il primo album del gruppo, pubblicato nel 2021 sotto l\u2019etichetta <strong>Telos Music<\/strong>, ottiene un grande successo di critica e di pubblico.<\/p>\n<p>Nel 2022 Laureen si dedica in modo particolare ai repertori di <strong>musica sacra<\/strong> provenienti da diverse tradizioni culturali e fonda, insieme alla pianista <strong>Layla Ramezan<\/strong>, il duo <strong>\u0101n\u0101hid<\/strong>. Insieme esplorano le musiche sacre del mondo, guidando il pubblico in un viaggio tra <strong>Oriente e Occidente<\/strong>.<\/p>\n<p>Dal 2020 Laureen Stoulig-Thinnes ricopre anche il ruolo di <strong>comandante della riserva civile<\/strong> e presta la sua voce durante le principali cerimonie militari come <strong>soprano ufficiale dell\u2019Esercito del Grand Est<\/strong>.<\/p>\n<p>All\u2019inizio del 2024 pubblica un <strong>album da solista<\/strong> sotto l\u2019etichetta <strong>Ind\u00e9sens &amp; Calliope Records<\/strong>, registrato con l\u2019organista <strong>Dr. Prof. Vincent Bernhardt<\/strong> e la <strong>Chapelle Saint-Marc<\/strong>, dedicato al compositore <strong>Dietrich Buxtehude<\/strong>. Questo disco riceve subito un\u2019accoglienza entusiastica dalla critica musicale, ottenendo prestigiosi riconoscimenti come le celebri <strong>5 Diapasons<\/strong> e la <strong>&#8220;Cl\u00e9 du Mois&#8221;<\/strong> di <em>ResMusica<\/em>, premi che celebrano le uscite discografiche pi\u00f9 significative.[\/vc_column_text][vc_column_text]Sostegno di<img loading=\"lazy\" decoding=\"async\" class=\"alignnone wp-image-4781\" src=\"https:\/\/www.semioconsult.com\/wp-content\/uploads\/2024\/06\/logo.png\" alt=\"\" width=\"221\" height=\"68\" \/>[\/vc_column_text][\/vc_column][\/vc_row][vc_row][vc_column][\/vc_column][\/vc_row]<\/p>\n","protected":false},"excerpt":{"rendered":"<p>[vc_row el_class=&#8221;highlighted-p&#8221;][vc_column][vc_empty_space][vc_empty_space][vc_single_image image=&#8221;4753&#8243; img_size=&#8221;large&#8221; alignment=&#8221;center&#8221;][vc_empty_space][vc_column_text] E se vivessi un momento musicale come ai tempi di Napoleone III&#8230; forse scopriresti gli indizi che hanno ispirato uno dei romanzi pi\u00f9 celebri di quell\u2019epoca. Ti invitiamo a immergerti con gioia in questo universo e a lasciare che la tua immaginazione faccia il resto. [\/vc_column_text][vc_separator][vc_video link=&#8221;https:\/\/www.youtube.com\/watch?v=NI_kGX3gwhA&#8221; el_width=&#8221;60&#8243; align=&#8221;center&#8221;][\/vc_column][\/vc_row][vc_row][vc_column][vc_column_text] Gli<\/p>\n","protected":false},"author":2,"featured_media":0,"parent":1629,"menu_order":0,"comment_status":"closed","ping_status":"closed","template":"","meta":{"_monsterinsights_skip_tracking":false,"_monsterinsights_sitenote_active":false,"_monsterinsights_sitenote_note":"","_monsterinsights_sitenote_category":0,"footnotes":""},"yoast_head":"<!-- This site is optimized with the Yoast SEO plugin v22.1 - https:\/\/yoast.com\/wordpress\/plugins\/seo\/ -->\n<title>Lewis &amp; Alice - S\u00e9mioConsult<\/title>\n<meta name=\"robots\" content=\"index, follow, max-snippet:-1, max-image-preview:large, max-video-preview:-1\" \/>\n<link rel=\"canonical\" href=\"https:\/\/www.semioconsult.com\/nos-activites\/nos-activites-de-production\/\" \/>\n<meta property=\"og:locale\" content=\"it_IT\" \/>\n<meta property=\"og:type\" content=\"article\" \/>\n<meta property=\"og:title\" content=\"Lewis &amp; Alice - S\u00e9mioConsult\" \/>\n<meta property=\"og:description\" content=\"[vc_row el_class=&#8221;highlighted-p&#8221;][vc_column][vc_empty_space][vc_empty_space][vc_single_image image=&#8221;4753&#8243; img_size=&#8221;large&#8221; alignment=&#8221;center&#8221;][vc_empty_space][vc_column_text] E se vivessi un momento musicale come ai tempi di Napoleone III&#8230; forse scopriresti gli indizi che hanno ispirato uno dei romanzi pi\u00f9 celebri di quell\u2019epoca. Ti invitiamo a immergerti con gioia in questo universo e a lasciare che la tua immaginazione faccia il resto. [\/vc_column_text][vc_separator][vc_video link=&#8221;https:\/\/www.youtube.com\/watch?v=NI_kGX3gwhA&#8221; el_width=&#8221;60&#8243; align=&#8221;center&#8221;][\/vc_column][\/vc_row][vc_row][vc_column][vc_column_text] Gli\" \/>\n<meta property=\"og:url\" content=\"https:\/\/www.semioconsult.com\/nos-activites\/nos-activites-de-production\/\" \/>\n<meta property=\"og:site_name\" content=\"S\u00e9mioConsult\" \/>\n<meta property=\"article:modified_time\" content=\"2025-02-21T16:15:44+00:00\" \/>\n<meta property=\"og:image\" content=\"https:\/\/www.semioconsult.com\/wp-content\/uploads\/2024\/06\/logo.png\" \/>\n<meta name=\"twitter:card\" content=\"summary_large_image\" \/>\n<meta name=\"twitter:label1\" content=\"Tempo di lettura stimato\" \/>\n\t<meta name=\"twitter:data1\" content=\"7 minuti\" \/>\n<script type=\"application\/ld+json\" class=\"yoast-schema-graph\">{\"@context\":\"https:\/\/schema.org\",\"@graph\":[{\"@type\":\"WebPage\",\"@id\":\"https:\/\/www.semioconsult.com\/nos-activites\/nos-activites-de-production\/\",\"url\":\"https:\/\/www.semioconsult.com\/nos-activites\/nos-activites-de-production\/\",\"name\":\"Lewis & Alice - S\u00e9mioConsult\",\"isPartOf\":{\"@id\":\"https:\/\/www.semioconsult.com\/#website\"},\"datePublished\":\"2025-02-10T11:43:26+00:00\",\"dateModified\":\"2025-02-21T16:15:44+00:00\",\"breadcrumb\":{\"@id\":\"https:\/\/www.semioconsult.com\/nos-activites\/nos-activites-de-production\/#breadcrumb\"},\"inLanguage\":\"it-IT\",\"potentialAction\":[{\"@type\":\"ReadAction\",\"target\":[\"https:\/\/www.semioconsult.com\/nos-activites\/nos-activites-de-production\/\"]}]},{\"@type\":\"BreadcrumbList\",\"@id\":\"https:\/\/www.semioconsult.com\/nos-activites\/nos-activites-de-production\/#breadcrumb\",\"itemListElement\":[{\"@type\":\"ListItem\",\"position\":1,\"name\":\"Accueil\",\"item\":\"https:\/\/www.semioconsult.com\/en\/\"},{\"@type\":\"ListItem\",\"position\":2,\"name\":\"Nostri servizi\",\"item\":\"https:\/\/www.semioconsult.com\/it\/nostri-servizi\/\"},{\"@type\":\"ListItem\",\"position\":3,\"name\":\"Lewis &#038; Alice\"}]},{\"@type\":\"WebSite\",\"@id\":\"https:\/\/www.semioconsult.com\/#website\",\"url\":\"https:\/\/www.semioconsult.com\/\",\"name\":\"S\u00e9mioConsult\",\"description\":\"Cabinet de conseil\",\"publisher\":{\"@id\":\"https:\/\/www.semioconsult.com\/#organization\"},\"potentialAction\":[{\"@type\":\"SearchAction\",\"target\":{\"@type\":\"EntryPoint\",\"urlTemplate\":\"https:\/\/www.semioconsult.com\/?s={search_term_string}\"},\"query-input\":\"required name=search_term_string\"}],\"inLanguage\":\"it-IT\"},{\"@type\":\"Organization\",\"@id\":\"https:\/\/www.semioconsult.com\/#organization\",\"name\":\"S\u00e9mioConsult\",\"url\":\"https:\/\/www.semioconsult.com\/\",\"logo\":{\"@type\":\"ImageObject\",\"inLanguage\":\"it-IT\",\"@id\":\"https:\/\/www.semioconsult.com\/#\/schema\/logo\/image\/\",\"url\":\"https:\/\/www.semioconsult.com\/wp-content\/uploads\/2020\/01\/logo-semioconsult.png\",\"contentUrl\":\"https:\/\/www.semioconsult.com\/wp-content\/uploads\/2020\/01\/logo-semioconsult.png\",\"width\":1300,\"height\":500,\"caption\":\"S\u00e9mioConsult\"},\"image\":{\"@id\":\"https:\/\/www.semioconsult.com\/#\/schema\/logo\/image\/\"}}]}<\/script>\n<!-- \/ Yoast SEO plugin. -->","yoast_head_json":{"title":"Lewis & Alice - S\u00e9mioConsult","robots":{"index":"index","follow":"follow","max-snippet":"max-snippet:-1","max-image-preview":"max-image-preview:large","max-video-preview":"max-video-preview:-1"},"canonical":"https:\/\/www.semioconsult.com\/nos-activites\/nos-activites-de-production\/","og_locale":"it_IT","og_type":"article","og_title":"Lewis & Alice - S\u00e9mioConsult","og_description":"[vc_row el_class=&#8221;highlighted-p&#8221;][vc_column][vc_empty_space][vc_empty_space][vc_single_image image=&#8221;4753&#8243; img_size=&#8221;large&#8221; alignment=&#8221;center&#8221;][vc_empty_space][vc_column_text] E se vivessi un momento musicale come ai tempi di Napoleone III&#8230; forse scopriresti gli indizi che hanno ispirato uno dei romanzi pi\u00f9 celebri di quell\u2019epoca. Ti invitiamo a immergerti con gioia in questo universo e a lasciare che la tua immaginazione faccia il resto. [\/vc_column_text][vc_separator][vc_video link=&#8221;https:\/\/www.youtube.com\/watch?v=NI_kGX3gwhA&#8221; el_width=&#8221;60&#8243; align=&#8221;center&#8221;][\/vc_column][\/vc_row][vc_row][vc_column][vc_column_text] Gli","og_url":"https:\/\/www.semioconsult.com\/nos-activites\/nos-activites-de-production\/","og_site_name":"S\u00e9mioConsult","article_modified_time":"2025-02-21T16:15:44+00:00","og_image":[{"url":"https:\/\/www.semioconsult.com\/wp-content\/uploads\/2024\/06\/logo.png"}],"twitter_card":"summary_large_image","twitter_misc":{"Tempo di lettura stimato":"7 minuti"},"schema":{"@context":"https:\/\/schema.org","@graph":[{"@type":"WebPage","@id":"https:\/\/www.semioconsult.com\/nos-activites\/nos-activites-de-production\/","url":"https:\/\/www.semioconsult.com\/nos-activites\/nos-activites-de-production\/","name":"Lewis & Alice - S\u00e9mioConsult","isPartOf":{"@id":"https:\/\/www.semioconsult.com\/#website"},"datePublished":"2025-02-10T11:43:26+00:00","dateModified":"2025-02-21T16:15:44+00:00","breadcrumb":{"@id":"https:\/\/www.semioconsult.com\/nos-activites\/nos-activites-de-production\/#breadcrumb"},"inLanguage":"it-IT","potentialAction":[{"@type":"ReadAction","target":["https:\/\/www.semioconsult.com\/nos-activites\/nos-activites-de-production\/"]}]},{"@type":"BreadcrumbList","@id":"https:\/\/www.semioconsult.com\/nos-activites\/nos-activites-de-production\/#breadcrumb","itemListElement":[{"@type":"ListItem","position":1,"name":"Accueil","item":"https:\/\/www.semioconsult.com\/en\/"},{"@type":"ListItem","position":2,"name":"Nostri servizi","item":"https:\/\/www.semioconsult.com\/it\/nostri-servizi\/"},{"@type":"ListItem","position":3,"name":"Lewis &#038; Alice"}]},{"@type":"WebSite","@id":"https:\/\/www.semioconsult.com\/#website","url":"https:\/\/www.semioconsult.com\/","name":"S\u00e9mioConsult","description":"Cabinet de conseil","publisher":{"@id":"https:\/\/www.semioconsult.com\/#organization"},"potentialAction":[{"@type":"SearchAction","target":{"@type":"EntryPoint","urlTemplate":"https:\/\/www.semioconsult.com\/?s={search_term_string}"},"query-input":"required name=search_term_string"}],"inLanguage":"it-IT"},{"@type":"Organization","@id":"https:\/\/www.semioconsult.com\/#organization","name":"S\u00e9mioConsult","url":"https:\/\/www.semioconsult.com\/","logo":{"@type":"ImageObject","inLanguage":"it-IT","@id":"https:\/\/www.semioconsult.com\/#\/schema\/logo\/image\/","url":"https:\/\/www.semioconsult.com\/wp-content\/uploads\/2020\/01\/logo-semioconsult.png","contentUrl":"https:\/\/www.semioconsult.com\/wp-content\/uploads\/2020\/01\/logo-semioconsult.png","width":1300,"height":500,"caption":"S\u00e9mioConsult"},"image":{"@id":"https:\/\/www.semioconsult.com\/#\/schema\/logo\/image\/"}}]}},"_links":{"self":[{"href":"https:\/\/www.semioconsult.com\/it\/wp-json\/wp\/v2\/pages\/4747"}],"collection":[{"href":"https:\/\/www.semioconsult.com\/it\/wp-json\/wp\/v2\/pages"}],"about":[{"href":"https:\/\/www.semioconsult.com\/it\/wp-json\/wp\/v2\/types\/page"}],"author":[{"embeddable":true,"href":"https:\/\/www.semioconsult.com\/it\/wp-json\/wp\/v2\/users\/2"}],"replies":[{"embeddable":true,"href":"https:\/\/www.semioconsult.com\/it\/wp-json\/wp\/v2\/comments?post=4747"}],"version-history":[{"count":15,"href":"https:\/\/www.semioconsult.com\/it\/wp-json\/wp\/v2\/pages\/4747\/revisions"}],"predecessor-version":[{"id":5305,"href":"https:\/\/www.semioconsult.com\/it\/wp-json\/wp\/v2\/pages\/4747\/revisions\/5305"}],"up":[{"embeddable":true,"href":"https:\/\/www.semioconsult.com\/it\/wp-json\/wp\/v2\/pages\/1629"}],"wp:attachment":[{"href":"https:\/\/www.semioconsult.com\/it\/wp-json\/wp\/v2\/media?parent=4747"}],"curies":[{"name":"wp","href":"https:\/\/api.w.org\/{rel}","templated":true}]}}