{"id":4873,"date":"2024-08-17T14:24:31","date_gmt":"2024-08-17T12:24:31","guid":{"rendered":"https:\/\/www.semioconsult.com\/?page_id=4873"},"modified":"2025-02-21T17:12:46","modified_gmt":"2025-02-21T16:12:46","slug":"suonnoefuoco","status":"publish","type":"page","link":"https:\/\/www.semioconsult.com\/it\/nostri-servizi\/suonnoefuoco\/","title":{"rendered":"Suonno &#8216;E Fuoco"},"content":{"rendered":"<p>[vc_row el_class=&#8221;highlighted-p&#8221;][vc_column][vc_empty_space][vc_empty_space][vc_single_image image=&#8221;4831&#8243; img_size=&#8221;large&#8221; alignment=&#8221;center&#8221;][vc_empty_space][vc_column_text]<\/p>\n<div class=\"elementor-element elementor-element-e21bcf1 elementor-widget elementor-widget-text-editor\" data-id=\"e21bcf1\" data-element_type=\"widget\" data-widget_type=\"text-editor.default\">\n<div class=\"elementor-widget-container\">\n<p style=\"text-align: center;\"><strong data-start=\"2367\" data-end=\"2386\">Suonno &#8216;E Fuoco<\/strong> \u00e8 un concerto per pianoforte e voce (tenore) dedicato alla musica napoletana dal XVIII al XX secolo, mettendo in evidenza la profonda influenza che questa musica ha avuto sui pi\u00f9 grandi compositori d&#8217;opera italiani, come <strong data-start=\"2608\" data-end=\"2640\">Rossini, Donizetti e Bellini<\/strong>, e sulla nascita del genere della canzone.<\/p>\n<\/div>\n<\/div>\n<p>[\/vc_column_text][vc_separator][vc_btn title=&#8221;Biglietti per il concerto del 7 marzo 2025 a Parigi&#8221; color=&#8221;default&#8221; size=&#8221;lg&#8221; align=&#8221;center&#8221; button_block=&#8221;true&#8221; link=&#8221;url:https%3A%2F%2Fwww.eventbrite.fr%2Fe%2Fbillets-concert-suonno-e-fuoco-1225235956729%3Faff%3Doddtdtcreator&#8221;][vc_video link=&#8221;https:\/\/www.youtube.com\/watch?v=kLN9SQ7LNxg&#8221; el_width=&#8221;60&#8243; align=&#8221;center&#8221;][\/vc_column][\/vc_row][vc_row][vc_column][vc_column_text]<\/p>\n<h2>Gli Artisti<\/h2>\n<p>[\/vc_column_text][\/vc_column][\/vc_row][vc_row][vc_column][vc_single_image image=&#8221;4874&#8243; img_size=&#8221;medium&#8221; onclick=&#8221;custom_link&#8221; link=&#8221;http:\/\/www.agenceartistiquecedelle.com\/regis-mengus&#8221;][\/vc_column][\/vc_row][vc_row][vc_column][vc_column_text]<\/p>\n<p data-start=\"0\" data-end=\"19\"><strong data-start=\"0\" data-end=\"17\">Nile Senatore<\/strong><\/p>\n<p data-start=\"21\" data-end=\"236\">Cantante napoletano e attore italiano che <em data-start=\"63\" data-end=\"210\">&#8220;dimostra una voce piena e dolce nel registro acuto e qualit\u00e0 attoriali impressionanti, ben al di sopra della media dei cantanti d&#8217;opera di oggi&#8221;<\/em> \u2013 <em data-start=\"213\" data-end=\"233\">Connessi all\u2019Opera<\/em>.<\/p>\n<p data-start=\"238\" data-end=\"312\">Interpreta un repertorio che spazia dalla musica barocca al classicismo.<\/p>\n<p data-start=\"314\" data-end=\"665\">Collabora con alcuni tra i pi\u00f9 importanti ensemble, direttori musicali e registi della scena musicale attuale ed \u00e8 invitato a esibirsi nelle pi\u00f9 grandi sale e festival d\u2019Europa, tra cui <strong data-start=\"500\" data-end=\"662\">Op\u00e9ra Comique, Op\u00e9ra de Bordeaux, Palau de la M\u00fasica Catalana, Auditorio Nacional de M\u00fasica, Teatro Olimpico, Concertgebouw Amsterdam e Innsbrucker Festwochen<\/strong>.<\/p>\n<p data-start=\"667\" data-end=\"945\">Negli ultimi tre anni, \u00e8 stato in tourn\u00e9e con <strong data-start=\"713\" data-end=\"740\">Les Musiciens du Louvre<\/strong> per <em data-start=\"745\" data-end=\"771\">Le Bourgeois Gentilhomme<\/em> (ripreso da <strong data-start=\"784\" data-end=\"796\">FranceTV<\/strong> dall&#8217;Op\u00e9ra de Bordeaux) e attualmente \u00e8 in tourn\u00e9e con <strong data-start=\"852\" data-end=\"871\">La Petite Bande<\/strong>, interpretando il ruolo mozartiano di <strong data-start=\"910\" data-end=\"922\">Ferrando<\/strong> in <em data-start=\"926\" data-end=\"942\">Cos\u00ec fan tutte<\/em>.<\/p>\n<p data-start=\"947\" data-end=\"1174\">\u00c8 inoltre il creatore del concerto-performance <strong data-start=\"994\" data-end=\"1009\">Contretemps<\/strong>, presentato in anteprima nell&#8217;aprile 2023 durante la <strong data-start=\"1063\" data-end=\"1082\">Nuit des Mus\u00e9es<\/strong> al <strong data-start=\"1086\" data-end=\"1114\">Petit Palais di Avignone<\/strong>, oltre ai recital <strong data-start=\"1133\" data-end=\"1149\">Alba di Luna<\/strong> e <strong data-start=\"1152\" data-end=\"1171\">Suonno &#8216;E Fuoco<\/strong>.<\/p>\n<p>[\/vc_column_text][\/vc_column][\/vc_row][vc_row][vc_column][vc_single_image image=&#8221;4877&#8243; img_size=&#8221;medium&#8221; onclick=&#8221;custom_link&#8221; link=&#8221;http:\/\/www.operadeparis.fr\/artistes\/laetitia-jeanson&#8221;][\/vc_column][\/vc_row][vc_row][vc_column][vc_column_text]<\/p>\n<p data-start=\"1181\" data-end=\"1206\"><strong data-start=\"1181\" data-end=\"1204\">Natallia Yeliseyeva<\/strong><\/p>\n<p data-start=\"1208\" data-end=\"1584\">Pianista, si \u00e8 diplomata con lode presso l&#8217;<strong data-start=\"1251\" data-end=\"1283\">Accademia di Musica di Minsk<\/strong>, in Bielorussia. Ha poi perfezionato le sue competenze al <strong data-start=\"1342\" data-end=\"1392\">Conservatoire \u00e0 Rayonnement R\u00e9gional di Parigi<\/strong>, studiando con <strong data-start=\"1408\" data-end=\"1460\">Ariane Jacob, Jean-Marie Cottet e Philippe Biros<\/strong>. Attualmente \u00e8 <strong data-start=\"1476\" data-end=\"1519\">accompagnatrice e maestro collaboratore<\/strong> presso il <strong data-start=\"1530\" data-end=\"1571\">Conservatoire Nadia et Lili Boulanger<\/strong> di Parigi.<\/p>\n<p data-start=\"1586\" data-end=\"1939\">Ha vinto numerosi concorsi internazionali, tra cui il <strong data-start=\"1640\" data-end=\"1678\">Grand Prix de la M\u00e9lodie Fran\u00e7aise<\/strong> al <strong data-start=\"1682\" data-end=\"1768\">Concours International d\u2019Interpr\u00e9tation de la M\u00e9lodie Fran\u00e7aise de Toulouse (2023)<\/strong>, il <strong data-start=\"1773\" data-end=\"1816\">Concorso Nadia et Lili Boulanger (2021)<\/strong>, lo <strong data-start=\"1821\" data-end=\"1873\">Stockholm International Music Competition (2014)<\/strong> e il <strong data-start=\"1879\" data-end=\"1936\">Concorso Internazionale di Pianoforte di Brest (2011)<\/strong>.<\/p>\n<p data-start=\"1941\" data-end=\"2293\">In duo con <strong data-start=\"1952\" data-end=\"1973\">Adrien Fournaison<\/strong>, \u00e8 stata <strong data-start=\"1983\" data-end=\"2035\">laureata dell&#8217;Acad\u00e9mie Orsay-Royaumont 2022-2023<\/strong>. Natallia si esibisce regolarmente in Francia, in luoghi prestigiosi come la <strong data-start=\"2113\" data-end=\"2138\">Philharmonie de Paris<\/strong> e il <strong data-start=\"2144\" data-end=\"2161\">Mus\u00e9e d\u2019Orsay<\/strong>, oltre che in Bielorussia, in particolare presso il <strong data-start=\"2214\" data-end=\"2260\">Teatro Nazionale dell&#8217;Opera e del Balletto<\/strong> e la <strong data-start=\"2266\" data-end=\"2290\">Filarmonica di Stato<\/strong>.<\/p>\n<p>[\/vc_column_text][vc_separator][\/vc_column][\/vc_row][vc_row][vc_column][\/vc_column][\/vc_row]<\/p>\n","protected":false},"excerpt":{"rendered":"<p>[vc_row el_class=&#8221;highlighted-p&#8221;][vc_column][vc_empty_space][vc_empty_space][vc_single_image image=&#8221;4831&#8243; img_size=&#8221;large&#8221; alignment=&#8221;center&#8221;][vc_empty_space][vc_column_text] Suonno &#8216;E Fuoco \u00e8 un concerto per pianoforte e voce (tenore) dedicato alla musica napoletana dal XVIII al XX secolo, mettendo in evidenza la profonda influenza che questa musica ha avuto sui pi\u00f9 grandi compositori d&#8217;opera italiani, come Rossini, Donizetti e Bellini, e sulla nascita del genere della canzone. [\/vc_column_text][vc_separator][vc_btn<\/p>\n","protected":false},"author":2,"featured_media":0,"parent":1629,"menu_order":0,"comment_status":"closed","ping_status":"closed","template":"","meta":{"_monsterinsights_skip_tracking":false,"_monsterinsights_sitenote_active":false,"_monsterinsights_sitenote_note":"","_monsterinsights_sitenote_category":0,"footnotes":""},"yoast_head":"<!-- This site is optimized with the Yoast SEO plugin v22.1 - https:\/\/yoast.com\/wordpress\/plugins\/seo\/ -->\n<title>Suonno &#039;E Fuoco - S\u00e9mioConsult<\/title>\n<meta name=\"robots\" content=\"index, follow, max-snippet:-1, max-image-preview:large, max-video-preview:-1\" \/>\n<link rel=\"canonical\" href=\"https:\/\/www.semioconsult.com\/it\/nostri-servizi\/suonnoefuoco\/\" \/>\n<meta property=\"og:locale\" content=\"it_IT\" \/>\n<meta property=\"og:type\" content=\"article\" \/>\n<meta property=\"og:title\" content=\"Suonno &#039;E Fuoco - S\u00e9mioConsult\" \/>\n<meta property=\"og:description\" content=\"[vc_row el_class=&#8221;highlighted-p&#8221;][vc_column][vc_empty_space][vc_empty_space][vc_single_image image=&#8221;4831&#8243; img_size=&#8221;large&#8221; alignment=&#8221;center&#8221;][vc_empty_space][vc_column_text] Suonno &#8216;E Fuoco \u00e8 un concerto per pianoforte e voce (tenore) dedicato alla musica napoletana dal XVIII al XX secolo, mettendo in evidenza la profonda influenza che questa musica ha avuto sui pi\u00f9 grandi compositori d&#8217;opera italiani, come Rossini, Donizetti e Bellini, e sulla nascita del genere della canzone. [\/vc_column_text][vc_separator][vc_btn\" \/>\n<meta property=\"og:url\" content=\"https:\/\/www.semioconsult.com\/it\/nostri-servizi\/suonnoefuoco\/\" \/>\n<meta property=\"og:site_name\" content=\"S\u00e9mioConsult\" \/>\n<meta property=\"article:modified_time\" content=\"2025-02-21T16:12:46+00:00\" \/>\n<meta name=\"twitter:card\" content=\"summary_large_image\" \/>\n<meta name=\"twitter:label1\" content=\"Tempo di lettura stimato\" \/>\n\t<meta name=\"twitter:data1\" content=\"3 minuti\" \/>\n<script type=\"application\/ld+json\" class=\"yoast-schema-graph\">{\"@context\":\"https:\/\/schema.org\",\"@graph\":[{\"@type\":\"WebPage\",\"@id\":\"https:\/\/www.semioconsult.com\/it\/nostri-servizi\/suonnoefuoco\/\",\"url\":\"https:\/\/www.semioconsult.com\/it\/nostri-servizi\/suonnoefuoco\/\",\"name\":\"Suonno 'E Fuoco - S\u00e9mioConsult\",\"isPartOf\":{\"@id\":\"https:\/\/www.semioconsult.com\/#website\"},\"datePublished\":\"2024-08-17T12:24:31+00:00\",\"dateModified\":\"2025-02-21T16:12:46+00:00\",\"breadcrumb\":{\"@id\":\"https:\/\/www.semioconsult.com\/it\/nostri-servizi\/suonnoefuoco\/#breadcrumb\"},\"inLanguage\":\"it-IT\",\"potentialAction\":[{\"@type\":\"ReadAction\",\"target\":[\"https:\/\/www.semioconsult.com\/it\/nostri-servizi\/suonnoefuoco\/\"]}]},{\"@type\":\"BreadcrumbList\",\"@id\":\"https:\/\/www.semioconsult.com\/it\/nostri-servizi\/suonnoefuoco\/#breadcrumb\",\"itemListElement\":[{\"@type\":\"ListItem\",\"position\":1,\"name\":\"Accueil\",\"item\":\"https:\/\/www.semioconsult.com\/en\/\"},{\"@type\":\"ListItem\",\"position\":2,\"name\":\"Nostri servizi\",\"item\":\"https:\/\/www.semioconsult.com\/it\/nostri-servizi\/\"},{\"@type\":\"ListItem\",\"position\":3,\"name\":\"Suonno &lsquo;E Fuoco\"}]},{\"@type\":\"WebSite\",\"@id\":\"https:\/\/www.semioconsult.com\/#website\",\"url\":\"https:\/\/www.semioconsult.com\/\",\"name\":\"S\u00e9mioConsult\",\"description\":\"Cabinet de conseil\",\"publisher\":{\"@id\":\"https:\/\/www.semioconsult.com\/#organization\"},\"potentialAction\":[{\"@type\":\"SearchAction\",\"target\":{\"@type\":\"EntryPoint\",\"urlTemplate\":\"https:\/\/www.semioconsult.com\/?s={search_term_string}\"},\"query-input\":\"required name=search_term_string\"}],\"inLanguage\":\"it-IT\"},{\"@type\":\"Organization\",\"@id\":\"https:\/\/www.semioconsult.com\/#organization\",\"name\":\"S\u00e9mioConsult\",\"url\":\"https:\/\/www.semioconsult.com\/\",\"logo\":{\"@type\":\"ImageObject\",\"inLanguage\":\"it-IT\",\"@id\":\"https:\/\/www.semioconsult.com\/#\/schema\/logo\/image\/\",\"url\":\"https:\/\/www.semioconsult.com\/wp-content\/uploads\/2020\/01\/logo-semioconsult.png\",\"contentUrl\":\"https:\/\/www.semioconsult.com\/wp-content\/uploads\/2020\/01\/logo-semioconsult.png\",\"width\":1300,\"height\":500,\"caption\":\"S\u00e9mioConsult\"},\"image\":{\"@id\":\"https:\/\/www.semioconsult.com\/#\/schema\/logo\/image\/\"}}]}<\/script>\n<!-- \/ Yoast SEO plugin. -->","yoast_head_json":{"title":"Suonno 'E Fuoco - S\u00e9mioConsult","robots":{"index":"index","follow":"follow","max-snippet":"max-snippet:-1","max-image-preview":"max-image-preview:large","max-video-preview":"max-video-preview:-1"},"canonical":"https:\/\/www.semioconsult.com\/it\/nostri-servizi\/suonnoefuoco\/","og_locale":"it_IT","og_type":"article","og_title":"Suonno 'E Fuoco - S\u00e9mioConsult","og_description":"[vc_row el_class=&#8221;highlighted-p&#8221;][vc_column][vc_empty_space][vc_empty_space][vc_single_image image=&#8221;4831&#8243; img_size=&#8221;large&#8221; alignment=&#8221;center&#8221;][vc_empty_space][vc_column_text] Suonno &#8216;E Fuoco \u00e8 un concerto per pianoforte e voce (tenore) dedicato alla musica napoletana dal XVIII al XX secolo, mettendo in evidenza la profonda influenza che questa musica ha avuto sui pi\u00f9 grandi compositori d&#8217;opera italiani, come Rossini, Donizetti e Bellini, e sulla nascita del genere della canzone. [\/vc_column_text][vc_separator][vc_btn","og_url":"https:\/\/www.semioconsult.com\/it\/nostri-servizi\/suonnoefuoco\/","og_site_name":"S\u00e9mioConsult","article_modified_time":"2025-02-21T16:12:46+00:00","twitter_card":"summary_large_image","twitter_misc":{"Tempo di lettura stimato":"3 minuti"},"schema":{"@context":"https:\/\/schema.org","@graph":[{"@type":"WebPage","@id":"https:\/\/www.semioconsult.com\/it\/nostri-servizi\/suonnoefuoco\/","url":"https:\/\/www.semioconsult.com\/it\/nostri-servizi\/suonnoefuoco\/","name":"Suonno 'E Fuoco - S\u00e9mioConsult","isPartOf":{"@id":"https:\/\/www.semioconsult.com\/#website"},"datePublished":"2024-08-17T12:24:31+00:00","dateModified":"2025-02-21T16:12:46+00:00","breadcrumb":{"@id":"https:\/\/www.semioconsult.com\/it\/nostri-servizi\/suonnoefuoco\/#breadcrumb"},"inLanguage":"it-IT","potentialAction":[{"@type":"ReadAction","target":["https:\/\/www.semioconsult.com\/it\/nostri-servizi\/suonnoefuoco\/"]}]},{"@type":"BreadcrumbList","@id":"https:\/\/www.semioconsult.com\/it\/nostri-servizi\/suonnoefuoco\/#breadcrumb","itemListElement":[{"@type":"ListItem","position":1,"name":"Accueil","item":"https:\/\/www.semioconsult.com\/en\/"},{"@type":"ListItem","position":2,"name":"Nostri servizi","item":"https:\/\/www.semioconsult.com\/it\/nostri-servizi\/"},{"@type":"ListItem","position":3,"name":"Suonno &lsquo;E Fuoco"}]},{"@type":"WebSite","@id":"https:\/\/www.semioconsult.com\/#website","url":"https:\/\/www.semioconsult.com\/","name":"S\u00e9mioConsult","description":"Cabinet de conseil","publisher":{"@id":"https:\/\/www.semioconsult.com\/#organization"},"potentialAction":[{"@type":"SearchAction","target":{"@type":"EntryPoint","urlTemplate":"https:\/\/www.semioconsult.com\/?s={search_term_string}"},"query-input":"required name=search_term_string"}],"inLanguage":"it-IT"},{"@type":"Organization","@id":"https:\/\/www.semioconsult.com\/#organization","name":"S\u00e9mioConsult","url":"https:\/\/www.semioconsult.com\/","logo":{"@type":"ImageObject","inLanguage":"it-IT","@id":"https:\/\/www.semioconsult.com\/#\/schema\/logo\/image\/","url":"https:\/\/www.semioconsult.com\/wp-content\/uploads\/2020\/01\/logo-semioconsult.png","contentUrl":"https:\/\/www.semioconsult.com\/wp-content\/uploads\/2020\/01\/logo-semioconsult.png","width":1300,"height":500,"caption":"S\u00e9mioConsult"},"image":{"@id":"https:\/\/www.semioconsult.com\/#\/schema\/logo\/image\/"}}]}},"_links":{"self":[{"href":"https:\/\/www.semioconsult.com\/it\/wp-json\/wp\/v2\/pages\/4873"}],"collection":[{"href":"https:\/\/www.semioconsult.com\/it\/wp-json\/wp\/v2\/pages"}],"about":[{"href":"https:\/\/www.semioconsult.com\/it\/wp-json\/wp\/v2\/types\/page"}],"author":[{"embeddable":true,"href":"https:\/\/www.semioconsult.com\/it\/wp-json\/wp\/v2\/users\/2"}],"replies":[{"embeddable":true,"href":"https:\/\/www.semioconsult.com\/it\/wp-json\/wp\/v2\/comments?post=4873"}],"version-history":[{"count":7,"href":"https:\/\/www.semioconsult.com\/it\/wp-json\/wp\/v2\/pages\/4873\/revisions"}],"predecessor-version":[{"id":5302,"href":"https:\/\/www.semioconsult.com\/it\/wp-json\/wp\/v2\/pages\/4873\/revisions\/5302"}],"up":[{"embeddable":true,"href":"https:\/\/www.semioconsult.com\/it\/wp-json\/wp\/v2\/pages\/1629"}],"wp:attachment":[{"href":"https:\/\/www.semioconsult.com\/it\/wp-json\/wp\/v2\/media?parent=4873"}],"curies":[{"name":"wp","href":"https:\/\/api.w.org\/{rel}","templated":true}]}}