{"id":4949,"date":"2024-08-17T16:00:00","date_gmt":"2024-08-17T14:00:00","guid":{"rendered":"https:\/\/www.semioconsult.com\/?page_id=4949"},"modified":"2024-08-17T16:00:03","modified_gmt":"2024-08-17T14:00:03","slug":"lewis-alice","status":"publish","type":"page","link":"https:\/\/www.semioconsult.com\/it\/lewis-alice\/","title":{"rendered":"Lewis &#038; Alice"},"content":{"rendered":"<p>[vc_row][vc_column][vc_single_image image=&#8221;4830&#8243; img_size=&#8221;large&#8221; alignment=&#8221;center&#8221;][\/vc_column][\/vc_row][vc_row][vc_column][vc_column_text]<\/p>\n<h2>Gli Artisti<\/h2>\n<p>[\/vc_column_text][\/vc_column][\/vc_row][vc_row][vc_column][vc_single_image image=&#8221;4764&#8243; img_size=&#8221;medium&#8221;][vc_column_text]<\/p>\n<h5>Regis Mengus<\/h5>\n<p>Dopo aver seguito una formazione musicale e vocale fin dalla giovane et\u00e0, viene scoperto a 17 anni da Juan-Carlos Moral\u00e8s e si unisce alla sua classe di canto e arte lirica al CNR di Metz. Viene notato dalla direzione dell&#8217;Op\u00e9ra de Metz, dove gli vengono offerti numerosi ruoli. Allo stesso tempo, interpreta Zurga (Les P\u00eacheurs des Perles), Malatesta (Don Pasquale) e crea il ruolo di Horus (in La L\u00e9gende d&#8217;Horus di Mario Salis). Tiene anche numerosi concerti e recital in Lussemburgo, Francia e Germania. Tra gli altri, citiamo il Weihnachtsoratorium di Bach, L&#8217;Enfance du Christ di Berlioz (ruolo di Giuseppe) e, sotto la direzione di Michel Plasson, il Requiem di Faur\u00e9.<\/p>\n<p>R\u00e9gis Mengus viene poi ingaggiato da diversi teatri d&#8217;opera francesi, tra cui l&#8217;Op\u00e9ra de Tours, l&#8217;Op\u00e9ra de Lille, il Th\u00e9\u00e2tre de Caen e l&#8217;Op\u00e9ra de Saint-Etienne. Canta il ruolo di Danilo (Die Lustige Witwe) all&#8217;Op\u00e9ra de Nice, Lausanne e Reims, dove interpreta anche il ruolo di Marcello (La Boh\u00e8me). Successivamente, canta l&#8217;Horloge in L&#8217;Enfant et les Sortil\u00e8ges all&#8217;Op\u00e9ra de Montpellier, nonch\u00e9 il Mari (Les Mamelles de Tir\u00e9sias) all&#8217;Op\u00e9ra de Lausanne.<\/p>\n<p>Successivamente, affronta un repertorio pi\u00f9 lirico con i ruoli di Valentin (Faust) all&#8217;Op\u00e9ra de Lausanne, Karnac (Le Roi d&#8217;Ys) all&#8217;Op\u00e9ra de Saint-Etienne, Sharpless (Madama Butterfly) all&#8217;Op\u00e9ra de Reims, il ruolo-titolo di Amleto all&#8217;Op\u00e9ra de Lausanne e in quello di Escamillo (Carmen) all&#8217;Op\u00e9ra de Rennes.<\/p>\n<p>Pi\u00f9 recentemente, riprende il ruolo di Marcello (La Boh\u00e8me) all&#8217;Op\u00e9ra de Metz, quello di Valentin all&#8217;Op\u00e9ra de Massy e Saint-Etienne, Albert (Werther) all&#8217;Op\u00e9ra du Rhin, Sparck (Fantasio) all&#8217;Op\u00e9ra de Montpellier, oltre a Papageno (Die Zauberfl\u00f6te) all&#8217;Op\u00e9ra de Tours, Escamillo (Carmen) all&#8217;Op\u00e9ra de Metz, Phanor (La Reine de Saba), il ruolo-titolo di Eugenio Onegin all&#8217;Op\u00e9ra de Marseille, Ho\u00ebl (Dinorah ou le Pardon de Ploermel) alla Deutsche Oper Berlino, il Mari (Les Mamelles de Tir\u00e9sias) e Ramiro (L&#8217;Heure Espagnole) all&#8217;Op\u00e9ra d&#8217;Oviedo, Schaunard (La Boh\u00e8me) all&#8217;Op\u00e9ra de Marseille, L&#8217;Horloge e il Chat (L&#8217;Enfant et les Sortil\u00e8ges) a Radio France, Escamillo (Carmen) all&#8217;Op\u00e9ra du Rhin, Bill (A Quiet Place) all&#8217;Op\u00e9ra National de Paris, Ourias (Mireille) all&#8217;Op\u00e9ra de Metz, Le Mari (Les Mamelles de Tiresias) al Festival di Glyndebourne, il ruolo-titolo di Werther al Grand Th\u00e9\u00e2tre de Tours, Le Major Davel (Davel) all&#8217;Op\u00e9ra de Lausanne, Papageno (Die Zauberfl\u00f6te) all&#8217;Op\u00e9ra de Reims, Danilo (La Veuve Joyeuse) all&#8217;Op\u00e9ra de Marseille, e Sanson (The Exterminating Angel) all&#8217;Op\u00e9ra National de Paris.<\/p>\n<p>Tra i suoi prossimi progetti, il Danca\u00efre (Carmen) al San Carlo di Napoli e Bretigny (Manon) all&#8217;Op\u00e9ra National de Paris.[\/vc_column_text][\/vc_column][\/vc_row][vc_row][vc_column][vc_single_image image=&#8221;4767&#8243; img_size=&#8221;medium&#8221;][vc_column_text]<\/p>\n<h5>Laetitia Jenson<\/h5>\n<p>Molto giovane, Laetitia Mengus inizia a studiare pianoforte. Si rivela presto molto dotata, vincendo una dozzina di concorsi nazionali gi\u00e0 all&#8217;et\u00e0 di otto anni. In occasione dei concerti dei vincitori, si esibisce pi\u00f9 volte su prestigiosi palcoscenici parigini dell&#8217;epoca, come la Salle Gaveau, la Salle Cortot e la Maison de la Radio.<\/p>\n<p>All&#8217;et\u00e0 di tredici anni, partecipa a una serie di concerti in Ungheria, patrocinata dal grande virtuoso Gyorgy Cziffra, che la invita anche a far parte della Fondazione omonima, destinata alla promozione dei giovani talenti del pianoforte. Quello stesso anno, esegue il 2\u00b0 Concerto di Beethoven con l&#8217;Orchestre Symphonique de Radio-France a Parigi, dopo aver vinto il Concorso del Regno della Musica contro quasi mille candidati.<\/p>\n<p>Nel 1986, entra al Conservatorio Nazionale Superiore di Parigi (CNSMP) e si prepara per il suo Premio di Pianoforte avendo come compagni di studi futuri grandi nomi come Emmanuel Strosser, Fran\u00e7ois-Fr\u00e9d\u00e9ric Guy, Alexandre Tharaud e Vanessa Wagner. Lascia il CNSMP nel 1989 con un Primo Premio di Pianoforte e un Primo Premio di Musica da Camera.<\/p>\n<p>Poi, contro ogni aspettativa, si orienta verso il canto lirico negli anni successivi. Studia con colui che all&#8217;epoca era il maestro di Natalie Dessay e Laurent Naouri: Jean-Pierre Blivet. Nel 2002, supera il concorso internazionale per i Cori dell&#8217;Op\u00e9ra di Parigi e viene ingaggiata come mezzosoprano. Rimarr\u00e0 l\u00ec per molti anni, continuando a esibirsi in diversi concerti con suo marito, il baritono R\u00e9gis Mengus, che accompagna al pianoforte.<\/p>\n<p>Tra i suoi progetti futuri, figura la programmazione di un recital originale: quattordici melodie per voce e pianoforte composte da Laetitia Mengus ispirate ad alcune delle opere pi\u00f9 celebri di Chopin, su testi adattati dai Fiori del Male di Baudelaire.[\/vc_column_text][\/vc_column][\/vc_row][vc_row][vc_column][vc_single_image image=&#8221;4770&#8243; img_size=&#8221;medium&#8221;][vc_column_text]<\/p>\n<h5>Laureen Stoulig<\/h5>\n<p>Laureen Stoulig-Thinnes \u00e8 nata a Creutzwald nel 1983 da madre mauriziana e padre francese. Dopo aver studiato pianoforte e canto al Conservatorio di Metz, si perfeziona all&#8217;estero e riceve rapidamente numerose proposte di ruoli operistici sui palcoscenici europei. Frequentemente invitata da ensemble come Le Parlement de Musique, Il Delirio Fantastico e Le Concert Lorrain, si esibisce nelle sale e nei festival pi\u00f9 prestigiosi.<\/p>\n<p>Particolarmente popolare e richiesta nella regione del Grand Est, desiderosa di far conoscere il patrimonio culturale della sua regione, lancia un festival musicale nel 2018 con il marito Marlo Thinnes, programmando artisti di fama internazionale. Nel 2019 fonda il quartetto VENEREM, riunendo la sua voce, pianoforte (Marlo Thinnes), basso (Simon Zauels) e percussioni (Michel Meis). Il loro primo album, pubblicato sotto l&#8217;etichetta Telos Music nel 2021, ottiene un grande successo critico e popolare.<\/p>\n<p>Nel 2022, Laureen Stoulig-Thinnes si dedica maggiormente ai repertori sacri provenienti da tutto il mondo e fonda con la pianista Layla Ramezan il duo \u0101n\u0101hid. Insieme, esplorano le musiche sacre del mondo, portando gli spettatori in un viaggio tra Oriente e Occidente.<\/p>\n<p>Dal 2020, Laureen Stoulig-Thinnes \u00e8 anche comandante della riserva cittadina e offre la sua voce a tutte le grandi cerimonie militari come cantante ufficiale dell&#8217;Esercito del Grand Est. All&#8217;inizio del 2024, uscir\u00e0, sotto l&#8217;etichetta Ind\u00e9sens &amp; Calliope Records, un disco solista registrato con l&#8217;organista Dr. Prof. Vincent Bernhardt e la Chapelle Saint-Marc, incentrato sul compositore Dietrich Buxtehude. Questa registrazione ha ricevuto subito unanimi consensi dalla critica musicale, ottenendo, tra l&#8217;altro, la prestigiosa distinzione dei 5 diapason e della &#8220;Cl\u00e9 du mois&#8221; da Resmusica, premi per le uscite straordinarie.[\/vc_column_text][\/vc_column][\/vc_row]<\/p>\n","protected":false},"excerpt":{"rendered":"<p>[vc_row][vc_column][vc_single_image image=&#8221;4830&#8243; img_size=&#8221;large&#8221; alignment=&#8221;center&#8221;][\/vc_column][\/vc_row][vc_row][vc_column][vc_column_text] Gli Artisti [\/vc_column_text][\/vc_column][\/vc_row][vc_row][vc_column][vc_single_image image=&#8221;4764&#8243; img_size=&#8221;medium&#8221;][vc_column_text] Regis Mengus Dopo aver seguito una formazione musicale e vocale fin dalla giovane et\u00e0, viene scoperto a 17 anni da Juan-Carlos Moral\u00e8s e si unisce alla sua classe di canto e arte lirica al CNR di Metz. Viene notato dalla direzione dell&#8217;Op\u00e9ra de Metz, dove gli<\/p>\n","protected":false},"author":2,"featured_media":0,"parent":0,"menu_order":0,"comment_status":"closed","ping_status":"closed","template":"","meta":{"_monsterinsights_skip_tracking":false,"_monsterinsights_sitenote_active":false,"_monsterinsights_sitenote_note":"","_monsterinsights_sitenote_category":0,"footnotes":""},"yoast_head":"<!-- This site is optimized with the Yoast SEO plugin v22.1 - https:\/\/yoast.com\/wordpress\/plugins\/seo\/ -->\n<title>Lewis &amp; Alice - S\u00e9mioConsult<\/title>\n<meta name=\"robots\" content=\"index, follow, max-snippet:-1, max-image-preview:large, max-video-preview:-1\" \/>\n<link rel=\"canonical\" href=\"https:\/\/www.semioconsult.com\/it\/lewis-alice\/\" \/>\n<meta property=\"og:locale\" content=\"it_IT\" \/>\n<meta property=\"og:type\" content=\"article\" \/>\n<meta property=\"og:title\" content=\"Lewis &amp; Alice - S\u00e9mioConsult\" \/>\n<meta property=\"og:description\" content=\"[vc_row][vc_column][vc_single_image image=&#8221;4830&#8243; img_size=&#8221;large&#8221; alignment=&#8221;center&#8221;][\/vc_column][\/vc_row][vc_row][vc_column][vc_column_text] Gli Artisti [\/vc_column_text][\/vc_column][\/vc_row][vc_row][vc_column][vc_single_image image=&#8221;4764&#8243; img_size=&#8221;medium&#8221;][vc_column_text] Regis Mengus Dopo aver seguito una formazione musicale e vocale fin dalla giovane et\u00e0, viene scoperto a 17 anni da Juan-Carlos Moral\u00e8s e si unisce alla sua classe di canto e arte lirica al CNR di Metz. Viene notato dalla direzione dell&#8217;Op\u00e9ra de Metz, dove gli\" \/>\n<meta property=\"og:url\" content=\"https:\/\/www.semioconsult.com\/it\/lewis-alice\/\" \/>\n<meta property=\"og:site_name\" content=\"S\u00e9mioConsult\" \/>\n<meta property=\"article:modified_time\" content=\"2024-08-17T14:00:03+00:00\" \/>\n<meta name=\"twitter:card\" content=\"summary_large_image\" \/>\n<meta name=\"twitter:label1\" content=\"Tempo di lettura stimato\" \/>\n\t<meta name=\"twitter:data1\" content=\"5 minuti\" \/>\n<script type=\"application\/ld+json\" class=\"yoast-schema-graph\">{\"@context\":\"https:\/\/schema.org\",\"@graph\":[{\"@type\":\"WebPage\",\"@id\":\"https:\/\/www.semioconsult.com\/it\/lewis-alice\/\",\"url\":\"https:\/\/www.semioconsult.com\/it\/lewis-alice\/\",\"name\":\"Lewis & Alice - S\u00e9mioConsult\",\"isPartOf\":{\"@id\":\"https:\/\/www.semioconsult.com\/#website\"},\"datePublished\":\"2024-08-17T14:00:00+00:00\",\"dateModified\":\"2024-08-17T14:00:03+00:00\",\"breadcrumb\":{\"@id\":\"https:\/\/www.semioconsult.com\/it\/lewis-alice\/#breadcrumb\"},\"inLanguage\":\"it-IT\",\"potentialAction\":[{\"@type\":\"ReadAction\",\"target\":[\"https:\/\/www.semioconsult.com\/it\/lewis-alice\/\"]}]},{\"@type\":\"BreadcrumbList\",\"@id\":\"https:\/\/www.semioconsult.com\/it\/lewis-alice\/#breadcrumb\",\"itemListElement\":[{\"@type\":\"ListItem\",\"position\":1,\"name\":\"Accueil\",\"item\":\"https:\/\/www.semioconsult.com\/en\/\"},{\"@type\":\"ListItem\",\"position\":2,\"name\":\"Lewis &#038; Alice\"}]},{\"@type\":\"WebSite\",\"@id\":\"https:\/\/www.semioconsult.com\/#website\",\"url\":\"https:\/\/www.semioconsult.com\/\",\"name\":\"S\u00e9mioConsult\",\"description\":\"Cabinet de conseil\",\"publisher\":{\"@id\":\"https:\/\/www.semioconsult.com\/#organization\"},\"potentialAction\":[{\"@type\":\"SearchAction\",\"target\":{\"@type\":\"EntryPoint\",\"urlTemplate\":\"https:\/\/www.semioconsult.com\/?s={search_term_string}\"},\"query-input\":\"required name=search_term_string\"}],\"inLanguage\":\"it-IT\"},{\"@type\":\"Organization\",\"@id\":\"https:\/\/www.semioconsult.com\/#organization\",\"name\":\"S\u00e9mioConsult\",\"url\":\"https:\/\/www.semioconsult.com\/\",\"logo\":{\"@type\":\"ImageObject\",\"inLanguage\":\"it-IT\",\"@id\":\"https:\/\/www.semioconsult.com\/#\/schema\/logo\/image\/\",\"url\":\"https:\/\/www.semioconsult.com\/wp-content\/uploads\/2020\/01\/logo-semioconsult.png\",\"contentUrl\":\"https:\/\/www.semioconsult.com\/wp-content\/uploads\/2020\/01\/logo-semioconsult.png\",\"width\":1300,\"height\":500,\"caption\":\"S\u00e9mioConsult\"},\"image\":{\"@id\":\"https:\/\/www.semioconsult.com\/#\/schema\/logo\/image\/\"}}]}<\/script>\n<!-- \/ Yoast SEO plugin. -->","yoast_head_json":{"title":"Lewis & Alice - S\u00e9mioConsult","robots":{"index":"index","follow":"follow","max-snippet":"max-snippet:-1","max-image-preview":"max-image-preview:large","max-video-preview":"max-video-preview:-1"},"canonical":"https:\/\/www.semioconsult.com\/it\/lewis-alice\/","og_locale":"it_IT","og_type":"article","og_title":"Lewis & Alice - S\u00e9mioConsult","og_description":"[vc_row][vc_column][vc_single_image image=&#8221;4830&#8243; img_size=&#8221;large&#8221; alignment=&#8221;center&#8221;][\/vc_column][\/vc_row][vc_row][vc_column][vc_column_text] Gli Artisti [\/vc_column_text][\/vc_column][\/vc_row][vc_row][vc_column][vc_single_image image=&#8221;4764&#8243; img_size=&#8221;medium&#8221;][vc_column_text] Regis Mengus Dopo aver seguito una formazione musicale e vocale fin dalla giovane et\u00e0, viene scoperto a 17 anni da Juan-Carlos Moral\u00e8s e si unisce alla sua classe di canto e arte lirica al CNR di Metz. Viene notato dalla direzione dell&#8217;Op\u00e9ra de Metz, dove gli","og_url":"https:\/\/www.semioconsult.com\/it\/lewis-alice\/","og_site_name":"S\u00e9mioConsult","article_modified_time":"2024-08-17T14:00:03+00:00","twitter_card":"summary_large_image","twitter_misc":{"Tempo di lettura stimato":"5 minuti"},"schema":{"@context":"https:\/\/schema.org","@graph":[{"@type":"WebPage","@id":"https:\/\/www.semioconsult.com\/it\/lewis-alice\/","url":"https:\/\/www.semioconsult.com\/it\/lewis-alice\/","name":"Lewis & Alice - S\u00e9mioConsult","isPartOf":{"@id":"https:\/\/www.semioconsult.com\/#website"},"datePublished":"2024-08-17T14:00:00+00:00","dateModified":"2024-08-17T14:00:03+00:00","breadcrumb":{"@id":"https:\/\/www.semioconsult.com\/it\/lewis-alice\/#breadcrumb"},"inLanguage":"it-IT","potentialAction":[{"@type":"ReadAction","target":["https:\/\/www.semioconsult.com\/it\/lewis-alice\/"]}]},{"@type":"BreadcrumbList","@id":"https:\/\/www.semioconsult.com\/it\/lewis-alice\/#breadcrumb","itemListElement":[{"@type":"ListItem","position":1,"name":"Accueil","item":"https:\/\/www.semioconsult.com\/en\/"},{"@type":"ListItem","position":2,"name":"Lewis &#038; Alice"}]},{"@type":"WebSite","@id":"https:\/\/www.semioconsult.com\/#website","url":"https:\/\/www.semioconsult.com\/","name":"S\u00e9mioConsult","description":"Cabinet de conseil","publisher":{"@id":"https:\/\/www.semioconsult.com\/#organization"},"potentialAction":[{"@type":"SearchAction","target":{"@type":"EntryPoint","urlTemplate":"https:\/\/www.semioconsult.com\/?s={search_term_string}"},"query-input":"required name=search_term_string"}],"inLanguage":"it-IT"},{"@type":"Organization","@id":"https:\/\/www.semioconsult.com\/#organization","name":"S\u00e9mioConsult","url":"https:\/\/www.semioconsult.com\/","logo":{"@type":"ImageObject","inLanguage":"it-IT","@id":"https:\/\/www.semioconsult.com\/#\/schema\/logo\/image\/","url":"https:\/\/www.semioconsult.com\/wp-content\/uploads\/2020\/01\/logo-semioconsult.png","contentUrl":"https:\/\/www.semioconsult.com\/wp-content\/uploads\/2020\/01\/logo-semioconsult.png","width":1300,"height":500,"caption":"S\u00e9mioConsult"},"image":{"@id":"https:\/\/www.semioconsult.com\/#\/schema\/logo\/image\/"}}]}},"_links":{"self":[{"href":"https:\/\/www.semioconsult.com\/it\/wp-json\/wp\/v2\/pages\/4949"}],"collection":[{"href":"https:\/\/www.semioconsult.com\/it\/wp-json\/wp\/v2\/pages"}],"about":[{"href":"https:\/\/www.semioconsult.com\/it\/wp-json\/wp\/v2\/types\/page"}],"author":[{"embeddable":true,"href":"https:\/\/www.semioconsult.com\/it\/wp-json\/wp\/v2\/users\/2"}],"replies":[{"embeddable":true,"href":"https:\/\/www.semioconsult.com\/it\/wp-json\/wp\/v2\/comments?post=4949"}],"version-history":[{"count":1,"href":"https:\/\/www.semioconsult.com\/it\/wp-json\/wp\/v2\/pages\/4949\/revisions"}],"predecessor-version":[{"id":4952,"href":"https:\/\/www.semioconsult.com\/it\/wp-json\/wp\/v2\/pages\/4949\/revisions\/4952"}],"wp:attachment":[{"href":"https:\/\/www.semioconsult.com\/it\/wp-json\/wp\/v2\/media?parent=4949"}],"curies":[{"name":"wp","href":"https:\/\/api.w.org\/{rel}","templated":true}]}}