{"id":4969,"date":"2024-08-17T16:20:40","date_gmt":"2024-08-17T14:20:40","guid":{"rendered":"https:\/\/www.semioconsult.com\/?page_id=4969"},"modified":"2024-09-10T21:01:00","modified_gmt":"2024-09-10T19:01:00","slug":"suonno-e-fuoco","status":"publish","type":"page","link":"https:\/\/www.semioconsult.com\/it\/suonno-e-fuoco\/","title":{"rendered":"Suonno &#8216;E Fuoco"},"content":{"rendered":"<p>[vc_row][vc_column][vc_single_image image=&#8221;4833&#8243; img_size=&#8221;large&#8221; alignment=&#8221;center&#8221;][vc_column_text]<\/p>\n<p style=\"text-align: center;\"><strong>Suonno \u2018E Fuoco \u00e8 un concerto per pianoforte e voce (tenore) dedicato alla musica napoletana dal XVIII al XX secolo, che mette in luce la profonda influenza che questa musica ha avuto sui pi\u00f9 grandi compositori d&#8217;opera italiani come Rossini, Donizetti, Bellini, e sulla nascita del genere della canzone.<\/strong><\/p>\n<p>[\/vc_column_text][vc_btn title=&#8221;Prenota il tuo Biglietto&#8221; align=&#8221;center&#8221; button_block=&#8221;true&#8221; link=&#8221;url:https%3A%2F%2Fboutique.vichymonamour.fr%2Fvisit%2Fconcert-suonno-e-fuoco-naples-en-musique-744&#8243;][\/vc_column][\/vc_row][vc_row][vc_column][vc_column_text]<\/p>\n<h2>Gli Artisti<\/h2>\n<p>[\/vc_column_text][\/vc_column][\/vc_row][vc_row][vc_column][vc_single_image image=&#8221;4876&#8243; img_size=&#8221;medium&#8221;][vc_column_text]<\/p>\n<h5>Nile Senatore<\/h5>\n<p>Un cantante napoletano e attore italiano che &#8216;dimostra una voce piena e dolce nel registro acuto e qualit\u00e0 attoriali impressionanti, ben al di sopra della media dei cantanti d&#8217;opera di oggi&#8217; \u2013 Connessi all\u2019opera.<\/p>\n<p>Interpreta un repertorio che spazia dalla musica barocca al classicismo.<\/p>\n<p>In collaborazione con alcuni dei pi\u00f9 importanti ensemble, direttori musicali e registi della scena musicale attuale, \u00e8 invitato nelle pi\u00f9 prestigiose sale e festival d&#8217;Europa: Op\u00e9ra Comique, Op\u00e9ra de Bordeaux, Palau de la M\u00fasica Catalana, Auditorio Nacional de M\u00fasica, Teatro Olimpico, Concertgebouw di Amsterdam, Innsbrucker Festwochen, tra gli altri.<\/p>\n<p>Negli ultimi tre anni, \u00e8 stato in tourn\u00e9e con Les Musiciens du Louvre per <em>Le Bourgeois Gentilhomme<\/em> (filmato da FranceTV dall\u2019Op\u00e9ra de Bordeaux), ed \u00e8 attualmente in tourn\u00e9e con La Petite Bande nel ruolo mozartiano di Ferrando in <em>Cos\u00ec fan tutte<\/em>.<\/p>\n<p>\u00c8 anche il creatore del concerto\/performance <em>Contretemps<\/em>, che ha debuttato nell&#8217;aprile 2023 durante la Nuit des Mus\u00e9es al Petit Palais di Avignone, e dei recital <em>Alba di Luna<\/em> e <em>Suonno \u2019e fuoco<\/em>.[\/vc_column_text][\/vc_column][\/vc_row][vc_row][vc_column][vc_single_image image=&#8221;4879&#8243; img_size=&#8221;medium&#8221;][vc_column_text]<\/p>\n<h5>Natallia Yeliseyeva<\/h5>\n<p>Pianista, si \u00e8 diplomata con lode all&#8217;Accademia di Musica di Minsk, in Bielorussia. Ha poi perfezionato le sue competenze al Conservatoire \u00e0 Rayonnement R\u00e9gional di Parigi con Ariane Jacob, Jean-Marie Cottet e Philippe Biros. Attualmente, \u00e8 accompagnatrice e maestro collaboratore al Conservatorio Nadia e Lili Boulanger di Parigi.<\/p>\n<p>Ha vinto numerosi concorsi internazionali, tra cui il Grand Prix della m\u00e9lodie fran\u00e7aise al Concorso Internazionale di Interpretazione della M\u00e9lodie Fran\u00e7aise di Tolosa (2023), il concorso Nadia e Lili Boulanger (2021), lo Stockholm International Music Competition (2014), e il Concorso internazionale di pianoforte di Brest (2011).<\/p>\n<p>In duo con Adrien Fournaison, \u00e8 stata vincitrice dell&#8217;Acad\u00e9mie Orsay-Royaumont 2022-2023. Natallia si esibisce regolarmente in concerto in Francia, in luoghi prestigiosi come la Philharmonie de Paris e il Mus\u00e9e d\u2019Orsay, cos\u00ec come in Bielorussia, in particolare al Teatro Nazionale dell&#8217;Opera e del Balletto e alla Filarmonica di Stato.[\/vc_column_text][vc_separator][\/vc_column][\/vc_row][vc_row][vc_column][vc_column_text]<strong>*L&#8217;intero ricavato sar\u00e0 devoluto agli artisti.<\/strong><\/p>\n<p><strong>Prezzo intero: 30 euro<\/strong><\/p>\n<p><strong>Under 25: 15 euro<\/strong><\/p>\n<p><strong>Gratuito \u2013 sotto i 10 anni e per i disoccupati<\/strong><\/p>\n<p><strong>(Per i bambini: Contattaci prima dello spettacolo;<\/strong><br \/>\n<strong>Per tutti: pagamento in loco possibile a seconda della disponibilit\u00e0)<\/strong><\/p>\n<p><strong>Durata del concerto: circa 1 ora e 10 minuti<\/strong>[\/vc_column_text][\/vc_column][\/vc_row]<\/p>\n","protected":false},"excerpt":{"rendered":"<p>[vc_row][vc_column][vc_single_image image=&#8221;4833&#8243; img_size=&#8221;large&#8221; alignment=&#8221;center&#8221;][vc_column_text] Suonno \u2018E Fuoco \u00e8 un concerto per pianoforte e voce (tenore) dedicato alla musica napoletana dal XVIII al XX secolo, che mette in luce la profonda influenza che questa musica ha avuto sui pi\u00f9 grandi compositori d&#8217;opera italiani come Rossini, Donizetti, Bellini, e sulla nascita del genere della canzone. [\/vc_column_text][vc_btn title=&#8221;Prenota<\/p>\n","protected":false},"author":2,"featured_media":0,"parent":0,"menu_order":0,"comment_status":"closed","ping_status":"closed","template":"","meta":{"_monsterinsights_skip_tracking":false,"_monsterinsights_sitenote_active":false,"_monsterinsights_sitenote_note":"","_monsterinsights_sitenote_category":0,"footnotes":""},"yoast_head":"<!-- This site is optimized with the Yoast SEO plugin v22.1 - https:\/\/yoast.com\/wordpress\/plugins\/seo\/ -->\n<title>Suonno &#039;E Fuoco - S\u00e9mioConsult<\/title>\n<meta name=\"robots\" content=\"index, follow, max-snippet:-1, max-image-preview:large, max-video-preview:-1\" \/>\n<link rel=\"canonical\" href=\"https:\/\/www.semioconsult.com\/it\/suonno-e-fuoco\/\" \/>\n<meta property=\"og:locale\" content=\"it_IT\" \/>\n<meta property=\"og:type\" content=\"article\" \/>\n<meta property=\"og:title\" content=\"Suonno &#039;E Fuoco - S\u00e9mioConsult\" \/>\n<meta property=\"og:description\" content=\"[vc_row][vc_column][vc_single_image image=&#8221;4833&#8243; img_size=&#8221;large&#8221; alignment=&#8221;center&#8221;][vc_column_text] Suonno \u2018E Fuoco \u00e8 un concerto per pianoforte e voce (tenore) dedicato alla musica napoletana dal XVIII al XX secolo, che mette in luce la profonda influenza che questa musica ha avuto sui pi\u00f9 grandi compositori d&#8217;opera italiani come Rossini, Donizetti, Bellini, e sulla nascita del genere della canzone. [\/vc_column_text][vc_btn title=&#8221;Prenota\" \/>\n<meta property=\"og:url\" content=\"https:\/\/www.semioconsult.com\/it\/suonno-e-fuoco\/\" \/>\n<meta property=\"og:site_name\" content=\"S\u00e9mioConsult\" \/>\n<meta property=\"article:modified_time\" content=\"2024-09-10T19:01:00+00:00\" \/>\n<meta name=\"twitter:card\" content=\"summary_large_image\" \/>\n<meta name=\"twitter:label1\" content=\"Tempo di lettura stimato\" \/>\n\t<meta name=\"twitter:data1\" content=\"3 minuti\" \/>\n<script type=\"application\/ld+json\" class=\"yoast-schema-graph\">{\"@context\":\"https:\/\/schema.org\",\"@graph\":[{\"@type\":\"WebPage\",\"@id\":\"https:\/\/www.semioconsult.com\/it\/suonno-e-fuoco\/\",\"url\":\"https:\/\/www.semioconsult.com\/it\/suonno-e-fuoco\/\",\"name\":\"Suonno 'E Fuoco - S\u00e9mioConsult\",\"isPartOf\":{\"@id\":\"https:\/\/www.semioconsult.com\/#website\"},\"datePublished\":\"2024-08-17T14:20:40+00:00\",\"dateModified\":\"2024-09-10T19:01:00+00:00\",\"breadcrumb\":{\"@id\":\"https:\/\/www.semioconsult.com\/it\/suonno-e-fuoco\/#breadcrumb\"},\"inLanguage\":\"it-IT\",\"potentialAction\":[{\"@type\":\"ReadAction\",\"target\":[\"https:\/\/www.semioconsult.com\/it\/suonno-e-fuoco\/\"]}]},{\"@type\":\"BreadcrumbList\",\"@id\":\"https:\/\/www.semioconsult.com\/it\/suonno-e-fuoco\/#breadcrumb\",\"itemListElement\":[{\"@type\":\"ListItem\",\"position\":1,\"name\":\"Accueil\",\"item\":\"https:\/\/www.semioconsult.com\/en\/\"},{\"@type\":\"ListItem\",\"position\":2,\"name\":\"Suonno &lsquo;E Fuoco\"}]},{\"@type\":\"WebSite\",\"@id\":\"https:\/\/www.semioconsult.com\/#website\",\"url\":\"https:\/\/www.semioconsult.com\/\",\"name\":\"S\u00e9mioConsult\",\"description\":\"Cabinet de conseil\",\"publisher\":{\"@id\":\"https:\/\/www.semioconsult.com\/#organization\"},\"potentialAction\":[{\"@type\":\"SearchAction\",\"target\":{\"@type\":\"EntryPoint\",\"urlTemplate\":\"https:\/\/www.semioconsult.com\/?s={search_term_string}\"},\"query-input\":\"required name=search_term_string\"}],\"inLanguage\":\"it-IT\"},{\"@type\":\"Organization\",\"@id\":\"https:\/\/www.semioconsult.com\/#organization\",\"name\":\"S\u00e9mioConsult\",\"url\":\"https:\/\/www.semioconsult.com\/\",\"logo\":{\"@type\":\"ImageObject\",\"inLanguage\":\"it-IT\",\"@id\":\"https:\/\/www.semioconsult.com\/#\/schema\/logo\/image\/\",\"url\":\"https:\/\/www.semioconsult.com\/wp-content\/uploads\/2020\/01\/logo-semioconsult.png\",\"contentUrl\":\"https:\/\/www.semioconsult.com\/wp-content\/uploads\/2020\/01\/logo-semioconsult.png\",\"width\":1300,\"height\":500,\"caption\":\"S\u00e9mioConsult\"},\"image\":{\"@id\":\"https:\/\/www.semioconsult.com\/#\/schema\/logo\/image\/\"}}]}<\/script>\n<!-- \/ Yoast SEO plugin. -->","yoast_head_json":{"title":"Suonno 'E Fuoco - S\u00e9mioConsult","robots":{"index":"index","follow":"follow","max-snippet":"max-snippet:-1","max-image-preview":"max-image-preview:large","max-video-preview":"max-video-preview:-1"},"canonical":"https:\/\/www.semioconsult.com\/it\/suonno-e-fuoco\/","og_locale":"it_IT","og_type":"article","og_title":"Suonno 'E Fuoco - S\u00e9mioConsult","og_description":"[vc_row][vc_column][vc_single_image image=&#8221;4833&#8243; img_size=&#8221;large&#8221; alignment=&#8221;center&#8221;][vc_column_text] Suonno \u2018E Fuoco \u00e8 un concerto per pianoforte e voce (tenore) dedicato alla musica napoletana dal XVIII al XX secolo, che mette in luce la profonda influenza che questa musica ha avuto sui pi\u00f9 grandi compositori d&#8217;opera italiani come Rossini, Donizetti, Bellini, e sulla nascita del genere della canzone. [\/vc_column_text][vc_btn title=&#8221;Prenota","og_url":"https:\/\/www.semioconsult.com\/it\/suonno-e-fuoco\/","og_site_name":"S\u00e9mioConsult","article_modified_time":"2024-09-10T19:01:00+00:00","twitter_card":"summary_large_image","twitter_misc":{"Tempo di lettura stimato":"3 minuti"},"schema":{"@context":"https:\/\/schema.org","@graph":[{"@type":"WebPage","@id":"https:\/\/www.semioconsult.com\/it\/suonno-e-fuoco\/","url":"https:\/\/www.semioconsult.com\/it\/suonno-e-fuoco\/","name":"Suonno 'E Fuoco - S\u00e9mioConsult","isPartOf":{"@id":"https:\/\/www.semioconsult.com\/#website"},"datePublished":"2024-08-17T14:20:40+00:00","dateModified":"2024-09-10T19:01:00+00:00","breadcrumb":{"@id":"https:\/\/www.semioconsult.com\/it\/suonno-e-fuoco\/#breadcrumb"},"inLanguage":"it-IT","potentialAction":[{"@type":"ReadAction","target":["https:\/\/www.semioconsult.com\/it\/suonno-e-fuoco\/"]}]},{"@type":"BreadcrumbList","@id":"https:\/\/www.semioconsult.com\/it\/suonno-e-fuoco\/#breadcrumb","itemListElement":[{"@type":"ListItem","position":1,"name":"Accueil","item":"https:\/\/www.semioconsult.com\/en\/"},{"@type":"ListItem","position":2,"name":"Suonno &lsquo;E Fuoco"}]},{"@type":"WebSite","@id":"https:\/\/www.semioconsult.com\/#website","url":"https:\/\/www.semioconsult.com\/","name":"S\u00e9mioConsult","description":"Cabinet de conseil","publisher":{"@id":"https:\/\/www.semioconsult.com\/#organization"},"potentialAction":[{"@type":"SearchAction","target":{"@type":"EntryPoint","urlTemplate":"https:\/\/www.semioconsult.com\/?s={search_term_string}"},"query-input":"required name=search_term_string"}],"inLanguage":"it-IT"},{"@type":"Organization","@id":"https:\/\/www.semioconsult.com\/#organization","name":"S\u00e9mioConsult","url":"https:\/\/www.semioconsult.com\/","logo":{"@type":"ImageObject","inLanguage":"it-IT","@id":"https:\/\/www.semioconsult.com\/#\/schema\/logo\/image\/","url":"https:\/\/www.semioconsult.com\/wp-content\/uploads\/2020\/01\/logo-semioconsult.png","contentUrl":"https:\/\/www.semioconsult.com\/wp-content\/uploads\/2020\/01\/logo-semioconsult.png","width":1300,"height":500,"caption":"S\u00e9mioConsult"},"image":{"@id":"https:\/\/www.semioconsult.com\/#\/schema\/logo\/image\/"}}]}},"_links":{"self":[{"href":"https:\/\/www.semioconsult.com\/it\/wp-json\/wp\/v2\/pages\/4969"}],"collection":[{"href":"https:\/\/www.semioconsult.com\/it\/wp-json\/wp\/v2\/pages"}],"about":[{"href":"https:\/\/www.semioconsult.com\/it\/wp-json\/wp\/v2\/types\/page"}],"author":[{"embeddable":true,"href":"https:\/\/www.semioconsult.com\/it\/wp-json\/wp\/v2\/users\/2"}],"replies":[{"embeddable":true,"href":"https:\/\/www.semioconsult.com\/it\/wp-json\/wp\/v2\/comments?post=4969"}],"version-history":[{"count":8,"href":"https:\/\/www.semioconsult.com\/it\/wp-json\/wp\/v2\/pages\/4969\/revisions"}],"predecessor-version":[{"id":5012,"href":"https:\/\/www.semioconsult.com\/it\/wp-json\/wp\/v2\/pages\/4969\/revisions\/5012"}],"wp:attachment":[{"href":"https:\/\/www.semioconsult.com\/it\/wp-json\/wp\/v2\/media?parent=4969"}],"curies":[{"name":"wp","href":"https:\/\/api.w.org\/{rel}","templated":true}]}}