{"id":5054,"date":"2025-02-10T13:10:07","date_gmt":"2025-02-10T12:10:07","guid":{"rendered":"https:\/\/www.semioconsult.com\/?page_id=5054"},"modified":"2025-02-10T13:10:07","modified_gmt":"2025-02-10T12:10:07","slug":"lettres-dexcuses","status":"publish","type":"page","link":"https:\/\/www.semioconsult.com\/it\/nostri-servizi\/lettres-dexcuses\/","title":{"rendered":"Lettres d&#8217;excuses"},"content":{"rendered":"<p>[vc_row el_class=&#8221;highlighted-p&#8221;][vc_column][vc_empty_space][vc_empty_space][vc_empty_space][vc_single_image image=&#8221;5056&#8243; img_size=&#8221;large&#8221; alignment=&#8221;center&#8221;][vc_column_text]<\/p>\n<p style=\"text-align: center;\"><strong>Da solo in scena nel salone dello Chalet des Roses, Patrick Chesnais condivide con verve e umorismo l\u2019esercizio di stile a cui si \u00e8 dedicato scrivendo le sue lettere di scuse a persone care, amici, luoghi e persino alla vita stessa. Un delizioso mix di saggezza, irriverenza e comicit\u00e0.<\/strong><\/p>\n<p style=\"text-align: center;\"><em>&#8220;Una volta che si inizia a scusarsi, non si riesce pi\u00f9 a smettere. Ma sono davvero cos\u00ec colpevole? Certo, avrei potuto fare meglio, ma insomma, ho fatto quello che potevo, pi\u00f9 o meno bene.<br \/>\nNe valeva davvero la pena di scusarsi? Non lo so\u2026 Ma, posso anche confessarvelo: ogni volta che mi sono scusato nella mia vita, era un modo educato per dire che, in fondo, non avevo torto.<br \/>\nSta a voi giudicare&#8230;&#8221;<\/em> \u2014 <strong>Patrick Chesnais<\/strong><\/p>\n<p>[\/vc_column_text][vc_separator][\/vc_column][\/vc_row][vc_row][vc_column][\/vc_column][\/vc_row]<\/p>\n","protected":false},"excerpt":{"rendered":"<p>[vc_row el_class=&#8221;highlighted-p&#8221;][vc_column][vc_empty_space][vc_empty_space][vc_empty_space][vc_single_image image=&#8221;5056&#8243; img_size=&#8221;large&#8221; alignment=&#8221;center&#8221;][vc_column_text] Da solo in scena nel salone dello Chalet des Roses, Patrick Chesnais condivide con verve e umorismo l\u2019esercizio di stile a cui si \u00e8 dedicato scrivendo le sue lettere di scuse a persone care, amici, luoghi e persino alla vita stessa. Un delizioso mix di saggezza, irriverenza e comicit\u00e0. &#8220;Una<\/p>\n","protected":false},"author":2,"featured_media":0,"parent":1629,"menu_order":0,"comment_status":"closed","ping_status":"closed","template":"","meta":{"_monsterinsights_skip_tracking":false,"_monsterinsights_sitenote_active":false,"_monsterinsights_sitenote_note":"","_monsterinsights_sitenote_category":0,"footnotes":""},"yoast_head":"<!-- This site is optimized with the Yoast SEO plugin v22.1 - https:\/\/yoast.com\/wordpress\/plugins\/seo\/ -->\n<title>Lettres d&#039;excuses - S\u00e9mioConsult<\/title>\n<meta name=\"robots\" content=\"index, follow, max-snippet:-1, max-image-preview:large, max-video-preview:-1\" \/>\n<link rel=\"canonical\" href=\"https:\/\/www.semioconsult.com\/it\/nostri-servizi\/lettres-dexcuses\/\" \/>\n<meta property=\"og:locale\" content=\"it_IT\" \/>\n<meta property=\"og:type\" content=\"article\" \/>\n<meta property=\"og:title\" content=\"Lettres d&#039;excuses - S\u00e9mioConsult\" \/>\n<meta property=\"og:description\" content=\"[vc_row el_class=&#8221;highlighted-p&#8221;][vc_column][vc_empty_space][vc_empty_space][vc_empty_space][vc_single_image image=&#8221;5056&#8243; img_size=&#8221;large&#8221; alignment=&#8221;center&#8221;][vc_column_text] Da solo in scena nel salone dello Chalet des Roses, Patrick Chesnais condivide con verve e umorismo l\u2019esercizio di stile a cui si \u00e8 dedicato scrivendo le sue lettere di scuse a persone care, amici, luoghi e persino alla vita stessa. Un delizioso mix di saggezza, irriverenza e comicit\u00e0. &#8220;Una\" \/>\n<meta property=\"og:url\" content=\"https:\/\/www.semioconsult.com\/it\/nostri-servizi\/lettres-dexcuses\/\" \/>\n<meta property=\"og:site_name\" content=\"S\u00e9mioConsult\" \/>\n<meta name=\"twitter:card\" content=\"summary_large_image\" \/>\n<meta name=\"twitter:label1\" content=\"Tempo di lettura stimato\" \/>\n\t<meta name=\"twitter:data1\" content=\"1 minuto\" \/>\n<script type=\"application\/ld+json\" class=\"yoast-schema-graph\">{\"@context\":\"https:\/\/schema.org\",\"@graph\":[{\"@type\":\"WebPage\",\"@id\":\"https:\/\/www.semioconsult.com\/it\/nostri-servizi\/lettres-dexcuses\/\",\"url\":\"https:\/\/www.semioconsult.com\/it\/nostri-servizi\/lettres-dexcuses\/\",\"name\":\"Lettres d'excuses - S\u00e9mioConsult\",\"isPartOf\":{\"@id\":\"https:\/\/www.semioconsult.com\/#website\"},\"datePublished\":\"2025-02-10T12:10:07+00:00\",\"dateModified\":\"2025-02-10T12:10:07+00:00\",\"breadcrumb\":{\"@id\":\"https:\/\/www.semioconsult.com\/it\/nostri-servizi\/lettres-dexcuses\/#breadcrumb\"},\"inLanguage\":\"it-IT\",\"potentialAction\":[{\"@type\":\"ReadAction\",\"target\":[\"https:\/\/www.semioconsult.com\/it\/nostri-servizi\/lettres-dexcuses\/\"]}]},{\"@type\":\"BreadcrumbList\",\"@id\":\"https:\/\/www.semioconsult.com\/it\/nostri-servizi\/lettres-dexcuses\/#breadcrumb\",\"itemListElement\":[{\"@type\":\"ListItem\",\"position\":1,\"name\":\"Accueil\",\"item\":\"https:\/\/www.semioconsult.com\/en\/\"},{\"@type\":\"ListItem\",\"position\":2,\"name\":\"Nostri servizi\",\"item\":\"https:\/\/www.semioconsult.com\/it\/nostri-servizi\/\"},{\"@type\":\"ListItem\",\"position\":3,\"name\":\"Lettres d&rsquo;excuses\"}]},{\"@type\":\"WebSite\",\"@id\":\"https:\/\/www.semioconsult.com\/#website\",\"url\":\"https:\/\/www.semioconsult.com\/\",\"name\":\"S\u00e9mioConsult\",\"description\":\"Cabinet de conseil\",\"publisher\":{\"@id\":\"https:\/\/www.semioconsult.com\/#organization\"},\"potentialAction\":[{\"@type\":\"SearchAction\",\"target\":{\"@type\":\"EntryPoint\",\"urlTemplate\":\"https:\/\/www.semioconsult.com\/?s={search_term_string}\"},\"query-input\":\"required name=search_term_string\"}],\"inLanguage\":\"it-IT\"},{\"@type\":\"Organization\",\"@id\":\"https:\/\/www.semioconsult.com\/#organization\",\"name\":\"S\u00e9mioConsult\",\"url\":\"https:\/\/www.semioconsult.com\/\",\"logo\":{\"@type\":\"ImageObject\",\"inLanguage\":\"it-IT\",\"@id\":\"https:\/\/www.semioconsult.com\/#\/schema\/logo\/image\/\",\"url\":\"https:\/\/www.semioconsult.com\/wp-content\/uploads\/2020\/01\/logo-semioconsult.png\",\"contentUrl\":\"https:\/\/www.semioconsult.com\/wp-content\/uploads\/2020\/01\/logo-semioconsult.png\",\"width\":1300,\"height\":500,\"caption\":\"S\u00e9mioConsult\"},\"image\":{\"@id\":\"https:\/\/www.semioconsult.com\/#\/schema\/logo\/image\/\"}}]}<\/script>\n<!-- \/ Yoast SEO plugin. -->","yoast_head_json":{"title":"Lettres d'excuses - S\u00e9mioConsult","robots":{"index":"index","follow":"follow","max-snippet":"max-snippet:-1","max-image-preview":"max-image-preview:large","max-video-preview":"max-video-preview:-1"},"canonical":"https:\/\/www.semioconsult.com\/it\/nostri-servizi\/lettres-dexcuses\/","og_locale":"it_IT","og_type":"article","og_title":"Lettres d'excuses - S\u00e9mioConsult","og_description":"[vc_row el_class=&#8221;highlighted-p&#8221;][vc_column][vc_empty_space][vc_empty_space][vc_empty_space][vc_single_image image=&#8221;5056&#8243; img_size=&#8221;large&#8221; alignment=&#8221;center&#8221;][vc_column_text] Da solo in scena nel salone dello Chalet des Roses, Patrick Chesnais condivide con verve e umorismo l\u2019esercizio di stile a cui si \u00e8 dedicato scrivendo le sue lettere di scuse a persone care, amici, luoghi e persino alla vita stessa. Un delizioso mix di saggezza, irriverenza e comicit\u00e0. &#8220;Una","og_url":"https:\/\/www.semioconsult.com\/it\/nostri-servizi\/lettres-dexcuses\/","og_site_name":"S\u00e9mioConsult","twitter_card":"summary_large_image","twitter_misc":{"Tempo di lettura stimato":"1 minuto"},"schema":{"@context":"https:\/\/schema.org","@graph":[{"@type":"WebPage","@id":"https:\/\/www.semioconsult.com\/it\/nostri-servizi\/lettres-dexcuses\/","url":"https:\/\/www.semioconsult.com\/it\/nostri-servizi\/lettres-dexcuses\/","name":"Lettres d'excuses - S\u00e9mioConsult","isPartOf":{"@id":"https:\/\/www.semioconsult.com\/#website"},"datePublished":"2025-02-10T12:10:07+00:00","dateModified":"2025-02-10T12:10:07+00:00","breadcrumb":{"@id":"https:\/\/www.semioconsult.com\/it\/nostri-servizi\/lettres-dexcuses\/#breadcrumb"},"inLanguage":"it-IT","potentialAction":[{"@type":"ReadAction","target":["https:\/\/www.semioconsult.com\/it\/nostri-servizi\/lettres-dexcuses\/"]}]},{"@type":"BreadcrumbList","@id":"https:\/\/www.semioconsult.com\/it\/nostri-servizi\/lettres-dexcuses\/#breadcrumb","itemListElement":[{"@type":"ListItem","position":1,"name":"Accueil","item":"https:\/\/www.semioconsult.com\/en\/"},{"@type":"ListItem","position":2,"name":"Nostri servizi","item":"https:\/\/www.semioconsult.com\/it\/nostri-servizi\/"},{"@type":"ListItem","position":3,"name":"Lettres d&rsquo;excuses"}]},{"@type":"WebSite","@id":"https:\/\/www.semioconsult.com\/#website","url":"https:\/\/www.semioconsult.com\/","name":"S\u00e9mioConsult","description":"Cabinet de conseil","publisher":{"@id":"https:\/\/www.semioconsult.com\/#organization"},"potentialAction":[{"@type":"SearchAction","target":{"@type":"EntryPoint","urlTemplate":"https:\/\/www.semioconsult.com\/?s={search_term_string}"},"query-input":"required name=search_term_string"}],"inLanguage":"it-IT"},{"@type":"Organization","@id":"https:\/\/www.semioconsult.com\/#organization","name":"S\u00e9mioConsult","url":"https:\/\/www.semioconsult.com\/","logo":{"@type":"ImageObject","inLanguage":"it-IT","@id":"https:\/\/www.semioconsult.com\/#\/schema\/logo\/image\/","url":"https:\/\/www.semioconsult.com\/wp-content\/uploads\/2020\/01\/logo-semioconsult.png","contentUrl":"https:\/\/www.semioconsult.com\/wp-content\/uploads\/2020\/01\/logo-semioconsult.png","width":1300,"height":500,"caption":"S\u00e9mioConsult"},"image":{"@id":"https:\/\/www.semioconsult.com\/#\/schema\/logo\/image\/"}}]}},"_links":{"self":[{"href":"https:\/\/www.semioconsult.com\/it\/wp-json\/wp\/v2\/pages\/5054"}],"collection":[{"href":"https:\/\/www.semioconsult.com\/it\/wp-json\/wp\/v2\/pages"}],"about":[{"href":"https:\/\/www.semioconsult.com\/it\/wp-json\/wp\/v2\/types\/page"}],"author":[{"embeddable":true,"href":"https:\/\/www.semioconsult.com\/it\/wp-json\/wp\/v2\/users\/2"}],"replies":[{"embeddable":true,"href":"https:\/\/www.semioconsult.com\/it\/wp-json\/wp\/v2\/comments?post=5054"}],"version-history":[{"count":2,"href":"https:\/\/www.semioconsult.com\/it\/wp-json\/wp\/v2\/pages\/5054\/revisions"}],"predecessor-version":[{"id":5293,"href":"https:\/\/www.semioconsult.com\/it\/wp-json\/wp\/v2\/pages\/5054\/revisions\/5293"}],"up":[{"embeddable":true,"href":"https:\/\/www.semioconsult.com\/it\/wp-json\/wp\/v2\/pages\/1629"}],"wp:attachment":[{"href":"https:\/\/www.semioconsult.com\/it\/wp-json\/wp\/v2\/media?parent=5054"}],"curies":[{"name":"wp","href":"https:\/\/api.w.org\/{rel}","templated":true}]}}