{"id":5074,"date":"2024-11-07T17:29:12","date_gmt":"2024-11-07T16:29:12","guid":{"rendered":"https:\/\/www.semioconsult.com\/?page_id=5074"},"modified":"2024-11-07T17:29:12","modified_gmt":"2024-11-07T16:29:12","slug":"lettres-dexcuses","status":"publish","type":"page","link":"https:\/\/www.semioconsult.com\/it\/lettres-dexcuses\/","title":{"rendered":"Lettres d&#8217;excuses"},"content":{"rendered":"<p>[vc_row][vc_column][vc_column_text]<\/p>\n<p style=\"text-align: center;\"><strong>Suonno \u2018E Fuoco \u00e8 un concerto per pianoforte e voce (tenore) dedicato alla musica napoletana dal XVIII al XX secolo, che mette in luce la profonda influenza che questa musica ha avuto sui pi\u00f9 grandi compositori d&#8217;opera italiani come Rossini, Donizetti, Bellini, e sulla nascita del genere della canzone.<\/strong><\/p>\n<p>[\/vc_column_text][\/vc_column][\/vc_row][vc_row][vc_column][vc_single_image image=&#8221;5058&#8243; img_size=&#8221;large&#8221; alignment=&#8221;center&#8221;][vc_column_text]<\/p>\n<p style=\"text-align: center;\"><strong>Solo in scena nel salotto del Chalet des Roses, Patrick Chesnais condivide con verve e umorismo l&#8217;esercizio di stile a cui si \u00e8 dedicato scrivendo le sue lettere di scuse a persone care, amici, luoghi o persino alla vita stessa. Un delizioso mix di saggezza, irriverenza e ironia.<\/strong><br \/>\n<strong>&#8220;Quando si inizia a scusarsi, non si smette pi\u00f9. Ma sono davvero cos\u00ec colpevole? Certo, avrei potuto fare meglio, ma insomma, ho fatto quello che ho potuto, pi\u00f9 o meno bene.<\/strong><br \/>\n<strong>Ne \u00e8 valsa la pena scusarsi? Non lo so&#8230; Ma, posso confessarvelo, ogni volta che mi sono scusato nella mia vita, \u00e8 stato un modo educato di dire che, in fondo, non avevo torto. A voi la scelta&#8230;&#8221; \u2013 Patrick Chesnais<\/strong><\/p>\n<p>[\/vc_column_text][vc_btn title=&#8221;Acquistare un biglietto&#8221; align=&#8221;center&#8221; button_block=&#8221;true&#8221;][\/vc_column][\/vc_row][vc_row][vc_column][vc_column_text]<\/p>\n<div class=\"flex-shrink-0 flex flex-col relative items-end\">\n<div>\n<div class=\"pt-0\">\n<div class=\"gizmo-bot-avatar flex h-8 w-8 items-center justify-center overflow-hidden rounded-full\">\n<div class=\"relative p-1 rounded-sm flex items-center justify-center bg-token-main-surface-primary text-token-text-primary h-8 w-8\"><\/div>\n<\/div>\n<\/div>\n<\/div>\n<\/div>\n<div class=\"group\/conversation-turn relative flex w-full min-w-0 flex-col agent-turn\">\n<div class=\"flex-col gap-1 md:gap-3\">\n<div class=\"flex max-w-full flex-col flex-grow\">\n<div class=\"min-h-8 text-message flex w-full flex-col items-end gap-2 whitespace-normal break-words [.text-message+&amp;]:mt-5\" dir=\"auto\" data-message-author-role=\"assistant\" data-message-id=\"6aaa4193-52de-46f4-a47b-dc6502558a0d\" data-message-model-slug=\"gpt-4o\">\n<div class=\"flex w-full flex-col gap-1 empty:hidden first:pt-[3px]\">\n<div class=\"markdown prose w-full break-words dark:prose-invert light\">\n<p><strong>Titolo:<\/strong> Lettres d&#8217;Excuses<br \/>\n<strong>Autore:<\/strong> Patrick Chesnais<br \/>\n<strong>Attore:<\/strong> Patrick Chesnais<br \/>\n<strong>Collaborazione Artistica:<\/strong> Emilie Chesnais<br \/>\n<strong>Durata:<\/strong> 1 ora e 15 minuti<br \/>\n<strong>Prezzo:<\/strong> 30\u20ac prezzo intero \/ 15\u20ac prezzo ridotto con documento valido (per under 25, studenti e disoccupati)<br \/>\n<strong>Informazioni e Prenotazioni:<\/strong> <a rel=\"noopener\">chaletdesroses@semioconsult.com<\/a><\/p>\n<\/div>\n<\/div>\n<\/div>\n<\/div>\n<\/div>\n<\/div>\n<p>[\/vc_column_text][\/vc_column][\/vc_row]<\/p>\n","protected":false},"excerpt":{"rendered":"<p>[vc_row][vc_column][vc_column_text] Suonno \u2018E Fuoco \u00e8 un concerto per pianoforte e voce (tenore) dedicato alla musica napoletana dal XVIII al XX secolo, che mette in luce la profonda influenza che questa musica ha avuto sui pi\u00f9 grandi compositori d&#8217;opera italiani come Rossini, Donizetti, Bellini, e sulla nascita del genere della canzone. [\/vc_column_text][\/vc_column][\/vc_row][vc_row][vc_column][vc_single_image image=&#8221;5058&#8243; img_size=&#8221;large&#8221; alignment=&#8221;center&#8221;][vc_column_text] Solo<\/p>\n","protected":false},"author":2,"featured_media":0,"parent":0,"menu_order":0,"comment_status":"closed","ping_status":"closed","template":"","meta":{"_monsterinsights_skip_tracking":false,"_monsterinsights_sitenote_active":false,"_monsterinsights_sitenote_note":"","_monsterinsights_sitenote_category":0,"footnotes":""},"yoast_head":"<!-- This site is optimized with the Yoast SEO plugin v22.1 - https:\/\/yoast.com\/wordpress\/plugins\/seo\/ -->\n<title>Lettres d&#039;excuses - S\u00e9mioConsult<\/title>\n<meta name=\"robots\" content=\"index, follow, max-snippet:-1, max-image-preview:large, max-video-preview:-1\" \/>\n<link rel=\"canonical\" href=\"https:\/\/www.semioconsult.com\/it\/lettres-dexcuses\/\" \/>\n<meta property=\"og:locale\" content=\"it_IT\" \/>\n<meta property=\"og:type\" content=\"article\" \/>\n<meta property=\"og:title\" content=\"Lettres d&#039;excuses - S\u00e9mioConsult\" \/>\n<meta property=\"og:description\" content=\"[vc_row][vc_column][vc_column_text] Suonno \u2018E Fuoco \u00e8 un concerto per pianoforte e voce (tenore) dedicato alla musica napoletana dal XVIII al XX secolo, che mette in luce la profonda influenza che questa musica ha avuto sui pi\u00f9 grandi compositori d&#8217;opera italiani come Rossini, Donizetti, Bellini, e sulla nascita del genere della canzone. [\/vc_column_text][\/vc_column][\/vc_row][vc_row][vc_column][vc_single_image image=&#8221;5058&#8243; img_size=&#8221;large&#8221; alignment=&#8221;center&#8221;][vc_column_text] Solo\" \/>\n<meta property=\"og:url\" content=\"https:\/\/www.semioconsult.com\/it\/lettres-dexcuses\/\" \/>\n<meta property=\"og:site_name\" content=\"S\u00e9mioConsult\" \/>\n<meta name=\"twitter:card\" content=\"summary_large_image\" \/>\n<meta name=\"twitter:label1\" content=\"Tempo di lettura stimato\" \/>\n\t<meta name=\"twitter:data1\" content=\"1 minuto\" \/>\n<script type=\"application\/ld+json\" class=\"yoast-schema-graph\">{\"@context\":\"https:\/\/schema.org\",\"@graph\":[{\"@type\":\"WebPage\",\"@id\":\"https:\/\/www.semioconsult.com\/it\/lettres-dexcuses\/\",\"url\":\"https:\/\/www.semioconsult.com\/it\/lettres-dexcuses\/\",\"name\":\"Lettres d'excuses - S\u00e9mioConsult\",\"isPartOf\":{\"@id\":\"https:\/\/www.semioconsult.com\/#website\"},\"datePublished\":\"2024-11-07T16:29:12+00:00\",\"dateModified\":\"2024-11-07T16:29:12+00:00\",\"breadcrumb\":{\"@id\":\"https:\/\/www.semioconsult.com\/it\/lettres-dexcuses\/#breadcrumb\"},\"inLanguage\":\"it-IT\",\"potentialAction\":[{\"@type\":\"ReadAction\",\"target\":[\"https:\/\/www.semioconsult.com\/it\/lettres-dexcuses\/\"]}]},{\"@type\":\"BreadcrumbList\",\"@id\":\"https:\/\/www.semioconsult.com\/it\/lettres-dexcuses\/#breadcrumb\",\"itemListElement\":[{\"@type\":\"ListItem\",\"position\":1,\"name\":\"Accueil\",\"item\":\"https:\/\/www.semioconsult.com\/en\/\"},{\"@type\":\"ListItem\",\"position\":2,\"name\":\"Lettres d&rsquo;excuses\"}]},{\"@type\":\"WebSite\",\"@id\":\"https:\/\/www.semioconsult.com\/#website\",\"url\":\"https:\/\/www.semioconsult.com\/\",\"name\":\"S\u00e9mioConsult\",\"description\":\"Cabinet de conseil\",\"publisher\":{\"@id\":\"https:\/\/www.semioconsult.com\/#organization\"},\"potentialAction\":[{\"@type\":\"SearchAction\",\"target\":{\"@type\":\"EntryPoint\",\"urlTemplate\":\"https:\/\/www.semioconsult.com\/?s={search_term_string}\"},\"query-input\":\"required name=search_term_string\"}],\"inLanguage\":\"it-IT\"},{\"@type\":\"Organization\",\"@id\":\"https:\/\/www.semioconsult.com\/#organization\",\"name\":\"S\u00e9mioConsult\",\"url\":\"https:\/\/www.semioconsult.com\/\",\"logo\":{\"@type\":\"ImageObject\",\"inLanguage\":\"it-IT\",\"@id\":\"https:\/\/www.semioconsult.com\/#\/schema\/logo\/image\/\",\"url\":\"https:\/\/www.semioconsult.com\/wp-content\/uploads\/2020\/01\/logo-semioconsult.png\",\"contentUrl\":\"https:\/\/www.semioconsult.com\/wp-content\/uploads\/2020\/01\/logo-semioconsult.png\",\"width\":1300,\"height\":500,\"caption\":\"S\u00e9mioConsult\"},\"image\":{\"@id\":\"https:\/\/www.semioconsult.com\/#\/schema\/logo\/image\/\"}}]}<\/script>\n<!-- \/ Yoast SEO plugin. -->","yoast_head_json":{"title":"Lettres d'excuses - S\u00e9mioConsult","robots":{"index":"index","follow":"follow","max-snippet":"max-snippet:-1","max-image-preview":"max-image-preview:large","max-video-preview":"max-video-preview:-1"},"canonical":"https:\/\/www.semioconsult.com\/it\/lettres-dexcuses\/","og_locale":"it_IT","og_type":"article","og_title":"Lettres d'excuses - S\u00e9mioConsult","og_description":"[vc_row][vc_column][vc_column_text] Suonno \u2018E Fuoco \u00e8 un concerto per pianoforte e voce (tenore) dedicato alla musica napoletana dal XVIII al XX secolo, che mette in luce la profonda influenza che questa musica ha avuto sui pi\u00f9 grandi compositori d&#8217;opera italiani come Rossini, Donizetti, Bellini, e sulla nascita del genere della canzone. [\/vc_column_text][\/vc_column][\/vc_row][vc_row][vc_column][vc_single_image image=&#8221;5058&#8243; img_size=&#8221;large&#8221; alignment=&#8221;center&#8221;][vc_column_text] Solo","og_url":"https:\/\/www.semioconsult.com\/it\/lettres-dexcuses\/","og_site_name":"S\u00e9mioConsult","twitter_card":"summary_large_image","twitter_misc":{"Tempo di lettura stimato":"1 minuto"},"schema":{"@context":"https:\/\/schema.org","@graph":[{"@type":"WebPage","@id":"https:\/\/www.semioconsult.com\/it\/lettres-dexcuses\/","url":"https:\/\/www.semioconsult.com\/it\/lettres-dexcuses\/","name":"Lettres d'excuses - S\u00e9mioConsult","isPartOf":{"@id":"https:\/\/www.semioconsult.com\/#website"},"datePublished":"2024-11-07T16:29:12+00:00","dateModified":"2024-11-07T16:29:12+00:00","breadcrumb":{"@id":"https:\/\/www.semioconsult.com\/it\/lettres-dexcuses\/#breadcrumb"},"inLanguage":"it-IT","potentialAction":[{"@type":"ReadAction","target":["https:\/\/www.semioconsult.com\/it\/lettres-dexcuses\/"]}]},{"@type":"BreadcrumbList","@id":"https:\/\/www.semioconsult.com\/it\/lettres-dexcuses\/#breadcrumb","itemListElement":[{"@type":"ListItem","position":1,"name":"Accueil","item":"https:\/\/www.semioconsult.com\/en\/"},{"@type":"ListItem","position":2,"name":"Lettres d&rsquo;excuses"}]},{"@type":"WebSite","@id":"https:\/\/www.semioconsult.com\/#website","url":"https:\/\/www.semioconsult.com\/","name":"S\u00e9mioConsult","description":"Cabinet de conseil","publisher":{"@id":"https:\/\/www.semioconsult.com\/#organization"},"potentialAction":[{"@type":"SearchAction","target":{"@type":"EntryPoint","urlTemplate":"https:\/\/www.semioconsult.com\/?s={search_term_string}"},"query-input":"required name=search_term_string"}],"inLanguage":"it-IT"},{"@type":"Organization","@id":"https:\/\/www.semioconsult.com\/#organization","name":"S\u00e9mioConsult","url":"https:\/\/www.semioconsult.com\/","logo":{"@type":"ImageObject","inLanguage":"it-IT","@id":"https:\/\/www.semioconsult.com\/#\/schema\/logo\/image\/","url":"https:\/\/www.semioconsult.com\/wp-content\/uploads\/2020\/01\/logo-semioconsult.png","contentUrl":"https:\/\/www.semioconsult.com\/wp-content\/uploads\/2020\/01\/logo-semioconsult.png","width":1300,"height":500,"caption":"S\u00e9mioConsult"},"image":{"@id":"https:\/\/www.semioconsult.com\/#\/schema\/logo\/image\/"}}]}},"_links":{"self":[{"href":"https:\/\/www.semioconsult.com\/it\/wp-json\/wp\/v2\/pages\/5074"}],"collection":[{"href":"https:\/\/www.semioconsult.com\/it\/wp-json\/wp\/v2\/pages"}],"about":[{"href":"https:\/\/www.semioconsult.com\/it\/wp-json\/wp\/v2\/types\/page"}],"author":[{"embeddable":true,"href":"https:\/\/www.semioconsult.com\/it\/wp-json\/wp\/v2\/users\/2"}],"replies":[{"embeddable":true,"href":"https:\/\/www.semioconsult.com\/it\/wp-json\/wp\/v2\/comments?post=5074"}],"version-history":[{"count":2,"href":"https:\/\/www.semioconsult.com\/it\/wp-json\/wp\/v2\/pages\/5074\/revisions"}],"predecessor-version":[{"id":5078,"href":"https:\/\/www.semioconsult.com\/it\/wp-json\/wp\/v2\/pages\/5074\/revisions\/5078"}],"wp:attachment":[{"href":"https:\/\/www.semioconsult.com\/it\/wp-json\/wp\/v2\/media?parent=5074"}],"curies":[{"name":"wp","href":"https:\/\/api.w.org\/{rel}","templated":true}]}}