{"id":5480,"date":"2024-08-17T13:31:22","date_gmt":"2024-08-17T11:31:22","guid":{"rendered":"https:\/\/www.semioconsult.com\/nostri-servizi\/nos-activites-de-production-3\/"},"modified":"2026-04-03T13:40:34","modified_gmt":"2026-04-03T11:40:34","slug":"nos-activites-de-production-3","status":"publish","type":"page","link":"https:\/\/www.semioconsult.com\/it\/nostri-servizi\/nos-activites-de-production-3\/","title":{"rendered":"Le nostre attivit\u00e0 di produzione"},"content":{"rendered":"<p>[vc_row el_class=&#8221;highlighted-p&#8221;][vc_column][vc_empty_space][vc_column_text]<\/p>\n<p style=\"text-align: center;\">Forti del nostro impegno come mecenati, abbiamo deciso di compiere un nuovo passo co-producendo opere artistiche, con un particolare interesse per le arti performative. Questo approccio riflette la nostra volont\u00e0 di sostenere e arricchire la scena culturale collaborando strettamente con artisti talentuosi e innovativi.<\/p>\n<p>[\/vc_column_text][vc_empty_space][vc_empty_space][\/vc_column][\/vc_row][vc_row css=&#8221;.vc_custom_1753464018247{margin-bottom: 40px !important;}&#8221;][vc_column width=&#8221;1\/4&#8243;][vc_single_image image=&#8221;5536&#8243; img_size=&#8221;500&#215;706&#8243; onclick=&#8221;custom_link&#8221; link=&#8221;https:\/\/www.semioconsult.com\/nos-activites\/lascialaspina\/&#8221;][vc_column_text]<\/p>\n<h4 style=\"text-align: center;\"><strong>Lascia la spina (Creazione 2026)<\/strong><\/h4>\n<p>[\/vc_column_text][\/vc_column][vc_column width=&#8221;1\/4&#8243;][vc_single_image image=&#8221;5522&#8243; img_size=&#8221;500&#215;706&#8243; onclick=&#8221;custom_link&#8221; link=&#8221;https:\/\/www.semioconsult.com\/nos-activites\/ou-est-le-pere-noel\/&#8221;][vc_column_text]<\/p>\n<h4 style=\"text-align: center;\"><strong>O\u00f9 est le P\u00e8re No\u00ebl ? (Creazione 2025)<\/strong><\/h4>\n<p>[\/vc_column_text][\/vc_column][vc_column width=&#8221;1\/4&#8243;][vc_single_image image=&#8221;5452&#8243; img_size=&#8221;500&#215;706&#8243; onclick=&#8221;custom_link&#8221; link=&#8221;https:\/\/www.semioconsult.com\/nos-activites\/charmant_souvenir\/&#8221;][vc_column_text]<\/p>\n<h4 style=\"text-align: center;\"><strong>Charmant Souvenir (Creazione 2025)<\/strong><\/h4>\n<p>[\/vc_column_text][\/vc_column][vc_column width=&#8221;1\/4&#8243;][vc_single_image image=&#8221;5400&#8243; img_size=&#8221;500&#215;706&#8243; onclick=&#8221;custom_link&#8221; link=&#8221;https:\/\/www.semioconsult.com\/nos-activites\/deuxrosesetuntango\/&#8221;][vc_column_text css=&#8221;.vc_custom_1775216412556{margin-bottom: 100px !important;}&#8221;]<\/p>\n<h4 style=\"text-align: center;\"><strong>Deux roses &amp; un tango (Creazione 2025)<\/strong><\/h4>\n<p>[\/vc_column_text][\/vc_column][\/vc_row][vc_row gap=&#8221;35&#8243; equal_height=&#8221;yes&#8221;][vc_column width=&#8221;1\/3&#8243;][vc_single_image image=&#8221;5056&#8243; img_size=&#8221;500&#215;706&#8243; onclick=&#8221;custom_link&#8221; link=&#8221;http:\/\/www.semioconsult.com\/nos-activites\/lettres-dexcuses\/&#8221;][vc_column_text]<\/p>\n<h4 style=\"text-align: center;\"><strong>Lettres d&#8217;excuses (2024)<\/strong><\/h4>\n<p>[\/vc_column_text][\/vc_column][vc_column width=&#8221;1\/3&#8243;][vc_single_image image=&#8221;4831&#8243; img_size=&#8221;500&#215;706&#8243; onclick=&#8221;custom_link&#8221; link=&#8221;https:\/\/www.semioconsult.com\/nos-activites\/suonnoefuoco\/&#8221;][vc_column_text]<\/p>\n<h4 style=\"text-align: center;\"><strong>Suonno &#8216;E Fuoco (Creazione 2024)<\/strong><\/h4>\n<p>[\/vc_column_text][\/vc_column][vc_column width=&#8221;1\/3&#8243;][vc_single_image image=&#8221;4828&#8243; img_size=&#8221;500&#215;706&#8243; onclick=&#8221;custom_link&#8221; link=&#8221;https:\/\/www.semioconsult.com\/nos-activites\/nos-activites-de-production\/&#8221;][vc_column_text]<\/p>\n<h4 style=\"text-align: center;\"><strong>Lewis &amp; Alice (Creazione 2024)<\/strong><\/h4>\n<p>[\/vc_column_text][\/vc_column][\/vc_row][vc_row][vc_column][vc_column_text css=&#8221;.vc_custom_1772543829751{margin-top: 50px !important;}&#8221;]<\/p>\n<p style=\"text-align: center;\"><i>PLATES V-D-2024-005161<\/i><\/p>\n<p>[\/vc_column_text][\/vc_column][\/vc_row]<\/p>\n","protected":false},"excerpt":{"rendered":"<p>[vc_row el_class=&#8221;highlighted-p&#8221;][vc_column][vc_empty_space][vc_column_text] Forti del nostro impegno come mecenati, abbiamo deciso di compiere un nuovo passo co-producendo opere artistiche, con un particolare interesse per le arti performative. Questo approccio riflette la nostra volont\u00e0 di sostenere e arricchire la scena culturale collaborando strettamente con artisti talentuosi e innovativi. [\/vc_column_text][vc_empty_space][vc_empty_space][\/vc_column][\/vc_row][vc_row css=&#8221;.vc_custom_1753464018247{margin-bottom: 40px !important;}&#8221;][vc_column width=&#8221;1\/4&#8243;][vc_single_image image=&#8221;5536&#8243; img_size=&#8221;500&#215;706&#8243; onclick=&#8221;custom_link&#8221; link=&#8221;https:\/\/www.semioconsult.com\/nos-activites\/lascialaspina\/&#8221;][vc_column_text]<\/p>\n","protected":false},"author":2,"featured_media":0,"parent":1629,"menu_order":0,"comment_status":"closed","ping_status":"closed","template":"","meta":{"_monsterinsights_skip_tracking":false,"_monsterinsights_sitenote_active":false,"_monsterinsights_sitenote_note":"","_monsterinsights_sitenote_category":0,"footnotes":""},"yoast_head":"<!-- This site is optimized with the Yoast SEO plugin v22.1 - https:\/\/yoast.com\/wordpress\/plugins\/seo\/ -->\n<title>Le nostre attivit\u00e0 di produzione - S\u00e9mioConsult<\/title>\n<meta name=\"robots\" content=\"index, follow, max-snippet:-1, max-image-preview:large, max-video-preview:-1\" \/>\n<link rel=\"canonical\" href=\"https:\/\/www.semioconsult.com\/it\/nostri-servizi\/nos-activites-de-production-3\/\" \/>\n<meta property=\"og:locale\" content=\"it_IT\" \/>\n<meta property=\"og:type\" content=\"article\" \/>\n<meta property=\"og:title\" content=\"Le nostre attivit\u00e0 di produzione - S\u00e9mioConsult\" \/>\n<meta property=\"og:description\" content=\"[vc_row el_class=&#8221;highlighted-p&#8221;][vc_column][vc_empty_space][vc_column_text] Forti del nostro impegno come mecenati, abbiamo deciso di compiere un nuovo passo co-producendo opere artistiche, con un particolare interesse per le arti performative. Questo approccio riflette la nostra volont\u00e0 di sostenere e arricchire la scena culturale collaborando strettamente con artisti talentuosi e innovativi. [\/vc_column_text][vc_empty_space][vc_empty_space][\/vc_column][\/vc_row][vc_row css=&#8221;.vc_custom_1753464018247{margin-bottom: 40px !important;}&#8221;][vc_column width=&#8221;1\/4&#8243;][vc_single_image image=&#8221;5536&#8243; img_size=&#8221;500&#215;706&#8243; onclick=&#8221;custom_link&#8221; link=&#8221;https:\/\/www.semioconsult.com\/nos-activites\/lascialaspina\/&#8221;][vc_column_text]\" \/>\n<meta property=\"og:url\" content=\"https:\/\/www.semioconsult.com\/it\/nostri-servizi\/nos-activites-de-production-3\/\" \/>\n<meta property=\"og:site_name\" content=\"S\u00e9mioConsult\" \/>\n<meta property=\"article:modified_time\" content=\"2026-04-03T11:40:34+00:00\" \/>\n<meta name=\"twitter:card\" content=\"summary_large_image\" \/>\n<meta name=\"twitter:label1\" content=\"Tempo di lettura stimato\" \/>\n\t<meta name=\"twitter:data1\" content=\"3 minuti\" \/>\n<script type=\"application\/ld+json\" class=\"yoast-schema-graph\">{\"@context\":\"https:\/\/schema.org\",\"@graph\":[{\"@type\":\"WebPage\",\"@id\":\"https:\/\/www.semioconsult.com\/it\/nostri-servizi\/nos-activites-de-production-3\/\",\"url\":\"https:\/\/www.semioconsult.com\/it\/nostri-servizi\/nos-activites-de-production-3\/\",\"name\":\"Le nostre attivit\u00e0 di produzione - S\u00e9mioConsult\",\"isPartOf\":{\"@id\":\"https:\/\/www.semioconsult.com\/#website\"},\"datePublished\":\"2024-08-17T11:31:22+00:00\",\"dateModified\":\"2026-04-03T11:40:34+00:00\",\"breadcrumb\":{\"@id\":\"https:\/\/www.semioconsult.com\/it\/nostri-servizi\/nos-activites-de-production-3\/#breadcrumb\"},\"inLanguage\":\"it-IT\",\"potentialAction\":[{\"@type\":\"ReadAction\",\"target\":[\"https:\/\/www.semioconsult.com\/it\/nostri-servizi\/nos-activites-de-production-3\/\"]}]},{\"@type\":\"BreadcrumbList\",\"@id\":\"https:\/\/www.semioconsult.com\/it\/nostri-servizi\/nos-activites-de-production-3\/#breadcrumb\",\"itemListElement\":[{\"@type\":\"ListItem\",\"position\":1,\"name\":\"Accueil\",\"item\":\"https:\/\/www.semioconsult.com\/en\/\"},{\"@type\":\"ListItem\",\"position\":2,\"name\":\"Nostri servizi\",\"item\":\"https:\/\/www.semioconsult.com\/it\/nostri-servizi\/\"},{\"@type\":\"ListItem\",\"position\":3,\"name\":\"Le nostre attivit\u00e0 di produzione\"}]},{\"@type\":\"WebSite\",\"@id\":\"https:\/\/www.semioconsult.com\/#website\",\"url\":\"https:\/\/www.semioconsult.com\/\",\"name\":\"S\u00e9mioConsult\",\"description\":\"Cabinet de conseil\",\"publisher\":{\"@id\":\"https:\/\/www.semioconsult.com\/#organization\"},\"potentialAction\":[{\"@type\":\"SearchAction\",\"target\":{\"@type\":\"EntryPoint\",\"urlTemplate\":\"https:\/\/www.semioconsult.com\/?s={search_term_string}\"},\"query-input\":\"required name=search_term_string\"}],\"inLanguage\":\"it-IT\"},{\"@type\":\"Organization\",\"@id\":\"https:\/\/www.semioconsult.com\/#organization\",\"name\":\"S\u00e9mioConsult\",\"url\":\"https:\/\/www.semioconsult.com\/\",\"logo\":{\"@type\":\"ImageObject\",\"inLanguage\":\"it-IT\",\"@id\":\"https:\/\/www.semioconsult.com\/#\/schema\/logo\/image\/\",\"url\":\"https:\/\/www.semioconsult.com\/wp-content\/uploads\/2020\/01\/logo-semioconsult.png\",\"contentUrl\":\"https:\/\/www.semioconsult.com\/wp-content\/uploads\/2020\/01\/logo-semioconsult.png\",\"width\":1300,\"height\":500,\"caption\":\"S\u00e9mioConsult\"},\"image\":{\"@id\":\"https:\/\/www.semioconsult.com\/#\/schema\/logo\/image\/\"}}]}<\/script>\n<!-- \/ Yoast SEO plugin. -->","yoast_head_json":{"title":"Le nostre attivit\u00e0 di produzione - S\u00e9mioConsult","robots":{"index":"index","follow":"follow","max-snippet":"max-snippet:-1","max-image-preview":"max-image-preview:large","max-video-preview":"max-video-preview:-1"},"canonical":"https:\/\/www.semioconsult.com\/it\/nostri-servizi\/nos-activites-de-production-3\/","og_locale":"it_IT","og_type":"article","og_title":"Le nostre attivit\u00e0 di produzione - S\u00e9mioConsult","og_description":"[vc_row el_class=&#8221;highlighted-p&#8221;][vc_column][vc_empty_space][vc_column_text] Forti del nostro impegno come mecenati, abbiamo deciso di compiere un nuovo passo co-producendo opere artistiche, con un particolare interesse per le arti performative. Questo approccio riflette la nostra volont\u00e0 di sostenere e arricchire la scena culturale collaborando strettamente con artisti talentuosi e innovativi. [\/vc_column_text][vc_empty_space][vc_empty_space][\/vc_column][\/vc_row][vc_row css=&#8221;.vc_custom_1753464018247{margin-bottom: 40px !important;}&#8221;][vc_column width=&#8221;1\/4&#8243;][vc_single_image image=&#8221;5536&#8243; img_size=&#8221;500&#215;706&#8243; onclick=&#8221;custom_link&#8221; link=&#8221;https:\/\/www.semioconsult.com\/nos-activites\/lascialaspina\/&#8221;][vc_column_text]","og_url":"https:\/\/www.semioconsult.com\/it\/nostri-servizi\/nos-activites-de-production-3\/","og_site_name":"S\u00e9mioConsult","article_modified_time":"2026-04-03T11:40:34+00:00","twitter_card":"summary_large_image","twitter_misc":{"Tempo di lettura stimato":"3 minuti"},"schema":{"@context":"https:\/\/schema.org","@graph":[{"@type":"WebPage","@id":"https:\/\/www.semioconsult.com\/it\/nostri-servizi\/nos-activites-de-production-3\/","url":"https:\/\/www.semioconsult.com\/it\/nostri-servizi\/nos-activites-de-production-3\/","name":"Le nostre attivit\u00e0 di produzione - S\u00e9mioConsult","isPartOf":{"@id":"https:\/\/www.semioconsult.com\/#website"},"datePublished":"2024-08-17T11:31:22+00:00","dateModified":"2026-04-03T11:40:34+00:00","breadcrumb":{"@id":"https:\/\/www.semioconsult.com\/it\/nostri-servizi\/nos-activites-de-production-3\/#breadcrumb"},"inLanguage":"it-IT","potentialAction":[{"@type":"ReadAction","target":["https:\/\/www.semioconsult.com\/it\/nostri-servizi\/nos-activites-de-production-3\/"]}]},{"@type":"BreadcrumbList","@id":"https:\/\/www.semioconsult.com\/it\/nostri-servizi\/nos-activites-de-production-3\/#breadcrumb","itemListElement":[{"@type":"ListItem","position":1,"name":"Accueil","item":"https:\/\/www.semioconsult.com\/en\/"},{"@type":"ListItem","position":2,"name":"Nostri servizi","item":"https:\/\/www.semioconsult.com\/it\/nostri-servizi\/"},{"@type":"ListItem","position":3,"name":"Le nostre attivit\u00e0 di produzione"}]},{"@type":"WebSite","@id":"https:\/\/www.semioconsult.com\/#website","url":"https:\/\/www.semioconsult.com\/","name":"S\u00e9mioConsult","description":"Cabinet de conseil","publisher":{"@id":"https:\/\/www.semioconsult.com\/#organization"},"potentialAction":[{"@type":"SearchAction","target":{"@type":"EntryPoint","urlTemplate":"https:\/\/www.semioconsult.com\/?s={search_term_string}"},"query-input":"required name=search_term_string"}],"inLanguage":"it-IT"},{"@type":"Organization","@id":"https:\/\/www.semioconsult.com\/#organization","name":"S\u00e9mioConsult","url":"https:\/\/www.semioconsult.com\/","logo":{"@type":"ImageObject","inLanguage":"it-IT","@id":"https:\/\/www.semioconsult.com\/#\/schema\/logo\/image\/","url":"https:\/\/www.semioconsult.com\/wp-content\/uploads\/2020\/01\/logo-semioconsult.png","contentUrl":"https:\/\/www.semioconsult.com\/wp-content\/uploads\/2020\/01\/logo-semioconsult.png","width":1300,"height":500,"caption":"S\u00e9mioConsult"},"image":{"@id":"https:\/\/www.semioconsult.com\/#\/schema\/logo\/image\/"}}]}},"_links":{"self":[{"href":"https:\/\/www.semioconsult.com\/it\/wp-json\/wp\/v2\/pages\/5480"}],"collection":[{"href":"https:\/\/www.semioconsult.com\/it\/wp-json\/wp\/v2\/pages"}],"about":[{"href":"https:\/\/www.semioconsult.com\/it\/wp-json\/wp\/v2\/types\/page"}],"author":[{"embeddable":true,"href":"https:\/\/www.semioconsult.com\/it\/wp-json\/wp\/v2\/users\/2"}],"replies":[{"embeddable":true,"href":"https:\/\/www.semioconsult.com\/it\/wp-json\/wp\/v2\/comments?post=5480"}],"version-history":[{"count":17,"href":"https:\/\/www.semioconsult.com\/it\/wp-json\/wp\/v2\/pages\/5480\/revisions"}],"predecessor-version":[{"id":5715,"href":"https:\/\/www.semioconsult.com\/it\/wp-json\/wp\/v2\/pages\/5480\/revisions\/5715"}],"up":[{"embeddable":true,"href":"https:\/\/www.semioconsult.com\/it\/wp-json\/wp\/v2\/pages\/1629"}],"wp:attachment":[{"href":"https:\/\/www.semioconsult.com\/it\/wp-json\/wp\/v2\/media?parent=5480"}],"curies":[{"name":"wp","href":"https:\/\/api.w.org\/{rel}","templated":true}]}}